		{"id":8,"date":"2014-04-19T18:37:26","date_gmt":"2014-04-19T16:37:26","guid":{"rendered":"http:\/\/norus-regnskap.no\/?page_id=8"},"modified":"2020-02-07T14:06:09","modified_gmt":"2020-02-07T13:06:09","slug":"servicii-contabile","status":"publish","type":"page","link":"https:\/\/norus-regnskap.no\/ro\/servicii-contabile\/","title":{"rendered":"Servicii Contabile"},"content":{"rendered":"<p><img loading=\"lazy\" decoding=\"async\" class=\"alignright wp-image-248 size-full\" title=\"Accounting services\" src=\"\/en\/wp-content\/uploads\/sites\/5\/2015\/05\/accounting-services-w600px.jpg\" alt=\"Accounting services\" width=\"600\" height=\"400\" \/><strong>V\u0103 punem la dispozi\u0163ie toate serviciile de contabilitate pentru \u00eentreprinderile mici \u015fi mijlocii din Norvegia.<\/strong><\/p>\n<p><strong>Serviciile noastre de contabilitate:<\/strong><\/p>\n<ul>\n<li>Servicii de contabilitate de la A la Z;<\/li>\n<li>\u00cenregistrare corporativ\u0103;<\/li>\n<li>Lichidare;<\/li>\n<li>Consultan\u021b\u0103 fiscal\u0103;<\/li>\n<li>Bugetare;<\/li>\n<li>Facturare, memento-uri \u0219i colectare a datoriilor;<\/li>\n<li>Decontul pe taxa de afaceri;<\/li>\n<li>Declara\u0163ii anuale.<\/li>\n<\/ul>\n<h2 style=\"color: #bd0f0c\">Servicii de contabilitate de la A la Z<\/h2>\n<p>V\u0103 punem la dispozi\u0163ie toate serviciile de contabilitate, \u00een conformitate cu reglement\u0103rile norvegiene. NORUS Regnskapsbyr\u00e5 este membru Narf, ceea ce confirm\u0103 calitatea serviciilor respect\u00e2nd reglement\u0103rile norvegiene.<\/p>\n<p>Executam toate serviciile contabile necesare unei companii,- calculul impozitului, \u00eentocmirea declara\u021biei TVA, calculul salariilor, contabilizarea tuturor documentelor de intrare \u0219i de ie\u0219ire.<\/p>\n<p>\u00cen echipa noastr\u0103 lucreaz\u0103 exper\u021bi contabili cu vasta experien\u021b\u0103 \u00een lucrul cu diverse companii din diferite industrii din Norvegia, precum \u0219i cu companii interna\u021bionale \u0219i cu filialele acestora din Norvegia.<\/p>\n<p><strong>\u00cen plus fa\u021b\u0103 de serviciile de contabilitate de baz\u0103, v\u0103 oferim si servicii care v\u0103 vor face sa economisesti timp \u0219i vor simplifica contabilitatea companiei dv.<\/strong><\/p>\n<h2 style=\"color: #bd0f0c\">\u00cenregistrare corporativ\u0103<\/h2>\n<p>Oferim consultan\u021b\u0103 pentru alegerea celei mai potrivite forme de societate in func\u0163ie de tipul de afacere, profitul estimat, tipul de serviciu oferit. Noi preg\u0103tim toat\u0103 documenta\u021bia \u0219i v\u0103 asist\u0103m pas cu pas in procesul de \u00eenregistrare al noii companii.<\/p>\n<p><strong>\u00cenregistr\u0103m toate tipurile de \u00eentreprinderi:<\/strong><\/p>\n<ul>\n<li>Persoana fizica autorizat\u0103;<\/li>\n<li>Societate cu r\u0103spundere limitat\u0103;<\/li>\n<li>Societate pe ac\u021biuni;<\/li>\n<li>Filiala norvegian\u0103 a unei \u00eentreprinderi str\u0103ine.<\/li>\n<\/ul>\n<div class=\"iconbox\" style=\"background:#FFEDED;color:#000000;\">\n<p style=\"text-align: center\"><strong>De asemenea, ne-am specializat \u00een domeniul serviciilor financiare pentru companiile str\u0103ine care doresc s\u0103 \u00eenceap\u0103 sau au \u00eenceput activitatea \u00een Norvegia.<\/strong> <a href=\"http:\/\/norus-regnskap.no\/ro\/companii-straine\/\" class=\"gw-btn gwb-red\" title=\"Afla\u021bi mai multe aici\">Afla\u021bi mai multe aici<i class=\"fa-arrow-circle-right\"><\/i><\/a>\n<\/div>\n<h2 style=\"color: #bd0f0c\">Lichidare<\/h2>\n<p>Dac\u0103 a\u021bi decis s\u0103 \u00eentrerupeti afacerea \u00een Norvegia, trebuie s\u0103 fi\u021bi con\u0219tien\u021bi de faptul c\u0103 regulile de lichidare, anulare \u0219i \u00eencetare a unei afaceri este diferit\u0103 \u00een func\u021bie de forma juridic\u0103, cauzele de lichidare \u0219i de alte circumstan\u0163e.<\/p>\n<p>Avem consilieri care v\u0103 pot ajuta s\u0103 preg\u0103titi toate documentele necesare \u0219i v\u0103 vor explica procesul de lichidare.<\/p>\n<p>&nbsp;<\/p>\n<h2 style=\"color: #bd0f0c\">Consultan\u021b\u0103 fiscal\u0103<\/h2>\n<p>V\u0103 putem ajuta cu sfaturi financiar- contabile, legate de optimizarea \u0219i reglementarea pl\u0103\u021bii impozitelor.<\/p>\n<p>Pregatim raportele fiscale, \u00een conformitate cu cerintele Declara\u021biei pe venit 1 \u0219i 2, respect\u00e2nd termenele legale de trimitere. Oferim ajutor pentru optimizare fiscal\u0103 \u0219i preg\u0103tirea planului de impozitare conform specificului companiei. Acest lucru este deosebit de important mai ales pentru \u00eentreprinderile angajate \u00een v\u00e2nz\u0103ri \u0219i parteneri lor interna\u021bionali de afaceri, clien\u021bi \u0219i furnizori.<\/p>\n<p>Clien\u021bii no\u0219trii ne pot contacta \u00een orice moment pentru a ob\u021bine r\u0103spunsuri la \u00eentreb\u0103rile lor si\/sau pentru a stabili o programare pentru consultan\u021b\u0103.<\/p>\n<h2 style=\"color: #bd0f0c\">Bugetare<\/h2>\n<p><img loading=\"lazy\" decoding=\"async\" class=\"alignright wp-image-275 size-full\" title=\"Budgeting\" src=\"\/en\/wp-content\/uploads\/sites\/5\/2015\/05\/budgeting-w600x400px.jpg\" alt=\"Budgeting\" width=\"600\" height=\"400\" \/><\/p>\n<p>V\u0103 putem ajuta cu bugetarea \u015fi cu managementul financiar, \u00een conformitate cu specifica\u021biile firmei, obiectivele financiare etc,<\/p>\n<p>Bugetarea profesional\u0103 v\u0103 permite s\u0103 controla\u021bi performan\u021ba financiar\u0103 a companiei, eficien\u021ba opera\u021bional\u0103 \u0219i atingerea scopurilor.<\/p>\n<h2 style=\"color: #bd0f0c\">Facturare, memento-uri \u0219i colectarea datoriilor<\/h2>\n<p>Facem facturi pe baza informa\u0163iilor primite de la client \u015fi le trimitem c\u0103tre clien\u021bii s\u0103i, fie prin po\u0219t\u0103 fie prin e-mail. Putem monitoriza plata la timp a facturilor. Putem contacta clien\u0163ii, dac\u0103 este necesar, pentru a le reaminti plata facturilor.<\/p>\n<p>De exemplu, \u00een fiecare lun\u0103 ne asigur\u0103m preg\u0103tirea \u0219i trimiterea de facturi ale unei gr\u0103dini\u021be private &#8211; calcul\u0103m valoarea fiec\u0103rei facturi; le preg\u0103tim, le trimitem \u0219i control\u0103m statusul de plat\u0103.<\/p>\n<h2 style=\"color: #bd0f0c\">Decontul pe taxa de afaceri \u0219i persoane fizice<\/h2>\n<p>Ne ocup\u0103m de pregatirea declara\u021biilor fiscale anuale pentru prezentarea c\u0103tre autorit\u0103\u021bile fiscale. Tot ce trebuie s\u0103 face\u021bi este s\u0103 aduna\u0163i toate chitan\u021bele necesare \u015fi s\u0103 le preda\u0163i unuia dintre contabilii no\u0219tri, astfel \u00eenc\u00e2t acesta s\u0103 poat\u0103 completa formularul de returnare a taxelor. Vei economisi timp \u0219i vei evita situa\u021biile nepl\u0103cute care pot ap\u0103rea atunci c\u00e2nd rapoartele \u00eentocmite sunt insuficiente sau incorecte.<\/p>\n<h2 style=\"color: #bd0f0c\">Final de an<\/h2>\n<p>\u00cen conformitate cu reglement\u0103rile norvegiene \u00een elaborarea raportului anual, includem raportul de final de an, o descriere general\u0103 a activit\u0103\u021bilor, informa\u021bii cu privire la obiectivele de performan\u021b\u0103 financiar\u0103, structura organizatoric\u0103, pozi\u021bia pe pia\u021b\u0103, pozi\u021bia financiar\u0103, situa\u021bia veniturilor \u0219i a fluxului de numerar.<\/p>\n<p><strong>Pregatirea rapoartelor anuale pentru toate tipurile de \u00eentreprinderi:<\/strong><\/p>\n<ul>\n<li>Persoana fizica autorizat\u0103;<\/li>\n<li>Societate cu r\u0103spundere limitat\u0103;<\/li>\n<li>Societate pe ac\u021biuni;<\/li>\n<li>Filiala a unei firme str\u0103ine.<\/li>\n<\/ul>\n<p>Contabilii no\u0219tri au cuno\u0219tin\u021be \u0219i experien\u021b\u0103 \u00een preg\u0103tirea rapoartelor anuale pentru diverse tipuri de companii cu diferite forme de organizare.<\/p>\n<p>Chiar \u0219i \u00een cazul \u00een care contabilitatea firmei tale este \u0163inuta de c\u0103tre o alt\u0103 companie\/ persoan\u0103, pute\u021bi solicita \u00eentocmirea rapoartelor anuale de c\u0103tre Norus Regnskapsbyr\u00e5 AS.<\/p>\n<div class=\"clearboth\"><\/div><section class=\"cta\" style=\"border:1px solid #e4e4e4;background:#FFEDED;\">\n<p style=\"text-align: center\"><strong>Afla\u021bi mai multe despre serviciile noastre!<\/strong> <a href=\"http:\/\/norus-regnskap.no\/ro\/contact\/\" class=\"gw-btn gwb-red\" title=\"V\u0103 rug\u0103m s\u0103 ne contacta\u021bi!\">V\u0103 rug\u0103m s\u0103 ne contacta\u021bi!<i class=\"fa-arrow-circle-right\"><\/i><\/a>\n<\/section>\n","protected":false},"excerpt":{"rendered":"<p>V\u0103 punem la dispozi\u0163ie toate serviciile de contabilitate pentru \u00eentreprinderile mici \u015fi mijlocii din Norvegia. Serviciile noastre de contabilitate: Servicii de contabilitate de la A la Z; \u00cenregistrare corporativ\u0103; Lichidare; Consultan\u021b\u0103 fiscal\u0103; Bugetare; Facturare, memento-uri \u0219i colectare a datoriilor; Decontul pe taxa de afaceri; Declara\u0163ii anuale. Servicii de contabilitate de la A la Z V\u0103 [&hellip;]<\/p>\n","protected":false},"author":1,"featured_media":0,"parent":0,"menu_order":0,"comment_status":"closed","ping_status":"closed","template":"template-fullwidth.php","meta":{"_mi_skip_tracking":false,"_monsterinsights_sitenote_active":false,"_monsterinsights_sitenote_note":"","_monsterinsights_sitenote_category":0,"footnotes":""},"_links":{"self":[{"href":"https:\/\/norus-regnskap.no\/ro\/wp-json\/wp\/v2\/pages\/8"}],"collection":[{"href":"https:\/\/norus-regnskap.no\/ro\/wp-json\/wp\/v2\/pages"}],"about":[{"href":"https:\/\/norus-regnskap.no\/ro\/wp-json\/wp\/v2\/types\/page"}],"author":[{"embeddable":true,"href":"https:\/\/norus-regnskap.no\/ro\/wp-json\/wp\/v2\/users\/1"}],"replies":[{"embeddable":true,"href":"https:\/\/norus-regnskap.no\/ro\/wp-json\/wp\/v2\/comments?post=8"}],"version-history":[{"count":8,"href":"https:\/\/norus-regnskap.no\/ro\/wp-json\/wp\/v2\/pages\/8\/revisions"}],"predecessor-version":[{"id":749,"href":"https:\/\/norus-regnskap.no\/ro\/wp-json\/wp\/v2\/pages\/8\/revisions\/749"}],"wp:attachment":[{"href":"https:\/\/norus-regnskap.no\/ro\/wp-json\/wp\/v2\/media?parent=8"}],"curies":[{"name":"wp","href":"https:\/\/api.w.org\/{rel}","templated":true}]}}