		{"id":6,"date":"2014-04-19T18:37:13","date_gmt":"2014-04-19T16:37:13","guid":{"rendered":"http:\/\/norus-regnskap.no\/?page_id=6"},"modified":"2020-02-07T11:32:08","modified_gmt":"2020-02-07T10:32:08","slug":"forsiden","status":"publish","type":"page","link":"https:\/\/norus-regnskap.no\/ro\/","title":{"rendered":"Acas\u0103"},"content":{"rendered":"<\/div><\/div><div class=\"contentbar\" style=\"\"><section class=\"contentbar-section\" style=\"background-color:#FFF7FB;\"><div class=\"container\">\n<h1 style=\"text-align: center;margin-bottom: 15px\"><strong>Serviciile noastre<\/strong><\/h1>\n<p style=\"text-align: center\">Oferim toate serviciile contabile pentru \u00eentreprinderile mici \u015fi mijlocii \u2013 \u00eenregistrare, rapoarte financiar-contabile, impozitare, bugetare, facturare, colectare datorii, declara\u0163ii pe venit \u015fi rapoarte anuale. Oferim pachetul complet de servicii de contabilitate pentru ca tu s\u0103 po\u0163i s\u0103 te focusezi firma ta.<\/p>\n<\/div><\/section><\/div><div class=\"container\"><div class=\"content\">\n<\/div><\/div><div class=\"contentbar\" style=\"\"><section class=\"contentbar-section\" style=\"\"><img decoding=\"async\" src=\"\/en\/wp-content\/uploads\/sites\/5\/2015\/05\/our-services-bg-w2400-h1718.jpg\" alt=\"\" class=\"contentbar-img\"><div class=\"container\">\n<div class=\"siservice-block \" style=\"width:50%;\" ><div class=\"sis-icon\"  style=\"border:2px solid #d20e1c; color:#d20e1c;\"><i class=\"fa-check-square-o\"><\/i><\/div><div class=\"siservice-content\" >\n<h2>Servicii contabile<\/h2>\n<p>Contabilitate de la A la Z pentru \u00eentrprinderile mici \u015fi mijlocii- \u00eenregistrare, rapoarte contabile, planificare financiar\u0103, impozite. Toate acestea pentru ca tu s\u0103 te poti ocupa de afacerea ta<\/p>\n<a href=\"http:\/\/norus-regnskap.no\/ro\/servicii-contabile\/\" class=\"gw-btn gwb-red\" title=\"More\">More<i class=\"fa-arrow-circle-right\"><\/i><\/a>\n<\/div><div class=\"siservice-bottom-line \"><\/div><\/div>\n<div class=\"siservice-block \" style=\"width:50%;\" ><div class=\"sis-icon\"  style=\"border:2px solid #d20e1c; color:#d20e1c;\"><i class=\"fa-check-square-o\"><\/i><\/div><div class=\"siservice-content\" >\n<h2>Companii str\u00e3ine<\/h2>\n<p>Ajut\u0103m companiile str\u0103ine s\u0103 \u00ee\u015fi deschid\u0103 filial\u0103 \u015fi s\u0103 functioneze \u00een Norvegia. Contabilii no\u015ftrii au experien\u0163\u0103 interna\u0163ional\u0103 \u015fi vorbesc numeroase limbi str\u0103ine. Noi v\u0103 \u00eenregistr\u0103m firma \u015fi v\u0103 oferim servicii de contabilitate de la A la Z.<\/p>\n<a href=\"http:\/\/norus-regnskap.no\/ro\/companii-straine\/\" class=\"gw-btn gwb-red\" title=\"More\">More<i class=\"fa-arrow-circle-right\"><\/i><\/a>\n<\/div><div class=\"siservice-bottom-line \"><\/div><\/div>\n<hr class=\"gw-divider clearboth\" \/>\n<div class=\"siservice-block \" style=\"width:50%;\" ><div class=\"sis-icon\"  style=\"border:2px solid #d20e1c; color:#d20e1c;\"><i class=\"fa-check-square-o\"><\/i><\/div><div class=\"siservice-content\" >\n<h2>Consultan\u0163a Fiscal\u00e3<\/h2>\n<p>Indiferent dac\u0103 sunte\u0163i clientul nostru sau al unui alt birou de contabilitate,pute\u0163i vorbi mereu cu speciali\u015ftii nostrii. Acestia pot avea o alt\u0103 viziune asupra problemei dv, v\u0103 pot oferi o nou\u0103 solu\u0163ie.<\/p>\n<a href=\"http:\/\/norus-regnskap.no\/ro\/servicii-contabile\/\" class=\"gw-btn gwb-red\" title=\"More\">More<i class=\"fa-arrow-circle-right\"><\/i><\/a>\n<\/div><div class=\"siservice-bottom-line \"><\/div><\/div>\n<div class=\"siservice-block \" style=\"width:50%;\" ><div class=\"sis-icon\"  style=\"border:2px solid #d20e1c; color:#d20e1c;\"><i class=\"fa-check-square-o\"><\/i><\/div><div class=\"siservice-content\" >\n<h2>Declara\u0163ii pe venit \u2013 pentru persoane private<\/h2>\n<p>Fiecare are propria specializare. Contabilii no\u015ftrii sunt speciali\u015fti \u00een numere, chitan\u0163e, rapoarte. Prin urmare, ei v\u0103 pot ajuta cu mare placere s\u0103 completa\u0163i declara\u0163ia pe venit.<\/p>\n<a href=\"http:\/\/norus-regnskap.no\/ro\/servicii-contabile\/\" class=\"gw-btn gwb-red\" title=\"More\">More<i class=\"fa-arrow-circle-right\"><\/i><\/a>\n<\/div><div class=\"siservice-bottom-line \"><\/div><\/div>\n<hr class=\"gw-divider clearboth\" \/>\n<\/div><\/section><\/div><div class=\"container\"><div class=\"content\">\n<\/div><\/div><div class=\"contentbar\" style=\"\"><section class=\"contentbar-section\" style=\"background-color:#f8f8f8;\"><div class=\"container\">\n<h2 style=\"text-align: center\"><strong>De ce o s\u0103 v\u0103 plac\u0103 s\u0103 lucra\u0163i cu noi?<\/strong><\/h2>\n<hr class=\"gw-divider clearboth\" \/>\n<div class='content-column one_third'><div class=\"liservice-block\"><div class=\"lis-icon\"><i class=\"fa-sort-alpha-asc\" ><\/i><\/div><div class=\"liservice-content\">\n<h3>Contabilitate de la A la Z<\/h3>\n<p>V\u0103 oferim servicii de contabilitate de la A la Z \u2013 de la \u00eenfiin\u0163area companiei, la contabilizarea documentelor p\u00e2n\u0103 la solu\u0163ii de lichidare a companiei.<br \/>\n<\/div><\/div><\/div>\n<div class='content-column one_third'><div class=\"liservice-block\"><div class=\"lis-icon\"><i class=\"fa-star\" ><\/i><\/div><div class=\"liservice-content\">\n<h3>Calitate \u015fi precizie<\/h3>\n<p>Firma noastr\u0103 este membr\u0103 NARF ceea ce garanteaz\u0103 calitatea serviciilor oferite cu respectarea standerdelor norvegiene.\u00a0<\/div><\/div><\/div>\n<div class='content-column one_third last_column'><div class=\"liservice-block\"><div class=\"lis-icon\"><i class=\"fa-lightbulb-o\" ><\/i><\/div><div class=\"liservice-content\">\n<h3>Contabili foarte bine pregati\u0163i<\/h3>\n<p>Contabilii no\u015ftri sunt la zi cu modificarile legale\/ fiscale \u0219i v\u0103 informeza \u00een timp util \u00een cazul \u00een care acestea ar afecta afacerea dv.<\/div><\/div><\/div><div class='clear_column'><\/div>\n<div class='content-column one_third'><div class=\"liservice-block\"><div class=\"lis-icon\"><i class=\"fa-money\" ><\/i><\/div><div class=\"liservice-content\">\n<h3>Condi\u0163ii de plat\u0103 avantajoase<\/h3>\n<p>Calcul\u0103m pre\u0163urile in functie de nevoile fiec\u0103rui client, \u015fi \u00eentotdeauna se alege modalitatea de plata cea mai convenabil\u0103 clientului.<\/div><\/div><\/div>\n<div class='content-column one_third'><div class=\"liservice-block\"><div class=\"lis-icon\"><i class=\"fa-globe\" ><\/i><\/div><div class=\"liservice-content\">\n<h3>Experien\u0163\u0103 cu multiple companii interna\u0163ionale<\/h3>\n<p>Contabilii no\u0219tri au o bun\u0103 cunoa\u0219tere a fluxurilor financiare interna\u021bionale \u0219i a contabilitatii.<\/div><\/div><\/div>\n<div class='content-column one_third last_column'><div class=\"liservice-block\"><div class=\"lis-icon\"><i class=\"fa-flag\" ><\/i><\/div><div class=\"liservice-content\">\n<h3>Vorbim numeroase limbi str\u0103ine<\/h3>\n<p>Multe din firmele str\u0103ine ne contacteaz\u0103 datorit\u0103 faptului c\u0103 angaja\u0163ii no\u015ftrii vorbesc norvegiana, engleza, rusa, spaniona, romana.<\/div><\/div><\/div><div class='clear_column'><\/div>\n<\/div><\/section><\/div><div class=\"container\"><div class=\"content\">\n<div class=\"clearboth\"><\/div>\n<h2 style=\"text-align: center;margin-top: 25px\"><strong>Clien\u0163i mul\u0163umi\u0163i<\/strong><\/h2>\nNo shortcode ID found\n<p style=\"text-align: right\"><a href=\"http:\/\/norus-regnskap.no\/ro\/referinte\/\" class=\"gw-btn gwb-red\" title=\"Citeste mai multe referinte\">Citeste mai multe referinte<i class=\"fa-arrow-circle-right\"><\/i><\/a>\n<h2 style=\"text-align: center\">Ai nevoie de ajutor sau ai \u00eentreb\u0103ri?<\/h2>\n<div class=\"clearboth\"><\/div><section class=\"cta\" style=\"border:1px solid #e4e4e4;background:#FFEDED;\">\n<p style=\"text-align: center\"><strong>Sun\u0103-ne sau scrie-ne pentru a ob\u0163ine r\u0103spunsuri la \u00eentreb\u0103rile tale. Contabilii no\u015ftrii i\u0163i r\u0103spund cu mare pl\u0103cere.<\/strong>\u00a0<a href=\"http:\/\/norus-regnskap.no\/ro\/contact\/\" class=\"gw-btn gwb-red\" title=\"Contactez\u0103-ne\">\u00a0Contactez\u0103-ne<i class=\"fa-arrow-circle-right\"><\/i><\/a>\n<\/section>\n<p>&nbsp;<\/p>\n","protected":false},"excerpt":{"rendered":"<p>Clien\u0163i mul\u0163umi\u0163i Ai nevoie de ajutor sau ai \u00eentreb\u0103ri? &nbsp;<\/p>\n","protected":false},"author":1,"featured_media":0,"parent":0,"menu_order":0,"comment_status":"closed","ping_status":"open","template":"template-homepage.php","meta":{"_mi_skip_tracking":false,"_monsterinsights_sitenote_active":false,"_monsterinsights_sitenote_note":"","_monsterinsights_sitenote_category":0,"footnotes":""},"_links":{"self":[{"href":"https:\/\/norus-regnskap.no\/ro\/wp-json\/wp\/v2\/pages\/6"}],"collection":[{"href":"https:\/\/norus-regnskap.no\/ro\/wp-json\/wp\/v2\/pages"}],"about":[{"href":"https:\/\/norus-regnskap.no\/ro\/wp-json\/wp\/v2\/types\/page"}],"author":[{"embeddable":true,"href":"https:\/\/norus-regnskap.no\/ro\/wp-json\/wp\/v2\/users\/1"}],"replies":[{"embeddable":true,"href":"https:\/\/norus-regnskap.no\/ro\/wp-json\/wp\/v2\/comments?post=6"}],"version-history":[{"count":11,"href":"https:\/\/norus-regnskap.no\/ro\/wp-json\/wp\/v2\/pages\/6\/revisions"}],"predecessor-version":[{"id":708,"href":"https:\/\/norus-regnskap.no\/ro\/wp-json\/wp\/v2\/pages\/6\/revisions\/708"}],"wp:attachment":[{"href":"https:\/\/norus-regnskap.no\/ro\/wp-json\/wp\/v2\/media?parent=6"}],"curies":[{"name":"wp","href":"https:\/\/api.w.org\/{rel}","templated":true}]}}