		{"id":53,"date":"2014-04-30T11:26:01","date_gmt":"2014-04-30T09:26:01","guid":{"rendered":"http:\/\/norus-regnskap.no\/?page_id=53"},"modified":"2020-02-07T10:59:01","modified_gmt":"2020-02-07T09:59:01","slug":"preturi","status":"publish","type":"page","link":"https:\/\/norus-regnskap.no\/ro\/preturi\/","title":{"rendered":"Pre\u0163uri"},"content":{"rendered":"<h2 style=\"text-align: center;color: #bd0f0c\"><strong>V\u0103 oferim dou\u0103 planuri de plat\u0103<\/strong><\/h2>\n<p style=\"text-align: center\"><strong>Pre\u021bul final depinde de tipul si complexitatea serviciului efectuat pentru afacerea ta. <\/strong><br \/>\n<hr class=\"gw-divider clearboth\" \/>\n<div class='content-column one_half'><div class=\"liservice-block\"><div class=\"lis-icon\"><i class=\"fa-calendar\" ><\/i><\/div><div class=\"liservice-content\">\n<h3 style=\"text-align: left;color: #bd0f0c\"><strong>Tax\u0103 lunar\u0103 fix\u0103<\/strong><\/h3>\n<h4>Carei firme i se potrive\u015fe o astfel de tax\u0103?<\/h4>\n<p>Taxa lunar\u0103 fix\u0103 \u200b\u200beste adecvat\u0103 acelor companii cu o activitate constant\u0103, previzibil\u0103, cu aproximativ acela\u015fi volum al tranzac\u0163iilor lunare.<\/p>\n<h4>Cum se calculeaz\u0103 pre\u021bul lunar?<\/h4>\n<p>\u00cen func\u021bie de tipul de societate \u0219i valoarea estimat\u0103 a documentelor, ne punem de acord la \u00eenceputul colabor\u0103rii noastre, asupra unei taxe lunare fixe.<\/p>\n<p><strong>Beneficiile de a alege taxa lunar\u0103 fix\u0103:<\/strong><\/p>\n<ul>\n<li>\u0218tii \u00eentotdeauna c\u00e2t anume ai de plat\u0103 pentru serviciile primite;<\/li>\n<li>Ai posibilitatea de a adauga serviciilor de baz\u0103 \u0219i alte servicii suplimentare, dac\u0103 este necesar.<\/li>\n<\/ul>\n<\/div><\/div><\/div><div class='content-column one_half last_column'><div class=\"liservice-block\"><div class=\"lis-icon\"><i class=\"fa-cogs\" ><\/i><\/div><div class=\"liservice-content\">\n<h3 style=\"text-align: left;color: #bd0f0c\"><strong>Tax\u0103 lunar\u0103 variabil\u0103<\/strong><\/h3>\n<h4>Carei firme i se potrive\u015fe o astfel de tax\u0103?<\/h4>\n<p>Tax\u0103 lunar\u0103 variabil\u0103 se potriveste acelor companii a c\u0103ror activitate variaz\u0103 foarte mult de la o luna la alta, precum \u0219i acelora care doresc s\u0103 delege responsabilit\u0103\u021bi suplimentare contabililor no\u0219tri.<\/p>\n<h4>Cum se calculeaz\u0103 pre\u021bul lunar?<\/h4>\n<p>La \u00eenceputul colabor\u0103rii se stabile\u015fte un tarif pe ora, serviciile suplimentare ce se taxeaz\u0103 separat. \u00een func\u0163ie de diferite condi\u021bii va putem da un pre\u0163 lunar orientativ.<br \/>\nPre\u021bul final este calculat in func\u0163ie de timpul folosit de contabilul nostru pentru a afacerea dv.<\/p>\n<p><strong>Beneficiile de a alege taxa lunar\u0103 variabil\u0103:<\/strong><\/p>\n<ul>\n<li>Ave\u021bi posibilitatea de a delega, \u00een orice moment, diverse sarcini contabililor no\u0219tri, \u00een orice moment;<\/li>\n<li>Pre\u021bul serviciului este propor\u021bional cu activitatea firmei.<\/li>\n<\/ul>\n<\/div><\/div><\/div><div class='clear_column'><\/div>\n<p style=\"text-align: center\"><strong>Indiferent de metoda de plat\u0103 aleas\u0103, \u00eentotdeauna se poate discuta modificarea tipului de serviciu ales, astfel \u00a0\u00eencat s\u0103 se potriveasc\u0103 cel mai bine \u00a0afacerii dv.<\/strong><\/p>\n<div class=\"clearboth\"><\/div><section class=\"cta\" style=\"border:1px solid #e4e4e4;background:#FFEDED;\">\n<p style=\"text-align: center\"><strong>Vrei s\u0103 afli mai multe despre serviciile noastre? I Suntem bucuro\u0219i s\u0103 i\u0163i r\u0103spundem. <\/strong><a href=\"http:\/\/norus-regnskap.no\/en\/contact\/\" class=\"gw-btn gwb-red\" title=\"Contacteaz\u0103-ne!\">Contacteaz\u0103-ne!<i class=\"fa-arrow-circle-right\"><\/i><\/a>\n<p style=\"text-align: center\"><\/section>\n","protected":false},"excerpt":{"rendered":"<p>V\u0103 oferim dou\u0103 planuri de plat\u0103 Pre\u021bul final depinde de tipul si complexitatea serviciului efectuat pentru afacerea ta. Indiferent de metoda de plat\u0103 aleas\u0103, \u00eentotdeauna se poate discuta modificarea tipului de serviciu ales, astfel \u00a0\u00eencat s\u0103 se potriveasc\u0103 cel mai bine \u00a0afacerii dv.<\/p>\n","protected":false},"author":1,"featured_media":0,"parent":0,"menu_order":0,"comment_status":"closed","ping_status":"open","template":"template-fullwidth.php","meta":{"_mi_skip_tracking":false,"_monsterinsights_sitenote_active":false,"_monsterinsights_sitenote_note":"","_monsterinsights_sitenote_category":0,"footnotes":""},"_links":{"self":[{"href":"https:\/\/norus-regnskap.no\/ro\/wp-json\/wp\/v2\/pages\/53"}],"collection":[{"href":"https:\/\/norus-regnskap.no\/ro\/wp-json\/wp\/v2\/pages"}],"about":[{"href":"https:\/\/norus-regnskap.no\/ro\/wp-json\/wp\/v2\/types\/page"}],"author":[{"embeddable":true,"href":"https:\/\/norus-regnskap.no\/ro\/wp-json\/wp\/v2\/users\/1"}],"replies":[{"embeddable":true,"href":"https:\/\/norus-regnskap.no\/ro\/wp-json\/wp\/v2\/comments?post=53"}],"version-history":[{"count":7,"href":"https:\/\/norus-regnskap.no\/ro\/wp-json\/wp\/v2\/pages\/53\/revisions"}],"predecessor-version":[{"id":750,"href":"https:\/\/norus-regnskap.no\/ro\/wp-json\/wp\/v2\/pages\/53\/revisions\/750"}],"wp:attachment":[{"href":"https:\/\/norus-regnskap.no\/ro\/wp-json\/wp\/v2\/media?parent=53"}],"curies":[{"name":"wp","href":"https:\/\/api.w.org\/{rel}","templated":true}]}}