		{"id":32,"date":"2014-04-30T09:02:49","date_gmt":"2014-04-30T07:02:49","guid":{"rendered":"http:\/\/norus-regnskap.no\/?page_id=32"},"modified":"2020-02-07T11:16:21","modified_gmt":"2020-02-07T10:16:21","slug":"companii-straine","status":"publish","type":"page","link":"https:\/\/norus-regnskap.no\/ro\/companii-straine\/","title":{"rendered":"Companii Str\u0103ine"},"content":{"rendered":"<p style=\"text-align: center\"><strong>Oferim ajutor la \u00eenfiin\u021barea de societ\u0103\u021bi, sucursale sau filiale \u00een Norvegia ale \u00eentreprinderilor str\u0103ine.<\/strong><\/p>\n<p>Am ajutat la deschiderea de numeroase filiale pentru firme est europene. V\u0103 punem la dispozi\u0163ie toate serviciile de contabilitate \u0219i consultan\u0163\u0103 financiar\u0103 pentru aceste companii!<\/p>\n<p>Contabilii no\u0219tri vorbesc diferite limbi str\u0103ine, astfel \u00eenc\u00e2t s\u0103 poat\u0103 comunica dv, \u0219i s\u0103 reprezinte interesele dvs. \u00een Norvegia, chiar dac\u0103 dv nu vorbi\u0163i norvegian\u0103.<\/p>\n<p>V\u0103 consult\u0103m \u00eenainte de \u00eenfiin\u021barea societ\u0103\u021bii \u015fi v\u0103 furniz\u0103m toate serviciile financiar-contabile necesare pentru ca firma dv. s\u0103 i\u015fi poat\u0103 realiza activitatea \u00een Norvegia \u00een conformitate cu legile norvegiene.<\/p>\n<ul>\n<li>\u00cenregistrare societ\u0103\u021bii \u00een Norvegia;<\/li>\n<li>Reprezentarea fiscal\u0103;<\/li>\n<li>\u00cenregistrarea angaja\u0163ilor \u00een Norvegia;<\/li>\n<li>Solicitarea numarului de identificare (echivalentul c\u0103r\u0163ii de identitate);<\/li>\n<li>Facturare;<\/li>\n<li>Planificarea\/ Bugetare;<\/li>\n<li>Consultan\u021b\u0103 fiscal\u0103.<\/li>\n<\/ul>\n<h2 style=\"color: #bd0f0c\">\u00cenregistarea firmei in Norvegia<\/h2>\n<p><img loading=\"lazy\" decoding=\"async\" class=\"alignright wp-image-306 size-full\" title=\"Registration of the company in Norway\" src=\"\/en\/wp-content\/uploads\/sites\/5\/2015\/05\/registration-of-the-company-in-norway-600x400.jpg\" alt=\"Registration of the company in Norway\" width=\"600\" height=\"430\" \/><\/p>\n<p>Noi v\u0103 ajut\u0103m s\u0103 alege\u0163i tipul de companie care se potrive\u015fte cel mai bine firmei din \u0163ara de origine- deschirea unei sucursale sau unei filiale aici \u00een Norvegia.<\/p>\n<p>Ve\u0163i fi de asemenea indruma\u0163i.<\/p>\n<p>Noi preg\u0103tim toate documentele necesare pentru depunerea la Br\u00f8nn\u00f8ysund Register.<\/p>\n<p><strong>\u00cenregistr\u0103m urmatoarele tipuri de companii: <\/strong><\/p>\n<ul>\n<li>Societate cu r\u0103spundere limitat\u0103 (AS);<\/li>\n<li>Filiala a unei companii str\u0103ine (NUF).<\/li>\n<\/ul>\n<h2 style=\"color: #bd0f0c\">Filiala unei companii str\u0103ine (NUF)<\/h2>\n<p>Pentru a \u00eencepe opera\u0163iunile \u00een Norvegia, pute\u0163i \u00eenregistra ca NUF, o form\u0103 de corpora\u021bie creat\u0103 special pentru \u00eentreprinderile str\u0103ine.<\/p>\n<h3 style=\"color: #bd0f0c\">Ce este NUF-ul?<\/h3>\n<p>NUF -ul este o form\u0103 de corpora\u0163ie special\u0103,\u00a0care este creat\u0103 pentru companiile str\u0103ine care doresc s\u0103 \u00eenceap\u0103 activitatea \u00een Norvegia. Companiile str\u0103ine care i\u015fi \u00eenregistrez\u0103 filial\u0103 \u00een Norvegia, sunt impozabile \u00een Norvegia \u0219i trebuie respecte reglement\u0103rile norvegiene. Nu este necesar capital social pentru a deschide un NUF.<\/p>\n<p>Speciali\u0219tii no\u0219tri vor fi \u00een m\u0103sur\u0103 s\u0103 v\u0103 explice esen\u0163a NUF, reglement\u0103rile \u00een vigoare \u0219i s\u0103 ajute la preg\u0103tirea documentelor necesare pentru \u00eenregistrarea firmei.<\/p>\n<h2 style=\"color: #bd0f0c\">Reprezentant TVA \u00een Norvegia<\/h2>\n<p>\u00cen cazul \u00een care firmele str\u0103ine dvs. vor func\u021biona cu furnizarea de bunuri \u015fi servicii \u00een Norvegia, impozitul pe profit se calculeaz\u0103 pe acelea\u0219i reguli ca \u0219i la \u00eentreprinderile norvegiene. Dac\u0103 nu dori\u021bi s\u0103 ave\u0163i propriu zis\u0103 a firmei, vom asista \u00een calitate de reprezentant de TVA.<\/p>\n<p>Speciali\u0219tii no\u015ftri v\u0103 vor explica procesul de \u00eenregistrare ca reprezentant al TVA, avantajele \u015fi dezavantajele \u00eenregistr\u0103rii \u0219i a proceselor conexe pentru problemele contabile lunare \u0219i v\u0103 vor explica drepturile \u0219i obliga\u0163iile ambelor companii.<\/p>\n<p style=\"text-align: center\"><strong>V\u0103 rug\u0103m s\u0103 ne <a href=\"http:\/\/norus-regnskap.no\/en\/contact\/\">contacta\u021bi <\/a>dac\u0103 vre\u0163i s\u0103 afla\u0163i mai multe despre aceasta oportunitate!<\/strong><\/p>\n<h2 style=\"color: #bd0f0c\">\u00cenregistrarea muncitorilor \u00een Norvegia<br \/>\n<img loading=\"lazy\" decoding=\"async\" class=\"alignright wp-image-311 size-full\" title=\"Registration of employees in Norway\" src=\"\/en\/wp-content\/uploads\/sites\/5\/2015\/05\/registration-of-employees-in-norway-600x400.jpg\" alt=\"Registration of employees in Norway\" width=\"600\" height=\"400\" \/><\/h2>\n<p>Orice angajat care desf\u0103\u0219oar\u0103 o activitate remunerat\u0103 \u00een compania dumneavoastr\u0103, \u00een Norvegia,trebuie, \u00een conformitate cu reglement\u0103rile norvegiene,s\u0103 fie \u00eenregistrat.<\/p>\n<p>Contractele de munca de cel pu\u021bin \u0219apte zile, cu un minim de patru ore lucrate pe s\u0103pt\u0103m\u00e2n\u0103, trebuie s\u0103 fie raportate la NAV. To\u021bi angaja\u021bii din Norvegia trebuie s\u0103 aib\u0103 c\u0103r\u021bi de identitate ID-kort.<\/p>\n<p>V\u0103 putem ajuta la preg\u0103tirea documentelor necesare pentru \u00eenregistrarea unui nou angajat, V\u0103 consult\u0103M \u0219i v\u0103 inform\u0103m despre obliga\u021biile angajatorilor \u015fi ale angaja\u0163ilor \u00een conformitate cu reglement\u0103rile norvegiene.<\/p>\n<h2 style=\"color: #bd0f0c\">Solicitarea num\u0103rului personal<\/h2>\n<p>Orice persoan\u0103 care lucreaz\u0103 \u00een Norvegia, trebuie s\u0103 aib\u0103 propriul num\u0103r personal.<\/p>\n<p>Asigur\u0103m prezentarea tuturor documentelor necesare pentru ca firma s\u0103 fie eligibil\u0103 de a solicita num\u0103rul personal pentru angaja\u021bii s\u0103i, \u0219i preg\u0103tim toate documentele necesare pentru a le comanda.<\/p>\n<h2 style=\"color: #bd0f0c\">Facturare<\/h2>\n<p>Factur\u0103m \u015fi trimitem factura la destinatar, fie prin po\u0219t\u0103, fie prin e-mail. Singurul lucru f\u0103cut este s\u0103 ne informa\u021bi cu privire la con\u021binutul facturii. Dup\u0103 ce facturile au fost trimise, la solicitare, putem urm\u0103rii plata acestoa. Facturile sunt \u00eenregistrate automat \u00een contabilitatea companiei.<\/p>\n<h2 style=\"color: #bd0f0c\">Bugetare \u015fi planificare<\/h2>\n<p>Gra\u021bie cuno\u0219tin\u021belor sistemului fiscal norvegian \u0219i a reglement\u0103rilor, precum \u0219i a experien\u021biei noastre \u00een lucrul cu alte companii, v\u0103 putem ajuta s\u0103 v\u0103 planifica\u021bi \u00een cel mai favorabil mod bugetul companiei.<\/p>\n<p>Speciali\u015ftii nostri v\u0103 vor consilia pentru o planificare eficient\u0103 a bugetului, \u00eenc\u00e2t sa v\u0103 pute\u021bi realiza planurile financiare mici sau mari pe pia\u0163a norvegian\u0103.<\/p>\n<h2 style=\"color: #bd0f0c\">Consultan\u021b\u0103 fiscal\u0103<\/h2>\n<p>Consiliem firmele str\u0103ine \u00een plata impozitelor \u0219i optimizarea activita\u0163ii \u00een Norvegia.<\/p>\n<p>Preg\u0103tim rapoartele fiscale, \u00een conformitate cu cerin\u0163ele Declara\u0163iei pe venit 1 \u0219i 2, \u0219i ne asigur\u0103m c\u0103 aceasta este trimis\u0103 in termenul legal. Pe baza cuno\u0219tin\u021belor noastre profesionale \u0219i a experien\u021bei noastre \u00een Norvegia, putem asista la crearea unui plan de impozitare conform specificului fiec\u0103rei companii, lucru deosebit de important pentru \u00eentreprinderile str\u0103ine ce presteaz\u0103 servicii \u00een Norvegia.<\/p>\n<p style=\"text-align: center\"><strong>Clien\u021bii no\u0219tri ne pot contacta \u00een orice moment pentru a ob\u021bine r\u0103spunsuri la \u00eentreb\u0103rile lor sau pentru a solicita o programare pentru consultan\u0163\u0103.<\/strong><\/p>\n","protected":false},"excerpt":{"rendered":"<p>Oferim ajutor la \u00eenfiin\u021barea de societ\u0103\u021bi, sucursale sau filiale \u00een Norvegia ale \u00eentreprinderilor str\u0103ine. Am ajutat la deschiderea de numeroase filiale pentru firme est europene. V\u0103 punem la dispozi\u0163ie toate serviciile de contabilitate \u0219i consultan\u0163\u0103 financiar\u0103 pentru aceste companii! Contabilii no\u0219tri vorbesc diferite limbi str\u0103ine, astfel \u00eenc\u00e2t s\u0103 poat\u0103 comunica dv, \u0219i s\u0103 reprezinte interesele [&hellip;]<\/p>\n","protected":false},"author":1,"featured_media":0,"parent":0,"menu_order":0,"comment_status":"closed","ping_status":"open","template":"template-fullwidth.php","meta":{"_mi_skip_tracking":false,"_monsterinsights_sitenote_active":false,"_monsterinsights_sitenote_note":"","_monsterinsights_sitenote_category":0,"footnotes":""},"_links":{"self":[{"href":"https:\/\/norus-regnskap.no\/ro\/wp-json\/wp\/v2\/pages\/32"}],"collection":[{"href":"https:\/\/norus-regnskap.no\/ro\/wp-json\/wp\/v2\/pages"}],"about":[{"href":"https:\/\/norus-regnskap.no\/ro\/wp-json\/wp\/v2\/types\/page"}],"author":[{"embeddable":true,"href":"https:\/\/norus-regnskap.no\/ro\/wp-json\/wp\/v2\/users\/1"}],"replies":[{"embeddable":true,"href":"https:\/\/norus-regnskap.no\/ro\/wp-json\/wp\/v2\/comments?post=32"}],"version-history":[{"count":7,"href":"https:\/\/norus-regnskap.no\/ro\/wp-json\/wp\/v2\/pages\/32\/revisions"}],"predecessor-version":[{"id":700,"href":"https:\/\/norus-regnskap.no\/ro\/wp-json\/wp\/v2\/pages\/32\/revisions\/700"}],"wp:attachment":[{"href":"https:\/\/norus-regnskap.no\/ro\/wp-json\/wp\/v2\/media?parent=32"}],"curies":[{"name":"wp","href":"https:\/\/api.w.org\/{rel}","templated":true}]}}