		{"id":16,"date":"2014-04-19T18:38:27","date_gmt":"2014-04-19T16:38:27","guid":{"rendered":"http:\/\/norus-regnskap.no\/?page_id=16"},"modified":"2026-02-24T15:44:28","modified_gmt":"2026-02-24T14:44:28","slug":"contact","status":"publish","type":"page","link":"https:\/\/norus-regnskap.no\/ro\/contact\/","title":{"rendered":"Contact"},"content":{"rendered":"<div id='responsive-col-1' class='content-column two_third'><h1>Contact<\/h1>\n\n<div class=\"wpcf7 no-js\" id=\"wpcf7-f502-o1\" lang=\"nb-NO\" dir=\"ltr\">\n<div class=\"screen-reader-response\"><p role=\"status\" aria-live=\"polite\" aria-atomic=\"true\"><\/p> <ul><\/ul><\/div>\n<form action=\"\/ro\/wp-json\/wp\/v2\/pages\/16#wpcf7-f502-o1\" method=\"post\" class=\"wpcf7-form init\" aria-label=\"Kontaktskjema\" novalidate=\"novalidate\" data-status=\"init\">\n<div style=\"display: none;\">\n<input type=\"hidden\" name=\"_wpcf7\" value=\"502\" \/>\n<input type=\"hidden\" name=\"_wpcf7_version\" value=\"5.8.2\" \/>\n<input type=\"hidden\" name=\"_wpcf7_locale\" value=\"nb_NO\" \/>\n<input type=\"hidden\" name=\"_wpcf7_unit_tag\" value=\"wpcf7-f502-o1\" \/>\n<input type=\"hidden\" name=\"_wpcf7_container_post\" value=\"0\" \/>\n<input type=\"hidden\" name=\"_wpcf7_posted_data_hash\" value=\"\" \/>\n<input type=\"hidden\" name=\"_wpcf7_recaptcha_response\" value=\"\" \/>\n<\/div>\n<p>Numele t\u0103u (obligatoriu)\n<\/p>\n<p><span class=\"wpcf7-form-control-wrap\" data-name=\"your-name\"><input size=\"30\" maxlength=\"30\" class=\"wpcf7-form-control wpcf7-text wpcf7-validates-as-required\" aria-required=\"true\" aria-invalid=\"false\" value=\"\" type=\"text\" name=\"your-name\" \/><\/span>\n<\/p>\n<p>Adresa de e-mail (obligatoriu)\n<\/p>\n<p><span class=\"wpcf7-form-control-wrap\" data-name=\"your-email\"><input size=\"30\" maxlength=\"30\" class=\"wpcf7-form-control wpcf7-email wpcf7-validates-as-required wpcf7-text wpcf7-validates-as-email\" aria-required=\"true\" aria-invalid=\"false\" value=\"\" type=\"email\" name=\"your-email\" \/><\/span>\n<\/p>\n<p>Subiect\n<\/p>\n<p><span class=\"wpcf7-form-control-wrap\" data-name=\"your-subject\"><input size=\"30\" maxlength=\"30\" class=\"wpcf7-form-control wpcf7-text\" aria-invalid=\"false\" value=\"\" type=\"text\" name=\"your-subject\" \/><\/span>\n<\/p>\n<p>Mesaj\n<\/p>\n<p><span class=\"wpcf7-form-control-wrap\" data-name=\"your-message\"><textarea cols=\"40\" rows=\"10\" maxlength=\"30\" class=\"wpcf7-form-control wpcf7-textarea\" aria-invalid=\"false\" name=\"your-message\"><\/textarea><\/span>\n<\/p>\n<p>\n\n<\/p>\n<p><input class=\"wpcf7-form-control wpcf7-submit has-spinner\" type=\"submit\" value=\"Trimite\" \/>\n<\/p><div class=\"wpcf7-response-output\" aria-hidden=\"true\"><\/div>\n<\/form>\n<\/div>\n<\/div><div id='responsive-col-2' class='content-column one_third last_column'><h2>Adres\u0103<\/h2>\n<p>Tvetenveien 30,<br \/>\n0666, Oslo<\/p>\n<h2>Casu\u0163a po\u015ftal\u0103<\/h2>\n<p>Postboks 2, Lindeberg\u00e5sen, 1003 Oslo<\/p>\n<h2>Telefon \u015fi adres\u0103 de e-mail<\/h2>\n<p>(+47) 474 82 228<br \/>\n<a href=\"mailto:post&#64;&#110;&#111;&#114;&#117;&#115;&#45;&#114;&#101;&#103;&#110;&#115;&#107;&#97;&#112;&#46;&#x6e;&#x6f;\" target=\"_top\" rel=\"noopener\">&#x70;&#111;&#x73;&#x74;&#64;&#x6e;&#111;r&#x75;&#115;-&#x72;&#101;g&#x6e;&#115;k&#x61;&#112;&#x2e;&#x6e;&#111;<\/a><\/p><\/div><div class='clear_column'><\/div>\n","protected":false},"excerpt":{"rendered":"","protected":false},"author":1,"featured_media":0,"parent":0,"menu_order":0,"comment_status":"closed","ping_status":"closed","template":"template-fullwidth.php","meta":{"_mi_skip_tracking":false,"_monsterinsights_sitenote_active":false,"_monsterinsights_sitenote_note":"","_monsterinsights_sitenote_category":0,"footnotes":""},"_links":{"self":[{"href":"https:\/\/norus-regnskap.no\/ro\/wp-json\/wp\/v2\/pages\/16"}],"collection":[{"href":"https:\/\/norus-regnskap.no\/ro\/wp-json\/wp\/v2\/pages"}],"about":[{"href":"https:\/\/norus-regnskap.no\/ro\/wp-json\/wp\/v2\/types\/page"}],"author":[{"embeddable":true,"href":"https:\/\/norus-regnskap.no\/ro\/wp-json\/wp\/v2\/users\/1"}],"replies":[{"embeddable":true,"href":"https:\/\/norus-regnskap.no\/ro\/wp-json\/wp\/v2\/comments?post=16"}],"version-history":[{"count":13,"href":"https:\/\/norus-regnskap.no\/ro\/wp-json\/wp\/v2\/pages\/16\/revisions"}],"predecessor-version":[{"id":807,"href":"https:\/\/norus-regnskap.no\/ro\/wp-json\/wp\/v2\/pages\/16\/revisions\/807"}],"wp:attachment":[{"href":"https:\/\/norus-regnskap.no\/ro\/wp-json\/wp\/v2\/media?parent=16"}],"curies":[{"name":"wp","href":"https:\/\/api.w.org\/{rel}","templated":true}]}}