		{"id":14,"date":"2014-04-19T18:38:12","date_gmt":"2014-04-19T16:38:12","guid":{"rendered":"http:\/\/norus-regnskap.no\/?page_id=14"},"modified":"2026-02-25T08:41:43","modified_gmt":"2026-02-25T07:41:43","slug":"despre-noi","status":"publish","type":"page","link":"https:\/\/norus-regnskap.no\/ro\/despre-noi\/","title":{"rendered":"Despre noi"},"content":{"rendered":"<p style=\"text-align: left;\"><strong>Suntem con\u015ftien\u0163i de punctele noastre forte. Ne concentr\u0103m asupra furnizarii de servicii de contabilitate pentru \u00eentreprinderile mici \u0219i mijlocii.<\/strong><\/p>\n<p>Prin delegarea responsabili\u0103\u0163ii asupra contabilit\u0103\u0163ii, v\u0103 pute\u0163i concentra asupra afacerii dumneavoastr\u0103 de baz\u0103 &#8211; comer\u021b, produc\u021bie sau oferirea de servicii de calitate.<\/p>\n<p>Noi credem c\u0103 fiecare are propria specializare \u0219i delegarea eficient\u0103 a muncii c\u0103tre profesioni\u015fti este esen\u021bial\u0103 pentru o afacere de succes.<\/p>\n<blockquote><p><strong><em>\u201cScopul nostru este de a asigura calitatea serviciilor , astfel \u00eenc\u00e2t dv s\u0103 v\u0103 puteti concentra asupra afacerii dvs. de baz\u0103. Sarcina noastr\u0103 este de a consulta, recomanda, avertiza, informa \u0219i a \u0163ine \u00een perfect\u0103 ordine contabilitatea firmei dvs\u201d.<\/em><\/strong><\/p>\n<p style=\"text-align: right;\"><strong><em>Alexey Don, contabil<\/em><\/strong><\/p>\n<p style=\"text-align: right;\">\n<\/blockquote>\n<h2 style=\"color: #bd0f0c;\">Echipa noastr\u0103<\/h2>\n<h3><img decoding=\"async\" class=\"alignleft size-medium-about-us wp-image-670\" src=\"http:\/\/norus-regnskap.no\/ro\/wp-content\/uploads\/sites\/7\/2017\/12\/AlexeyDon-175x233.jpg\" alt=\"\" width=\"175px\" height=\"233px\" srcset=\"https:\/\/norus-regnskap.no\/ro\/wp-content\/uploads\/sites\/7\/2017\/12\/AlexeyDon-175x233.jpg 175w, https:\/\/norus-regnskap.no\/ro\/wp-content\/uploads\/sites\/7\/2017\/12\/AlexeyDon-225x300.jpg 225w, https:\/\/norus-regnskap.no\/ro\/wp-content\/uploads\/sites\/7\/2017\/12\/AlexeyDon.jpg 350w\" sizes=\"(max-width: 175px) 100vw, 175px\" \/>Alexey Don<\/h3>\n<h4><em>Manager<\/em><\/h4>\n<p>Contabil autorizat<\/p>\n<p style=\"overflow: hidden;\">Contabilul Alexey Don are de asemenea si specializarea de avocat \u0219i economist, av\u00e2nd \u00a0experien\u021b\u0103 profesional\u0103 at\u00e2t \u00een Rusia c\u00e2t \u015fi \u00een Norvegia. Cuno\u015ftin\u0163ele sale juridice \u015fi financiare \u015fi experien\u021ba \u00een lucrul cu clien\u021bii interna\u021bionali majori este o contribu\u021bie semnificativ\u0103 la serviciile de contabilitate corporative garant\u00e2nd o calitatea a serviciilor \u00a0chiar mai mare dec\u00e2t cea oferit\u0103 de c\u0103tre companiile care au doar experien\u021b\u0103 \u00een contabilitate.<\/p>\n<hr class=\"gw-divider clearboth\" \/>\n<p><img decoding=\"async\" class=\"alignleft size-medium-about-us wp-image-671\" src=\"http:\/\/norus-regnskap.no\/ro\/wp-content\/uploads\/sites\/7\/2017\/12\/AnnaHalvorsen-175x233.jpg\" alt=\"\" width=\"175px\" height=\"233px\" srcset=\"https:\/\/norus-regnskap.no\/ro\/wp-content\/uploads\/sites\/7\/2017\/12\/AnnaHalvorsen-175x233.jpg 175w, https:\/\/norus-regnskap.no\/ro\/wp-content\/uploads\/sites\/7\/2017\/12\/AnnaHalvorsen-225x300.jpg 225w, https:\/\/norus-regnskap.no\/ro\/wp-content\/uploads\/sites\/7\/2017\/12\/AnnaHalvorsen.jpg 350w\" sizes=\"(max-width: 175px) 100vw, 175px\" \/><\/p>\n<h3>Anna Halvorsen<\/h3>\n<h4><em>Pre\u015fedinte<\/em><\/h4>\n<p>Costabil autorizat<\/p>\n<p>Anna este expert fiscal \u0219i contabil autorizat. A absolvit Universitatea din Tartu \u00een Estonia \u0219i are studii la \u00d8stfold University College. Are peste 10 ani de experien\u021b\u0103 \u00een contabilitate \u0219i impozite \u00een Norvegia. \u00a0\u0162ine cursuri despre impozite \u00a0\u015fi de contabilitate, care sunt special adaptate pentru \u00eentreprinderile mici \u0219i mijlocii. Este un membru activ al BPW Follonettverket (re\u021bea pentru femeile antreprenor \u0219i manageri).<\/p>\n<hr class=\"gw-divider clearboth\" \/>\n<p><img decoding=\"async\" class=\"alignleft size-medium-about-us wp-image-674\" src=\"http:\/\/norus-regnskap.no\/ro\/wp-content\/uploads\/sites\/7\/2017\/12\/MarijaMorfjord-175x233.jpg\" alt=\"\" width=\"175px\" height=\"233px\" srcset=\"https:\/\/norus-regnskap.no\/ro\/wp-content\/uploads\/sites\/7\/2017\/12\/MarijaMorfjord-175x233.jpg 175w, https:\/\/norus-regnskap.no\/ro\/wp-content\/uploads\/sites\/7\/2017\/12\/MarijaMorfjord-225x300.jpg 225w, https:\/\/norus-regnskap.no\/ro\/wp-content\/uploads\/sites\/7\/2017\/12\/MarijaMorfjord.jpg 350w\" sizes=\"(max-width: 175px) 100vw, 175px\" \/><\/p>\n<h3>Marija Morfjord<\/h3>\n<h4><em>Contabil<\/em><\/h4>\n<p>Marija are studii contabile, urm\u00e2nd in acelasi timp Scoala de studii economine la Universitatea din Oslo (BI).Prin educa\u0163ia \u0219i experien\u021ba personal\u0103 \u0219i profesional\u0103, Marija a dezvoltat o pasiune pentru finan\u021be, contabilitate \u0219i administra\u021bie. Are experien\u021b\u0103 din diferite departamente, av\u00e2nd competen\u0163e profesionale puternice.<\/p>\n<hr class=\"gw-divider clearboth\" \/>\n<p><img decoding=\"async\" class=\"alignleft size-medium-about-us wp-image-676\" src=\"http:\/\/norus-regnskap.no\/ro\/wp-content\/uploads\/sites\/7\/2017\/12\/SvetlanaPerepecina-175x233.jpg\" alt=\"\" width=\"175px\" height=\"233px\" srcset=\"https:\/\/norus-regnskap.no\/ro\/wp-content\/uploads\/sites\/7\/2017\/12\/SvetlanaPerepecina-175x233.jpg 175w, https:\/\/norus-regnskap.no\/ro\/wp-content\/uploads\/sites\/7\/2017\/12\/SvetlanaPerepecina-225x300.jpg 225w, https:\/\/norus-regnskap.no\/ro\/wp-content\/uploads\/sites\/7\/2017\/12\/SvetlanaPerepecina.jpg 350w\" sizes=\"(max-width: 175px) 100vw, 175px\" \/><\/p>\n<h3>Svetlana Perepecina<\/h3>\n<h4><em>Asistent Contabil<\/em><\/h4>\n<p>Svetlana este economist cu studii \u00een Lituania. De\u0163ine un Master \u00een Economie \u0219i Administrarea Afacerilor cu specialitea Finan\u021be. Are abilit\u0103\u021bi profesionale \u015fi experien\u021b\u0103 \u00een contabilitate, at\u00e2t \u00een Lituania \u0219i \u00een Norvegia.<\/p>\n<hr class=\"gw-divider clearboth\" \/>\n<p><img decoding=\"async\" class=\"alignleft size-medium-about-us wp-image-705\" src=\"http:\/\/norus-regnskap.no\/wp-content\/uploads\/2017\/12\/JuliaPetina-175x233.jpg\" alt=\"\" width=\"175px\" height=\"233px\" \/><\/p>\n<h3>Julia Petina<\/h3>\n<p>Julia a studiat contabilitatea \u00een Norvegia \u0219i are o experien\u021b\u0103 vast\u0103 in domeniu.Responsabilitatea, eficacitatea \u0219i cuno\u0219tin\u021bele o recomand\u0103 pentru servicii contabile de calitate \u0219i o consiliere adecvat\u0103 pentru clien\u021bi.<br \/>\n<hr class=\"gw-divider clearboth\" \/>\n<p><img loading=\"lazy\" decoding=\"async\" class=\"wp-image-826 size-full alignleft\" src=\"https:\/\/norus-regnskap.no\/wp-content\/uploads\/2018\/09\/175x233b-2.jpg\" alt=\"\" width=\"175\" height=\"233\" \/><\/p>\n<h3>Agne Lavickiene<\/h3>\n<h4><em>Asistent Contabil<\/em><\/h4>\n<p>Agne este un angajat responsabil \u0219i precis, cu bune capacit\u0103\u021bi de comunicare.Lucreaz\u0103 \u00een domeniul contabil din 2014, iar experien\u021ba \u0219i competen\u021bele dob\u00e2ndite o recomand\u0103 ca fiind un contabil dedicat, cu dorin\u021ba continu\u0103 de imbun\u0103t\u0103\u021bire.Agne este un sprijin de baz\u0103 pentru clien\u021bi fiind \u00een c\u0103utare continu\u0103 de \u00eembun\u0103t\u0103\u021biri \u0219i eficientizare a activit\u0103\u021bii economice.<\/p>\n<hr class=\"gw-divider clearboth\" \/>\n<p><img loading=\"lazy\" decoding=\"async\" class=\"wp-image-825 size-full alignleft\" src=\"https:\/\/norus-regnskap.no\/wp-content\/uploads\/2018\/09\/175x233a-2.jpg\" alt=\"\" width=\"175\" height=\"233\" \/><\/p>\n<h3>Skaiste Mikalauskiene<\/h3>\n<h4><em>Asistent Contabil<\/em><\/h4>\n<p>Cuno\u0219tin\u021bele \u0219i experien\u021ba \u00een diferite sisteme contabile, precum \u0219i interesul pentru consultan\u021b\u0103 economic\u0103 o recomand\u0103 pe Skaiste ca fiind un contabil eficient \u0219i eficace.Are \u00eentodeauna control asupra normelor \u00een domeniul contabil \u0219i reprezint\u0103 un sprijin important \u00een luarea deciziilor privind impozitarea, contabilizarea \u0219i raport\u0103rile contabile.<\/p>\n<hr class=\"gw-divider clearboth\" \/>\n<h2 style=\"color: #bd0f0c;\">Partener<\/h2>\n<p><img loading=\"lazy\" decoding=\"async\" width=\"200\" height=\"126\" class=\"alignleft size-full wp-image-347\" src=\"http:\/\/norus-regnskap.no\/wp-content\/uploads\/2014\/04\/samarbeidspartner-sakatteEksperten-logo.jpg\" alt=\" SkatteEksperten AS\" \/><br \/>\nNORUS Regnskapsbyr\u00e5 AS colaboreaz\u0103 cu <a href=\"http:\/\/skatteeksperten.no\/\">SkatteEksperten AS<\/a> atunci c\u00e2nd este vorba de consiliere fiscal\u0103 pentru \u00eentreprinderi din Norvegia.<\/p>\n","protected":false},"excerpt":{"rendered":"<p>Suntem con\u015ftien\u0163i de punctele noastre forte. Ne concentr\u0103m asupra furnizarii de servicii de contabilitate pentru \u00eentreprinderile mici \u0219i mijlocii. Prin delegarea responsabili\u0103\u0163ii asupra contabilit\u0103\u0163ii, v\u0103 pute\u0163i concentra asupra afacerii dumneavoastr\u0103 de baz\u0103 &#8211; comer\u021b, produc\u021bie sau oferirea de servicii de calitate. Noi credem c\u0103 fiecare are propria specializare \u0219i delegarea eficient\u0103 a muncii c\u0103tre profesioni\u015fti [&hellip;]<\/p>\n","protected":false},"author":1,"featured_media":0,"parent":0,"menu_order":0,"comment_status":"closed","ping_status":"open","template":"template-fullwidth.php","meta":{"_mi_skip_tracking":false,"_monsterinsights_sitenote_active":false,"_monsterinsights_sitenote_note":"","_monsterinsights_sitenote_category":0,"footnotes":""},"_links":{"self":[{"href":"https:\/\/norus-regnskap.no\/ro\/wp-json\/wp\/v2\/pages\/14"}],"collection":[{"href":"https:\/\/norus-regnskap.no\/ro\/wp-json\/wp\/v2\/pages"}],"about":[{"href":"https:\/\/norus-regnskap.no\/ro\/wp-json\/wp\/v2\/types\/page"}],"author":[{"embeddable":true,"href":"https:\/\/norus-regnskap.no\/ro\/wp-json\/wp\/v2\/users\/1"}],"replies":[{"embeddable":true,"href":"https:\/\/norus-regnskap.no\/ro\/wp-json\/wp\/v2\/comments?post=14"}],"version-history":[{"count":94,"href":"https:\/\/norus-regnskap.no\/ro\/wp-json\/wp\/v2\/pages\/14\/revisions"}],"predecessor-version":[{"id":809,"href":"https:\/\/norus-regnskap.no\/ro\/wp-json\/wp\/v2\/pages\/14\/revisions\/809"}],"wp:attachment":[{"href":"https:\/\/norus-regnskap.no\/ro\/wp-json\/wp\/v2\/media?parent=14"}],"curies":[{"name":"wp","href":"https:\/\/api.w.org\/{rel}","templated":true}]}}