		{"id":9,"date":"2015-05-18T11:35:55","date_gmt":"2015-05-18T11:35:55","guid":{"rendered":"http:\/\/norus-regnskap.no\/en\/?page_id=9"},"modified":"2021-03-30T07:33:46","modified_gmt":"2021-03-30T07:33:46","slug":"home","status":"publish","type":"page","link":"https:\/\/norus-regnskap.no\/pl\/","title":{"rendered":"Home"},"content":{"rendered":"<\/div><\/div><div class=\"contentbar\" style=\"\"><section class=\"contentbar-section\" style=\"background-color:#FFF7FB;\"><div class=\"container\">\n<h1 style=\"text-align: center; margin-bottom: 15px;\"><strong>Nasze us\u0142ugi<\/strong><\/h1>\n<p style=\"text-align: center;\">\u015awiadczymy kompleksowe us\u0142ugi ksi\u0119gowe zgodnie z prawem norweskim. Norus Accounting jest cz\u0142onkiem NARF, co potwierdza jako\u015b\u0107 us\u0142ug ksi\u0119gowych \u015bwiadczonych przez nasz\u0105 firm\u0119 oraz ich zgodno\u015b\u0107 z norweskimi standardami.<\/p>\n<\/div><\/section><\/div><div class=\"container\"><div class=\"content\">\n<\/div><\/div><div class=\"contentbar\" style=\"\"><section class=\"contentbar-section\" style=\"\"><img decoding=\"async\" src=\"\/en\/wp-content\/uploads\/sites\/5\/2015\/05\/our-services-bg-w2400-h1718.jpg\" alt=\"\" class=\"contentbar-img\"><div class=\"container\">\n<div class=\"siservice-block \" style=\"width:50%;\" ><div class=\"sis-icon\"  style=\"border:2px solid #d20e1c; color:#d20e1c;\"><i class=\"fa-check-square-o\"><\/i><\/div><div class=\"siservice-content\" >\n<h2>Us\u0142ugi ksi\u0119gowe<\/h2>\n<p>Kompleksowe us\u0142ugi ksi\u0119gowe dla ma\u0142ych i \u015brednich firm &#8211; rejestracja firmy, sprawozdania finansowe, plany finansowe, konsultacje. Pe\u0142ne spektrum us\u0142ug pozwala skupi\u0107 si\u0119 na podstawowej dzia\u0142alno\u015bci firmy i zarobkach.<\/p>\n<a href=\"https:\/\/norus-regnskap.no\/pl\/uslugi-ksiegowe\/\" class=\"gw-btn gwb-red\" title=\"Wi\u0119cej\">Wi\u0119cej<i class=\"fa-arrow-circle-right\"><\/i><\/a>\n<\/div><div class=\"siservice-bottom-line \"><\/div><\/div>\n<div class=\"siservice-block \" style=\"width:50%;\" ><div class=\"sis-icon\"  style=\"border:2px solid #d20e1c; color:#d20e1c;\"><i class=\"fa-check-square-o\"><\/i><\/div><div class=\"siservice-content\" >\n<h2>Us\u0142ugi ksi\u0119gowe dla zagranicznych przedsi\u0119biorstw<\/h2>\n<p>Pomagamy zagranicznym przedsi\u0119biorcom rozpocz\u0105\u0107 i prowadzi\u0107 dzia\u0142alno\u015b\u0107 gospodarcz\u0105 w Norwegii. Nasi do\u015bwiadczeni mi\u0119dzynarodowi ksi\u0119gowi m\u00f3wi\u0105 w kilku j\u0119zykach. Rejestrujemy firm\u0119 i zapewniamy pe\u0142n\u0105 obs\u0142ug\u0119 ksi\u0119gow\u0105.<\/p>\n<a href=\"https:\/\/norus-regnskap.no\/pl\/firma-zagraniczna\/\" class=\"gw-btn gwb-red\" title=\"Wi\u0119cej\">Wi\u0119cej<i class=\"fa-arrow-circle-right\"><\/i><\/a>\n<\/div><div class=\"siservice-bottom-line \"><\/div><\/div>\n<hr class=\"gw-divider clearboth\" \/>\n<div class=\"siservice-block \" style=\"width:50%;\" ><div class=\"sis-icon\"  style=\"border:2px solid #d20e1c; color:#d20e1c;\"><i class=\"fa-check-square-o\"><\/i><\/div><div class=\"siservice-content\" >\n<h2>Konsultacje<\/h2>\n<p>Niezale\u017cnie od tego, czy korzystasz z us\u0142ug naszego ksi\u0119gowego, czy te\u017c zatrudniasz innego ksi\u0119gowego, zawsze mo\u017cesz skonsultowa\u0107 si\u0119 z naszymi specjalistami, dzi\u0119ki czemu uzykasz nowe perspektywy i rozwi\u0105zania.<\/p>\n<a href=\"https:\/\/norus-regnskap.no\/pl\/uslugi-ksiegowe\/\" class=\"gw-btn gwb-red\" title=\"Wi\u0119cej\">Wi\u0119cej<i class=\"fa-arrow-circle-right\"><\/i><\/a>\n<\/div><div class=\"siservice-bottom-line \"><\/div><\/div>\n<div class=\"siservice-block \" style=\"width:50%;\" ><div class=\"sis-icon\"  style=\"border:2px solid #d20e1c; color:#d20e1c;\"><i class=\"fa-check-square-o\"><\/i><\/div><div class=\"siservice-content\" >\n<h2>Zwrot podatku dochodowego &#8211; dla os\u00f3b fizycznych<\/h2>\n<p>Nasi ksi\u0119gowi czuj\u0105 si\u0119 jak w domu w\u015br\u00f3d liczb, rachunk\u00f3w i raport\u00f3w. Dlatego ch\u0119tnie pomog\u0105 Ci w przygotowaniu zeznania podatkowego dla osoby prywatnej, aby\u015b m\u00f3g\u0142 cieszy\u0107 si\u0119 przyjemniejszymi zaj\u0119ciami ni\u017c wype\u0142nianie formularzy.<\/p>\n<a href=\"https:\/\/norus-regnskap.no\/pl\/uslugi-ksiegowe\/\" class=\"gw-btn gwb-red\" title=\"Wi\u0119cej\">Wi\u0119cej<i class=\"fa-arrow-circle-right\"><\/i><\/a>\n<\/div><div class=\"siservice-bottom-line \"><\/div><\/div>\n<hr class=\"gw-divider clearboth\" \/>\n<\/div><\/section><\/div><div class=\"container\"><div class=\"content\">\n<\/div><\/div><div class=\"contentbar\" style=\"\"><section class=\"contentbar-section\" style=\"background-color:#f8f8f8;\"><div class=\"container\">\n<h2 style=\"text-align: center;\"><strong>Dlaczego powiniene\u015b z nami wsp\u00f3\u0142pracowa\u0107?<\/strong><\/h2>\n<hr class=\"gw-divider clearboth\" \/>\n<div class='content-column one_third'><div class=\"liservice-block\"><div class=\"lis-icon\"><i class=\"fa-sort-alpha-asc\" ><\/i><\/div><div class=\"liservice-content\">\n<h3>Pe\u0142na ksi\u0119gowo\u015b\u0107<\/h3>\n<p>\u015awiadczymy pe\u0142n\u0105 obs\u0142ug\u0119 ksi\u0119gow\u0105 &#8211; pocz\u0105wszy od rejestracji firmy, poprzez obs\u0142ug\u0119 i ksi\u0119gowanie milion\u00f3w zarobionych przez Twoj\u0105 firm\u0119 w raportach finansowych.<br \/>\n<\/div><\/div><\/div>\n<div class='content-column one_third'><div class=\"liservice-block\"><div class=\"lis-icon\"><i class=\"fa-star\" ><\/i><\/div><div class=\"liservice-content\">\n<h3>Jako\u015b\u0107 i precyzja<\/h3>\n<p>Jeste\u015bmy cz\u0142onkiem NARF, co gwarantuje zgodno\u015b\u0107 jako\u015bci us\u0142ug ksi\u0119gowych z norweskimi standardami.<\/div><\/div><\/div>\n<div class='content-column one_third last_column'><div class=\"liservice-block\"><div class=\"lis-icon\"><i class=\"fa-lightbulb-o\" ><\/i><\/div><div class=\"liservice-content\">\n<h3>Do\u015bwiadczeni ksi\u0119gowi<\/h3>\n<p>Nasi ksi\u0119gowi zawsze na bie\u017c\u0105co \u015bledz\u0105 wszelkie zmiany w przepisach i na czas informuj\u0105 Ci\u0119 o nich, je\u015bli maj\u0105 one wp\u0142yw na dzia\u0142alno\u015b\u0107 Twojej firmy.<\/div><\/div><\/div><div class='clear_column'><\/div>\n<div class='content-column one_third'><div class=\"liservice-block\"><div class=\"lis-icon\"><i class=\"fa-money\" ><\/i><\/div><div class=\"liservice-content\">\n<h3>Korzystny system p\u0142atno\u015bci<\/h3>\n<p>Indywidualnie uzgadniamy system p\u0142atno\u015bci, kt\u00f3ry jest najbardziej odpowiedni dla naszych klient\u00f3w.<\/div><\/div><\/div>\n<div class='content-column one_third'><div class=\"liservice-block\"><div class=\"lis-icon\"><i class=\"fa-globe\" ><\/i><\/div><div class=\"liservice-content\">\n<h3>Do\u015bwiadczenie w pracy z mi\u0119dzynarodowymi firmami<\/h3>\n<p>Nasi ksi\u0119gowi posiadaj\u0105 rozleg\u0142\u0105 wiedz\u0119 na temat mi\u0119dzynarodowych finans\u00f3w i rachunkowo\u015bci.<\/div><\/div><\/div>\n<div class='content-column one_third last_column'><div class=\"liservice-block\"><div class=\"lis-icon\"><i class=\"fa-flag\" ><\/i><\/div><div class=\"liservice-content\">\n<h3>Wieloj\u0119zyczna komunikacja<\/h3>\n<p>Wiele firm zagranicznych wybiera nas na swoich partner\u00f3w do wsp\u00f3\u0142pracy, poniewa\u017c nasi pracownicy m\u00f3wi\u0105 po norwesku, angielsku i rosyjsku.<\/div><\/div><\/div><div class='clear_column'><\/div>\n<\/div><\/section><\/div><div class=\"container\"><div class=\"content\">\n<h2 style=\"text-align: center; margin-top: 25px;\"><strong>Opinie klient\u00f3w<\/strong><\/h2>\nNo shortcode ID found\n<p style=\"text-align: right;\"><a href=\"https:\/\/norus-regnskap.no\/pl\/referencje\/\" class=\"gw-btn gwb-red\" title=\"Wi\u0119cej referencji\">Wi\u0119cej referencji<i class=\"fa-arrow-circle-right\"><\/i><\/a>\n<h2 style=\"text-align: center;\">Masz jakie\u015b pytania?<\/h2>\n<div class=\"clearboth\"><\/div><section class=\"cta\" style=\"border:1px solid #e4e4e4;background:#FFEDED;\">\n<p style=\"text-align: center;\"><strong>Mo\u017cesz do nas zadzwoni\u0107 lub napisa\u0107, aby uzyska\u0107 odpowiedzi na swoje pytania. Nasi ksi\u0119gowi ch\u0119tnie Ci pomog\u0105.<\/strong> <a href=\"https:\/\/norus-regnskap.no\/pl\/kontakt\/\" class=\"gw-btn gwb-red\" title=\"Kontakt\">Kontakt<i class=\"fa-arrow-circle-right\"><\/i><\/a>\n<\/section>\n","protected":false},"excerpt":{"rendered":"<p>Opinie klient\u00f3w Masz jakie\u015b pytania?<\/p>\n","protected":false},"author":1,"featured_media":0,"parent":0,"menu_order":0,"comment_status":"closed","ping_status":"closed","template":"template-homepage.php","meta":{"_mi_skip_tracking":false,"_monsterinsights_sitenote_active":false,"_monsterinsights_sitenote_note":"","_monsterinsights_sitenote_category":0,"footnotes":""},"_links":{"self":[{"href":"https:\/\/norus-regnskap.no\/pl\/wp-json\/wp\/v2\/pages\/9"}],"collection":[{"href":"https:\/\/norus-regnskap.no\/pl\/wp-json\/wp\/v2\/pages"}],"about":[{"href":"https:\/\/norus-regnskap.no\/pl\/wp-json\/wp\/v2\/types\/page"}],"author":[{"embeddable":true,"href":"https:\/\/norus-regnskap.no\/pl\/wp-json\/wp\/v2\/users\/1"}],"replies":[{"embeddable":true,"href":"https:\/\/norus-regnskap.no\/pl\/wp-json\/wp\/v2\/comments?post=9"}],"version-history":[{"count":18,"href":"https:\/\/norus-regnskap.no\/pl\/wp-json\/wp\/v2\/pages\/9\/revisions"}],"predecessor-version":[{"id":388,"href":"https:\/\/norus-regnskap.no\/pl\/wp-json\/wp\/v2\/pages\/9\/revisions\/388"}],"wp:attachment":[{"href":"https:\/\/norus-regnskap.no\/pl\/wp-json\/wp\/v2\/media?parent=9"}],"curies":[{"name":"wp","href":"https:\/\/api.w.org\/{rel}","templated":true}]}}