		{"id":23,"date":"2015-05-18T13:21:16","date_gmt":"2015-05-18T13:21:16","guid":{"rendered":"http:\/\/norus-regnskap.no\/en\/?page_id=23"},"modified":"2026-02-25T07:46:47","modified_gmt":"2026-02-25T07:46:47","slug":"o-nas","status":"publish","type":"page","link":"https:\/\/norus-regnskap.no\/pl\/o-nas\/","title":{"rendered":"O nas"},"content":{"rendered":"<p style=\"text-align: left;\"><strong>Znamy swoje mocne strony. Koncentrujemy si\u0119 na podstawowej dzia\u0142alno\u015bci naszej firmy &#8211; \u015bwiadczeniu us\u0142ug ksi\u0119gowych dla ma\u0142ych i \u015brednich firm.<\/strong><\/p>\n<p>Gdy powierzysz nam ksi\u0119gowo\u015b\u0107 swojej firmy, b\u0119dziesz m\u00f3g\u0142 skupi\u0107 si\u0119 na podstawowej dzia\u0142alno\u015bci swojej firmy &#8211; handlu, produkcji, \u015bwiadczeniu wysokiej jako\u015bci us\u0142ug.<\/p>\n<p>Wierzymy, \u017ce ka\u017cdy powinen pod\u0105\u017ca\u0107 za swoimi mo\u017cliwo\u015bciami, a sprawne delegowanie pracy profesjonalistom jest kluczem do sukcesu firmy.<\/p>\n<blockquote><p><strong><em>\u201cNaszym celem jest zapewnienie takiej jako\u015bci us\u0142ug, aby\u015b m\u00f3g\u0142 skupi\u0107 si\u0119 na swojej podstawowej dzia\u0142alno\u015bci. Naszym obowi\u0105zkiem jest konsultowanie, rekomendowanie, ostrzeganie, informowanie i prowadzenie ksi\u0119gowo\u015bci Pa\u0144stwa firmy\u201d.<\/em><\/strong><\/p>\n<p style=\"text-align: right;\"><strong><em>Alexey Don, regnskapsf\u00f8rer<\/em><\/strong><\/p>\n<p style=\"text-align: right;\">\n<\/blockquote>\n<h2 style=\"color: #bd0f0c;\">Nasz zesp\u00f3\u0142<\/h2>\n<h3><img decoding=\"async\" class=\"alignleft size-medium-about-us wp-image-185\" src=\"http:\/\/norus-regnskap.no\/en\/wp-content\/uploads\/sites\/5\/2017\/12\/AlexeyDon-175x233.jpg\" alt=\"\" width=\"175px\" height=\"233px\" srcset=\"https:\/\/norus-regnskap.no\/pl\/wp-content\/uploads\/sites\/11\/2017\/12\/AlexeyDon-175x233.jpg 175w, https:\/\/norus-regnskap.no\/pl\/wp-content\/uploads\/sites\/11\/2017\/12\/AlexeyDon-225x300.jpg 225w, https:\/\/norus-regnskap.no\/pl\/wp-content\/uploads\/sites\/11\/2017\/12\/AlexeyDon.jpg 350w\" sizes=\"(max-width: 175px) 100vw, 175px\" \/>Alexey Don<\/h3>\n<h4><em>Prezes<\/em><\/h4>\n<p>Certyfikowany ksi\u0119gowy<\/p>\n<p style=\"overflow: hidden;\">Ksi\u0119gowy Alexey Don jest wykwalifikowanym prawnikiem i ekonomist\u0105 z do\u015bwiadczeniem zawodowym zdobytym zar\u00f3wno w Rosji, jak i Norwegii. Jego wiedza prawnicza i finansowa oraz do\u015bwiadczenie w pracy z du\u017cymi mi\u0119dzynarodowymi klientami wnosi istotny wk\u0142ad w us\u0142ugi ksi\u0119gowe firmy, co gwarantuje jeszcze szerszy zakres wiedzy i oferuje klientom us\u0142ugi o jeszcze wy\u017cszej jako\u015bci ni\u017c te oferowane przez firmy oferuj\u0105ce same us\u0142ugi ksi\u0119gowe.<\/p>\n<hr class=\"gw-divider clearboth\" \/>\n<p><img decoding=\"async\" class=\"alignleft size-medium-about-us wp-image-186\" src=\"http:\/\/norus-regnskap.no\/en\/wp-content\/uploads\/sites\/5\/2017\/12\/AnnaHalvorsen-175x233.jpg\" alt=\"\" width=\"175px\" height=\"233px\" srcset=\"https:\/\/norus-regnskap.no\/pl\/wp-content\/uploads\/sites\/11\/2017\/12\/AnnaHalvorsen-175x233.jpg 175w, https:\/\/norus-regnskap.no\/pl\/wp-content\/uploads\/sites\/11\/2017\/12\/AnnaHalvorsen-225x300.jpg 225w, https:\/\/norus-regnskap.no\/pl\/wp-content\/uploads\/sites\/11\/2017\/12\/AnnaHalvorsen.jpg 350w\" sizes=\"(max-width: 175px) 100vw, 175px\" \/><\/p>\n<h3>Anna Halvorsen<\/h3>\n<h4><em>Mened\u017cer<\/em><\/h4>\n<p>Certyfikowany ksi\u0119gowy<\/p>\n<p>Anna jest ekspertem podatkowym i certyfikowanym ksi\u0119gowym. Uko\u0144czy\u0142a studia MBA na Uniwersytecie Tartu w Estonii oraz uko\u0144czy\u0142a dalsze studia w \u00d8stfold University College. Ma ponad 10-letnie do\u015bwiadczenie w ksi\u0119gowo\u015bci i podatkach w Norwegii. Prowadzi kursy z zakresu podatk\u00f3w i rachunkowo\u015bci, kt\u00f3re s\u0105 przeznaczone szczeg\u00f3lnie dla ma\u0142ych i \u015brednich przedsi\u0119biorstw. Jest aktywnym cz\u0142onkiem BPW Follo (sieci dla kobiet-przedsi\u0119biorc\u00f3w i mened\u017cer\u00f3w), gdzie jest cz\u0142onkiem zarz\u0105du.<\/p>\n<hr class=\"gw-divider clearboth\" \/>\n<p><img decoding=\"async\" class=\"alignleft size-medium-about-us wp-image-189\" src=\"http:\/\/norus-regnskap.no\/en\/wp-content\/uploads\/sites\/5\/2017\/12\/MarijaMorfjord-175x233.jpg\" alt=\"\" width=\"175px\" height=\"233px\" srcset=\"https:\/\/norus-regnskap.no\/pl\/wp-content\/uploads\/sites\/11\/2017\/12\/MarijaMorfjord-175x233.jpg 175w, https:\/\/norus-regnskap.no\/pl\/wp-content\/uploads\/sites\/11\/2017\/12\/MarijaMorfjord-225x300.jpg 225w, https:\/\/norus-regnskap.no\/pl\/wp-content\/uploads\/sites\/11\/2017\/12\/MarijaMorfjord.jpg 350w\" sizes=\"(max-width: 175px) 100vw, 175px\" \/><\/p>\n<h3>Marija Morfjord<\/h3>\n<h4><em><span style=\"color: #242424;\">Ksi\u0119gowy<\/span><\/em><\/h4>\n<p>Maria jest wykszta\u0142con\u0105 ksi\u0119gow\u0105. Ponadto kontynuuje studia ekonomiczne w BI Norwegian Business School w Oslo. Umiej\u0119tno\u015bci zawodowe, a tak\u017ce do\u015bwiadczenie w pracy z firmami z r\u00f3\u017cnych dziedzin sprawiaj\u0105, \u017ce Maria jest wysoko wydajnym specjalist\u0105 w Norus Regnskapsbyr\u00e5 AS.<\/p>\n<hr class=\"gw-divider clearboth\" \/>\n<p><img decoding=\"async\" class=\"alignleft size-medium-about-us wp-image-191\" src=\"http:\/\/norus-regnskap.no\/en\/wp-content\/uploads\/sites\/5\/2017\/12\/SvetlanaPerepecina-175x233.jpg\" alt=\"\" width=\"175px\" height=\"233px\" srcset=\"https:\/\/norus-regnskap.no\/pl\/wp-content\/uploads\/sites\/11\/2017\/12\/SvetlanaPerepecina-175x233.jpg 175w, https:\/\/norus-regnskap.no\/pl\/wp-content\/uploads\/sites\/11\/2017\/12\/SvetlanaPerepecina-225x300.jpg 225w, https:\/\/norus-regnskap.no\/pl\/wp-content\/uploads\/sites\/11\/2017\/12\/SvetlanaPerepecina.jpg 350w\" sizes=\"(max-width: 175px) 100vw, 175px\" \/><\/p>\n<h3>Svetlana Perepecina<\/h3>\n<h4><em><span style=\"color: #242424;\">Konsultant<\/span><\/em><\/h4>\n<p>Svetlana jest wykszta\u0142conym ekonomist\u0105 z Litwy. Posiada tytu\u0142 licencjata z ekonomii i administracji biznesowej ze specjalizacj\u0105 w finansach. Posiada dobre umiej\u0119tno\u015bci zawodowe i do\u015bwiadczenie w ksi\u0119gowo\u015bci zar\u00f3wno z Litwy, jak i Norwegii.<\/p>\n<hr class=\"gw-divider clearboth\" \/>\n<p><img decoding=\"async\" class=\"alignleft size-medium-about-us wp-image-705\" src=\"http:\/\/norus-regnskap.no\/wp-content\/uploads\/2017\/12\/JuliaPetina-175x233.jpg\" alt=\"\" width=\"175px\" height=\"233px\" \/><\/p>\n<h3>Julia Petina<\/h3>\n<p>Julia studiowa\u0142a rachunkowo\u015b\u0107 w Norwegii. Jest do\u015bwiadczona, odpowiedzialna i k\u0142adzie du\u017cy nacisk na us\u0142ugi doradcze, a wiedza i umiej\u0119tno\u015bci Julii odpowiadaj\u0105 za wysok\u0105 jako\u015b\u0107 us\u0142ug ksi\u0119gowych i \u015bwietne wsparcie dla naszych klient\u00f3w.<br \/>\n<hr class=\"gw-divider clearboth\" \/>\n<p><img loading=\"lazy\" decoding=\"async\" class=\"wp-image-826 size-full alignleft\" src=\"https:\/\/norus-regnskap.no\/wp-content\/uploads\/2018\/09\/175x233b-2.jpg\" alt=\"\" width=\"175\" height=\"233\" \/><\/p>\n<h3>Agne Lavickiene<\/h3>\n<h4><em><span style=\"color: #242424;\">Consultant<\/span><\/em><\/h4>\n<p>Agne jest odpowiedzialnym i dok\u0142adnym pracownikiem z umiej\u0119tno\u015bciami komunikacyjnymi. Jej wiedza i do\u015bwiadczenie w zakresie rachunkowo\u015bci i ekonomii definiuje j\u0105 jako dedykowan\u0105 ksi\u0119gow\u0105. Nieustannie poszukuje dobrych rozwi\u0105za\u0144 dla efektywniejszej dzia\u0142alno\u015bci naszych klient\u00f3w.<\/p>\n<hr class=\"gw-divider clearboth\" \/>\n<p><img loading=\"lazy\" decoding=\"async\" class=\"wp-image-825 size-full alignleft\" src=\"https:\/\/norus-regnskap.no\/wp-content\/uploads\/2018\/09\/175x233a-2.jpg\" alt=\"\" width=\"175\" height=\"233\" \/><\/p>\n<h3>Skaiste Mikalauskiene<\/h3>\n<h4><em><span style=\"color: #242424;\">Konsultant<\/span><\/em><\/h4>\n<p>Wiedza i do\u015bwiadczenie Skaiste z r\u00f3\u017cnych system\u00f3w ksi\u0119gowych, a tak\u017ce zainteresowanie liczbami i doradztwem finansowym polecaj\u0105 j\u0105 jako skuteczn\u0105 ksi\u0119gow\u0105. \u015awietnie wspiera naszych klient\u00f3w w decyzjach dotycz\u0105cych podatku VAT, opodatkowania i rzetelnego prowadzenia ksi\u0105g rachunkowych.<\/p>\n<hr class=\"gw-divider clearboth\" \/>\n<h2 style=\"color: #bd0f0c;\">Samarbeidspartner<\/h2>\n<h2 style=\"color: #bd0f0c;\"><img decoding=\"async\" class=\"alignleft size-full wp-image-347\" src=\"http:\/\/norus-regnskap.no\/wp-content\/uploads\/2014\/04\/samarbeidspartner-sakatteEksperten-logo.jpg\" alt=\" SkatteEksperten AS\" \/><\/h2>\n<p>Posiadamy bogate do\u015bwiadczenie w ksi\u0119gowo\u015bci i doradztwie dla firm w Norwegii za\u0142o\u017conych zar\u00f3wno przez norweskich, jak i <a href=\"https:\/\/norus-regnskap.no\/pl\/firma-zagraniczna\/\">zagranicznych biznesmen\u00f3w.<\/a>.<br \/>\nRazem mo\u017cemy pom\u00f3c Ci w poruszaniu si\u0119 po morzu przepis\u00f3w i ustaw podatkowych w Norwegii.<\/p>\n","protected":false},"excerpt":{"rendered":"<p>Znamy swoje mocne strony. Koncentrujemy si\u0119 na podstawowej dzia\u0142alno\u015bci naszej firmy &#8211; \u015bwiadczeniu us\u0142ug ksi\u0119gowych dla ma\u0142ych i \u015brednich firm. Gdy powierzysz nam ksi\u0119gowo\u015b\u0107 swojej firmy, b\u0119dziesz m\u00f3g\u0142 skupi\u0107 si\u0119 na podstawowej dzia\u0142alno\u015bci swojej firmy &#8211; handlu, produkcji, \u015bwiadczeniu wysokiej jako\u015bci us\u0142ug. Wierzymy, \u017ce ka\u017cdy powinen pod\u0105\u017ca\u0107 za swoimi mo\u017cliwo\u015bciami, a sprawne delegowanie pracy profesjonalistom [&hellip;]<\/p>\n","protected":false},"author":1,"featured_media":0,"parent":0,"menu_order":0,"comment_status":"closed","ping_status":"closed","template":"template-fullwidth.php","meta":{"_mi_skip_tracking":false,"_monsterinsights_sitenote_active":false,"_monsterinsights_sitenote_note":"","_monsterinsights_sitenote_category":0,"footnotes":""},"_links":{"self":[{"href":"https:\/\/norus-regnskap.no\/pl\/wp-json\/wp\/v2\/pages\/23"}],"collection":[{"href":"https:\/\/norus-regnskap.no\/pl\/wp-json\/wp\/v2\/pages"}],"about":[{"href":"https:\/\/norus-regnskap.no\/pl\/wp-json\/wp\/v2\/types\/page"}],"author":[{"embeddable":true,"href":"https:\/\/norus-regnskap.no\/pl\/wp-json\/wp\/v2\/users\/1"}],"replies":[{"embeddable":true,"href":"https:\/\/norus-regnskap.no\/pl\/wp-json\/wp\/v2\/comments?post=23"}],"version-history":[{"count":102,"href":"https:\/\/norus-regnskap.no\/pl\/wp-json\/wp\/v2\/pages\/23\/revisions"}],"predecessor-version":[{"id":437,"href":"https:\/\/norus-regnskap.no\/pl\/wp-json\/wp\/v2\/pages\/23\/revisions\/437"}],"wp:attachment":[{"href":"https:\/\/norus-regnskap.no\/pl\/wp-json\/wp\/v2\/media?parent=23"}],"curies":[{"name":"wp","href":"https:\/\/api.w.org\/{rel}","templated":true}]}}