		{"id":18,"date":"2015-05-18T13:07:36","date_gmt":"2015-05-18T13:07:36","guid":{"rendered":"http:\/\/norus-regnskap.no\/en\/?page_id=18"},"modified":"2021-03-29T10:35:18","modified_gmt":"2021-03-29T10:35:18","slug":"cena-uslugi","status":"publish","type":"page","link":"https:\/\/norus-regnskap.no\/pl\/cena-uslugi\/","title":{"rendered":"Cena us\u0142ugi"},"content":{"rendered":"<h2 style=\"text-align: center; color: #bd0f0c;\"><strong>Oferujemy dwa rodzaje system\u00f3w p\u0142atno\u015bci<\/strong><\/h2>\n<p style=\"text-align: center;\"><strong>Cena naszych us\u0142ug uzale\u017cniona jest od zakresu prac oraz us\u0142ug, kt\u00f3re chcesz, aby\u015bmy wykonali dla Twojej firmy.<\/strong><br \/>\n<hr class=\"gw-divider clearboth\" \/>\n<div class='content-column one_half'><div class=\"liservice-block\"><div class=\"lis-icon\"><i class=\"fa-calendar\" ><\/i><\/div><div class=\"liservice-content\">\n<h3 style=\"text-align: left; color: #bd0f0c;\"><strong>Sta\u0142a p\u0142atno\u015b\u0107 miesi\u0119czna<\/strong><\/h3>\n<h4>Dla jakich firm jest przeznaczona?<\/h4>\n<p>Sta\u0142a miesi\u0119czna rata przeznaczona jest dla wszystkich firm posiadaj\u0105cych stabiln\u0105, przewidywaln\u0105 i regularn\u0105 ilo\u015b\u0107 dokument\u00f3w przychodz\u0105cych i wychodz\u0105cych.<\/p>\n<h4>Jak obliczamy nasz\u0105 miesi\u0119czn\u0105 p\u0142atno\u015b\u0107?<\/h4>\n<p>Rozpoczynaj\u0105c wsp\u00f3\u0142prac\u0119, uzgadniamy us\u0142ugi, kt\u00f3re b\u0119d\u0105 Pa\u0144stwu \u015bwiadczone. Na podstawie formy rejestracji Twojej firmy, ilo\u015bci mo\u017cliwych do przewidzenia dokument\u00f3w, ustalamy sta\u0142\u0105 miesi\u0119czn\u0105 p\u0142atno\u015b\u0107.<\/p>\n<p><strong>Zalety wyboru zmiennej p\u0142atno\u015bci miesi\u0119cznej:<\/strong>:<\/p>\n<ul>\n<li>Zawsze wiesz, ile wynosi Twojaoja p\u0142atno\u015b\u0107.<\/li>\n<li>Mo\u017cna wykupi\u0107 us\u0142ugi podstawowe i w zale\u017cno\u015bci od potrzeby wybra\u0107 dodatkowe konsultacje lub inne us\u0142ugi.<\/li>\n<\/ul>\n<\/div><\/div><\/div><div class='content-column one_half last_column'><div class=\"liservice-block\"><div class=\"lis-icon\"><i class=\"fa-cogs\" ><\/i><\/div><div class=\"liservice-content\">\n<h3 style=\"text-align: left; color: #bd0f0c;\"><strong>Zmienna p\u0142atno\u015b\u0107 miesi\u0119czna<\/strong><\/h3>\n<h4>Dla jakich firm jest przeznaczona?<\/h4>\n<p>Zmienna rata miesi\u0119czna przeznaczona jest dla firm, kt\u00f3re maj\u0105 bardzo zmienn\u0105 ilo\u015b\u0107 dokument\u00f3w przychodz\u0105cych i wychodz\u0105cych, a tak\u017ce tych, kt\u00f3re w zale\u017cno\u015bci od potrzeb chc\u0105 zleci\u0107 naszym ksi\u0119gowym dodatkowe zadania.<\/p>\n<h4>Jak obliczamy nasz\u0105 miesi\u0119czn\u0105 p\u0142atno\u015b\u0107?<\/h4>\n<p>Rozpoczynaj\u0105c wsp\u00f3\u0142prac\u0119 ustalamy stawk\u0119 miesi\u0119czn\u0105 i omawiamy prawdopodobn\u0105 ilo\u015b\u0107 pracy oraz jej zmienno\u015b\u0107. Tworzymy informacyjne prognozy miesi\u0119cznych p\u0142atno\u015bci w r\u00f3\u017cnych okoliczno\u015bciach.<br \/>\nZap\u0142acisz zgodnie z prac\u0105 wykonan\u0105 przez naszych ksi\u0119gowych w obs\u0142udze Twojej firmy.<\/p>\n<p><strong>Zalety wyboru zmiennej p\u0142atno\u015bci miesi\u0119cznej:<\/strong><\/p>\n<ul>\n<li>W dowolnym momencie mo\u017cesz zleci\u0107 naszym ksi\u0119gowym dowolne zadanie.<\/li>\n<li>Op\u0142ata jest proporcjonalna do dzia\u0142alno\u015bci Twojej firmy w danym miesi\u0105cu.<\/li>\n<\/ul>\n<\/div><\/div><\/div><div class='clear_column'><\/div>\n<p style=\"text-align: center;\"><strong>Niezale\u017cnie od wybranej przez Ciebie formy p\u0142atno\u015bci, zawsze b\u0119dziemy w stanie uzgodni\u0107 zmian\u0119 formy obs\u0142ugi, a tak\u017ce zweryfikowa\u0107 p\u0142atno\u015b\u0107 za nasze us\u0142ugi, gdy zmieni si\u0119 zakres prac lub potrzeby Twojej firmy.<\/strong><\/p>\n<div class=\"clearboth\"><\/div><section class=\"cta\" style=\"border:1px solid #e4e4e4;background:#FFEDED;\">\n<p style=\"text-align: center;\"><strong>What to know more about our services? Ask! We will be happy to answer. <\/strong> <a href=\"http:\/\/norus-regnskap.no\/pl\/kontakt\/\" class=\"gw-btn gwb-red\" title=\"Contact us\">Contact us<i class=\"fa-arrow-circle-right\"><\/i><\/a>\n<p style=\"text-align: center;\"><\/section>\n","protected":false},"excerpt":{"rendered":"<p>Oferujemy dwa rodzaje system\u00f3w p\u0142atno\u015bci Cena naszych us\u0142ug uzale\u017cniona jest od zakresu prac oraz us\u0142ug, kt\u00f3re chcesz, aby\u015bmy wykonali dla Twojej firmy. Niezale\u017cnie od wybranej przez Ciebie formy p\u0142atno\u015bci, zawsze b\u0119dziemy w stanie uzgodni\u0107 zmian\u0119 formy obs\u0142ugi, a tak\u017ce zweryfikowa\u0107 p\u0142atno\u015b\u0107 za nasze us\u0142ugi, gdy zmieni si\u0119 zakres prac lub potrzeby Twojej firmy.<\/p>\n","protected":false},"author":1,"featured_media":0,"parent":0,"menu_order":0,"comment_status":"closed","ping_status":"closed","template":"template-fullwidth.php","meta":{"_mi_skip_tracking":false,"_monsterinsights_sitenote_active":false,"_monsterinsights_sitenote_note":"","_monsterinsights_sitenote_category":0,"footnotes":""},"_links":{"self":[{"href":"https:\/\/norus-regnskap.no\/pl\/wp-json\/wp\/v2\/pages\/18"}],"collection":[{"href":"https:\/\/norus-regnskap.no\/pl\/wp-json\/wp\/v2\/pages"}],"about":[{"href":"https:\/\/norus-regnskap.no\/pl\/wp-json\/wp\/v2\/types\/page"}],"author":[{"embeddable":true,"href":"https:\/\/norus-regnskap.no\/pl\/wp-json\/wp\/v2\/users\/1"}],"replies":[{"embeddable":true,"href":"https:\/\/norus-regnskap.no\/pl\/wp-json\/wp\/v2\/comments?post=18"}],"version-history":[{"count":9,"href":"https:\/\/norus-regnskap.no\/pl\/wp-json\/wp\/v2\/pages\/18\/revisions"}],"predecessor-version":[{"id":374,"href":"https:\/\/norus-regnskap.no\/pl\/wp-json\/wp\/v2\/pages\/18\/revisions\/374"}],"wp:attachment":[{"href":"https:\/\/norus-regnskap.no\/pl\/wp-json\/wp\/v2\/media?parent=18"}],"curies":[{"name":"wp","href":"https:\/\/api.w.org\/{rel}","templated":true}]}}