		{"id":15,"date":"2015-05-18T12:42:21","date_gmt":"2015-05-18T12:42:21","guid":{"rendered":"http:\/\/norus-regnskap.no\/en\/?page_id=15"},"modified":"2021-03-29T10:22:16","modified_gmt":"2021-03-29T10:22:16","slug":"firma-zagraniczna","status":"publish","type":"page","link":"https:\/\/norus-regnskap.no\/pl\/firma-zagraniczna\/","title":{"rendered":"Firma zagraniczna"},"content":{"rendered":"<p style=\"text-align: center;\"><strong>Pomagamy zagranicznym przedsi\u0119biorcom za\u0142o\u017cy\u0107 firm\u0119, jej oddzia\u0142 lub przedstawicielstwo w Norwegii.<\/strong><\/p>\n<p>Pomogli\u015bmy wielu firmom z Europy Wschodniej w rozpocz\u0119ciu dzia\u0142alno\u015bci w Norwegii i ju\u017c teraz zapewniamy im pe\u0142n\u0105 obs\u0142ug\u0119 ksi\u0119gow\u0105 i doradztwo finansowe.<\/p>\n<p>Nasi autoryzowani ksi\u0119gowi znaj\u0105 kilka j\u0119zyk\u00f3w, aby m\u00f3c komunikowa\u0107 si\u0119 z Tob\u0105, je\u015bli nie znasz j\u0119zyka norweskiego, aby w pe\u0142ni reprezentowa\u0107 Twoje interesy w Norwegii.<\/p>\n<p>Udzielamy konsultacji przed zawi\u0105zaniem Twojej firmy oraz zapewniamy wszelkie niezb\u0119dne us\u0142ugi ksi\u0119gowe i finansowe dla pe\u0142nego funkcjonowania firmy w Norwegii:<\/p>\n<ul>\n<li>Rejestracja firmy w Norwegii \u2013 Norweski oddzia\u0142 firmy zagranicznej (NUF);<\/li>\n<li>VAT &#8211; przedstawicielstwo;<\/li>\n<li>Rejestracja pracownik\u00f3w w Norwegii;<\/li>\n<li>Ubieganie si\u0119 o dow\u00f3d osobisty;<\/li>\n<li>Fakturowanie;<\/li>\n<li>Planowanie bud\u017cetu operacyjnego;<\/li>\n<li>Doradztwo podatkowe.<\/li>\n<\/ul>\n<h2 style=\"color: #bd0f0c;\">Rejestracja firmy w Norwegii<\/h2>\n<p><img loading=\"lazy\" decoding=\"async\" class=\"alignright wp-image-306 size-full\" title=\"Registration of the company in Norway\" src=\"\/en\/wp-content\/uploads\/sites\/5\/2015\/05\/registration-of-the-company-in-norway-600x400.jpg\" alt=\"Registration of the company in Norway\" width=\"600\" height=\"430\" \/><br \/>\nPomagamy zagranicznym przedsi\u0119biorcom w wyborze najbardziej odpowiedniej formy firmy do rozpocz\u0119cia dzia\u0142alno\u015bci, otwarcia oddzia\u0142u lub przedstawicielstwa w Norwegii. Doradzamy w zakresie specyfiki ka\u017cdej formy w zakresie p\u0142acenia podatk\u00f3w, ksi\u0119gowo\u015bci, obrotu finansowego i innych wa\u017cnych dla przedsi\u0119biorc\u00f3w spraw.<\/p>\n<p>Przygotowujemy wszystkie niezb\u0119dne dokumenty do z\u0142o\u017cenia w rejestrze br\u00f8nn\u00f8ysund (br\u00f8nn\u00f8ysundregistrene) &#8211; nazwa zak\u0142adu.<\/p>\n<p><strong>Rejestrujemy nast\u0119puj\u0105ce typy firm:<\/strong><\/p>\n<ul>\n<li>Sp\u00f3\u0142ka z ograniczon\u0105 odpowiedzialno\u015bci\u0105 (AS);<\/li>\n<li>Norweski oddzia\u0142 firmy zagranicznej (NUF).<\/li>\n<\/ul>\n<h2 style=\"color: #bd0f0c;\">Norweski oddzia\u0142 firmy zagranicznej (NUF)<\/h2>\n<p>Aby rozpocz\u0105\u0107 dzia\u0142alno\u015b\u0107 w Norwegii, mo\u017cesz zarejestrowa\u0107 si\u0119 jako norweski oddzia\u0142 firmy zagranicznej (NUF), forma sp\u00f3\u0142ki stworzona specjalnie dla zagranicznych przedsi\u0119biorstw.<\/p>\n<h3 style=\"color: #bd0f0c;\">Co to jest NUF?<\/h3>\n<p>NUF to specjalna forma rejestracji firmy, kt\u00f3ra jest przeznaczona dla przedsi\u0119biorc\u00f3w zagranicznych, chc\u0105cych rozpocz\u0105\u0107 dzia\u0142alno\u015b\u0107 w Norwegii. W ten spos\u00f3b rejestruj\u0105 oddzia\u0142 Twojej firmy w Norwegii, kt\u00f3ry podlega norweskiemu prawu oraz systemowi poboru i p\u0142atno\u015bci podatk\u00f3w.<\/p>\n<p>Do rejestracji NUF nie jest wymagany kapita\u0142 zak\u0142adowy.<\/p>\n<p>Nasi specjali\u015bci wyja\u015bni\u0105 Ci natur\u0119 NUF, przepisy prawne, kt\u00f3re si\u0119 do niego odnosz\u0105, a tak\u017ce pomog\u0105 przygotowa\u0107 wszystkie dokumenty wymagane do rejestracji NUF.<\/p>\n<h2 style=\"color: #bd0f0c;\">Przedstawiciel VAT w Norwegii (przedstawicielstwo VAT)<\/h2>\n<p>Firmy, kt\u00f3re sprzedaj\u0105 swoje towary i us\u0142ugi w Norwegii i kt\u00f3rych obr\u00f3t przekracza 50 000 NOK, powinny by\u0107 zarejestrowane jako podatnicy VAT.<br \/>\nJe\u015bli nie chcesz zak\u0142ada\u0107 oddzia\u0142u swojej firmy w Norwegii, potrzebujesz przedstawiciela &#8211; norweskiego przedstawiciela VAT.<\/p>\n<p>Oferujemy przedstawicielstwo Twojej firmy w Norwegii, poniewa\u017c jeste\u015bmy p\u0142atnikiem VAT, kt\u00f3ry jest zarejestrowany w kraju i mamy prawo oferowa\u0107 t\u0119 us\u0142ug\u0119 i bra\u0107 na siebie odpowiedzialno\u015b\u0107.<\/p>\n<p>Nasi specjali\u015bci wyja\u015bni\u0105 Ci procedur\u0119 rejestracji przedstawiciela VAT w Norwegii, jej zalety i wady, a tak\u017ce wszystkie procesy zwi\u0105zane z miesi\u0119cznymi sprawami ksi\u0119gowymi, prawami, mo\u017cliwo\u015bciami i obowi\u0105zkami Twojej firmy.<\/p>\n<p style=\"text-align: center;\"><strong>Ta <a title=\"Ta kontakt med oss\" href=\"http:\/\/norus-regnskap.no\/pl\/kontakt\/\">kontakt med oss<\/a> hvis du vil vite mer om denne muligheten!<\/strong><\/p>\n<h2 style=\"color: #bd0f0c;\">Rejestracja pracownik\u00f3w w Norwegii<img loading=\"lazy\" decoding=\"async\" class=\"alignright wp-image-311 size-full\" title=\"Registration of employees in Norway\" src=\"\/en\/wp-content\/uploads\/sites\/5\/2015\/05\/registration-of-employees-in-norway-600x400.jpg\" alt=\"Registration of employees in Norway\" width=\"600\" height=\"400\" \/><\/h2>\n<p>Zgodnie z prawem ka\u017cdy pracownik Twojej firmy w Norwegii powinien by\u0107 zarejestrowany w Rejestrze Pracodawc\u00f3w i Pracownik\u00f3w.<\/p>\n<p>Ka\u017cdy pracownik pracuj\u0105cy d\u0142u\u017cej ni\u017c 7 dni i 4 godziny tygodniowo powinien zosta\u0107 zarejestrowany w rejestrze pa\u0144stwowym. R\u00f3wnie\u017c ka\u017cda osoba zatrudniona w Norwegii powinna mie\u0107 dow\u00f3d osobisty.<\/p>\n<p>Pomagamy przygotowa\u0107 wszystkie dokumenty do rejestracji Twojego pracownika. Doradzamy i informujemy r\u00f3wnie\u017c Ciebie jako przedsi\u0119biorc\u0119 i pracownika o wszystkich zobowi\u0105zaniach pracownika i pracodawcy zgodnie z norweskim prawem.<\/p>\n<h2 style=\"color: #bd0f0c;\">Wnioskowanie o dow\u00f3d osobisty<\/h2>\n<p>Ka\u017cda pracuj\u0105ca osoba w Norwegii powinna mie\u0107 w\u0142asny dow\u00f3d osobisty.<\/p>\n<p>Zapewniamy z\u0142o\u017cenie wszelkich dokument\u00f3w umo\u017cliwiaj\u0105cych uzyskanie statusu firmy maj\u0105cej prawo \u017c\u0105da\u0107 dowod\u00f3w osobistych dla swoich pracownik\u00f3w, a tak\u017ce przygotowujemy wszystkie dokumenty niezb\u0119dne do ubiegania si\u0119 o dow\u00f3d osobisty dla ka\u017cdego pracownika Twojej firmy.<\/p>\n<h2 style=\"color: #bd0f0c;\">Fakturowanie<\/h2>\n<p>\u015awiadczymy us\u0142ug\u0119 fakturowania oraz przesy\u0142anie faktur na adresy e-mailem lub poczt\u0105. Wystarczy, \u017ce poinformujesz nas o tre\u015bci Twojej faktury &#8211; reszt\u0119 zrobimy za Ciebie. Wystawione faktury niezw\u0142ocznie zaksi\u0119gujemy i na \u017cyczenie b\u0119dziemy \u015bledzi\u0107 ich stan p\u0142atno\u015bci.<\/p>\n<h2 style=\"color: #bd0f0c;\">Planowanie bud\u017cetu operacyjnego<\/h2>\n<p>Dzi\u0119ki naszej znajomo\u015bci norweskiego systemu podatkowego, przepis\u00f3w prawa, naszemu do\u015bwiadczeniu w pracy z innymi firmami oraz wiedzy z zakresu finans\u00f3w, pomo\u017cemy Ci zaplanowa\u0107 bud\u017cet Twojej firmy.<\/p>\n<p>Nasi specjali\u015bci doradz\u0105 i pomog\u0105 w stworzeniu najbardziej efektywnego planu bud\u017cetowego, tak aby wchodz\u0105c na rynek norweski, mog\u0142 realizowa\u0107 ma\u0142e i du\u017ce plany finansowe.<\/p>\n<h2 style=\"color: #bd0f0c;\">Doradztwo podatkowe<\/h2>\n<p>Doradzamy zagranicznym przedsi\u0119biorcom w sprawach zwi\u0105zanych z op\u0142acaniem i optymalizacj\u0105 podatk\u00f3w w Norwegii.<\/p>\n<p>Przygotowujemy sprawozdanie winansowe zgodnie z wymogami rachunkow zysk\u00f3w i strat, aby\u015b m\u00f3g\u0142 je z\u0142o\u017cy\u0107 na czas. Bazuj\u0105c na naszym do\u015bwiadczeniu w Norwegii oraz wiedzy zawodowej pomagamy stworzy\u0107 plan podatkowy zgodny ze specyfik\u0105 Twojej firmy, co jest szczeg\u00f3lnie wa\u017cne dla mi\u0119dzynarodowych firm.<\/p>\n<p style=\"text-align: center;\"><strong>Nasi klienci mog\u0105 w ka\u017cdej chwili skontaktowa\u0107 si\u0119 z nami, aby uzyska\u0107 odpowiedzi na swoje pytania lub um\u00f3wi\u0107 si\u0119 na konsultacje.<\/strong><\/p>\n","protected":false},"excerpt":{"rendered":"<p>Pomagamy zagranicznym przedsi\u0119biorcom za\u0142o\u017cy\u0107 firm\u0119, jej oddzia\u0142 lub przedstawicielstwo w Norwegii. Pomogli\u015bmy wielu firmom z Europy Wschodniej w rozpocz\u0119ciu dzia\u0142alno\u015bci w Norwegii i ju\u017c teraz zapewniamy im pe\u0142n\u0105 obs\u0142ug\u0119 ksi\u0119gow\u0105 i doradztwo finansowe. Nasi autoryzowani ksi\u0119gowi znaj\u0105 kilka j\u0119zyk\u00f3w, aby m\u00f3c komunikowa\u0107 si\u0119 z Tob\u0105, je\u015bli nie znasz j\u0119zyka norweskiego, aby w pe\u0142ni reprezentowa\u0107 Twoje [&hellip;]<\/p>\n","protected":false},"author":1,"featured_media":0,"parent":0,"menu_order":0,"comment_status":"closed","ping_status":"closed","template":"template-fullwidth.php","meta":{"_mi_skip_tracking":false,"_monsterinsights_sitenote_active":false,"_monsterinsights_sitenote_note":"","_monsterinsights_sitenote_category":0,"footnotes":""},"_links":{"self":[{"href":"https:\/\/norus-regnskap.no\/pl\/wp-json\/wp\/v2\/pages\/15"}],"collection":[{"href":"https:\/\/norus-regnskap.no\/pl\/wp-json\/wp\/v2\/pages"}],"about":[{"href":"https:\/\/norus-regnskap.no\/pl\/wp-json\/wp\/v2\/types\/page"}],"author":[{"embeddable":true,"href":"https:\/\/norus-regnskap.no\/pl\/wp-json\/wp\/v2\/users\/1"}],"replies":[{"embeddable":true,"href":"https:\/\/norus-regnskap.no\/pl\/wp-json\/wp\/v2\/comments?post=15"}],"version-history":[{"count":13,"href":"https:\/\/norus-regnskap.no\/pl\/wp-json\/wp\/v2\/pages\/15\/revisions"}],"predecessor-version":[{"id":366,"href":"https:\/\/norus-regnskap.no\/pl\/wp-json\/wp\/v2\/pages\/15\/revisions\/366"}],"wp:attachment":[{"href":"https:\/\/norus-regnskap.no\/pl\/wp-json\/wp\/v2\/media?parent=15"}],"curies":[{"name":"wp","href":"https:\/\/api.w.org\/{rel}","templated":true}]}}