		{"id":12,"date":"2015-05-18T12:03:43","date_gmt":"2015-05-18T12:03:43","guid":{"rendered":"http:\/\/norus-regnskap.no\/en\/?page_id=12"},"modified":"2021-03-30T07:39:00","modified_gmt":"2021-03-30T07:39:00","slug":"uslugi-ksiegowe","status":"publish","type":"page","link":"https:\/\/norus-regnskap.no\/pl\/uslugi-ksiegowe\/","title":{"rendered":"Us\u0142ugi ksi\u0119gowe"},"content":{"rendered":"<p><img loading=\"lazy\" decoding=\"async\" class=\"alignright wp-image-248 size-full\" title=\"Accounting services\" src=\"\/en\/wp-content\/uploads\/sites\/5\/2015\/05\/accounting-services-w600px.jpg\" alt=\"Accounting services\" width=\"600\" height=\"400\"><strong>\u015awiadczymy kompleksowe us\u0142ugi ksi\u0119gowe dla ma\u0142ych i \u015brednich firm w Norwegii.<\/strong><\/p>\n<p><strong>Nasze us\u0142ugi ksi\u0119gowe:<\/strong><\/p>\n<ul>\n<li>Pe\u0142ne us\u0142ugi ksi\u0119gowe;<\/li>\n<li>Rejestracja przedsi\u0119biorstwa;<\/li>\n<li>Doradztwo podatkowe;<\/li>\n<li>Planowanie wydatk\u00f3w;<\/li>\n<li>Fakturowanie, przypomnienia i windykacja;<\/li>\n<li>Podatek dochodowy od os\u00f3b prawnych;<\/li>\n<li>Roczne sprawozdania finansowe;<\/li>\n<\/ul>\n<h2 style=\"color: #bd0f0c;\">Pe\u0142ne us\u0142ugi ksi\u0119gowe<\/h2>\n<p>\u015awiadczymy kompleksowe us\u0142ugi ksi\u0119gowe zgodnie z prawem norweskim. Norus Accounting jest cz\u0142onkiem NARF, co potwierdza jako\u015b\u0107 us\u0142ug ksi\u0119gowych \u015bwiadczonych przez nasz\u0105 firm\u0119 oraz ich zgodno\u015b\u0107 z norweskimi standardami.<\/p>\n<p>Wykonujemy wszelkie us\u0142ugi ksi\u0119gowe zwi\u0105zane z podstawow\u0105 dzia\u0142alno\u015bci\u0105 Twojej firmy &#8211; naliczanie podatk\u00f3w do zap\u0142aty, sporz\u0105dzanie deklaracji VAT, kalkulacje wynagrodze\u0144 pracownik\u00f3w, wszelkie faktury przychodz\u0105ce i wychodz\u0105ce, ksi\u0119gowanie list\u00f3w przewozowych.<\/p>\n<p>W naszym zespole znajduj\u0105 si\u0119 uprawnieni ksi\u0119gowi posiadaj\u0105cy do\u015bwiadczenie w obs\u0142udze ksi\u0119gowej firm z r\u00f3\u017cnych dziedzin w Norwegii, a tak\u017ce mi\u0119dzynarodowe firmy i oddzia\u0142y mi\u0119dzynarodowych firm w Norwegii.<\/p>\n<p><strong>Opr\u00f3cz podstawowych us\u0142ug ksi\u0119gowych oferujemy us\u0142ugi, kt\u00f3re pozwalaj\u0105 zaoszcz\u0119dzi\u0107 czas i u\u0142atwi\u0107 raportowanie finansowe firmy.<\/strong><\/p>\n<h2 style=\"color: #bd0f0c;\">Rejestracja przedsi\u0119biorstwa<\/h2>\n<p>Doradzamy w zakresie najbardziej odpowiedniej formy rejestracji Twojej firmy, zgodnie z planowan\u0105 specyfik\u0105 dzia\u0142alno\u015bci, obrotem i rodzajem us\u0142ug. Przygotujemy wszystkie niezb\u0119dne dokumenty i pomo\u017cemy zarejestrowa\u0107 Twoj\u0105 now\u0105 firm\u0119.<\/p>\n<p><strong>Rejestrujemy wszystkie rodzaje firm:<\/strong><\/p>\n<ul>\n<li>Jednoosobowa dzia\u0142alno\u015b\u0107 gospodarcza;<\/li>\n<li>Sp\u00f3\u0142ka z ograniczon\u0105 odpowiedzialno\u015bci\u0105 (AS);<\/li>\n<li>Sp\u00f3\u0142ka akcyjna (ASA);<\/li>\n<li>Norweski oddzia\u0142 firmy zagranicznej (NUF).<\/li>\n<\/ul>\n<div class=\"iconbox\" style=\"background:#FFEDED;color:#000000;\">\n<p style=\"text-align: center;\"><strong>Specjalizujemy si\u0119 r\u00f3wnie\u017c w obs\u0142udze ksi\u0119gowej firm zagranicznych, kt\u00f3re chc\u0105 rozpocz\u0105\u0107 lub ju\u017c rozpocz\u0119\u0142y swoj\u0105 dzia\u0142alno\u015b\u0107 w Norwegii.<\/strong> <a href=\"https:\/\/norus-regnskap.no\/pl\/firma-zagraniczna\/\" class=\"gw-btn gwb-red\" title=\"Dowiedz si\u0119 wi\u0119cej\">Dowiedz si\u0119 wi\u0119cej<i class=\"fa-arrow-circle-right\"><\/i><\/a>\n<\/div>\n<h2 style=\"color: #bd0f0c;\">Doradztwo podatkowe<\/h2>\n<p>Doradzamy w kwestiach ksi\u0119gowych i podatkowych &#8211; optymalizacja podatkowa, regulacja przep\u0142ywu podatk\u00f3w.<\/p>\n<p>Pomagamy przygotowa\u0107 zeznania podatkowe zgodnie z wymogami rachunk\u00f3w zysk\u00f3w i strat oraz z\u0142o\u017cy\u0107 je w terminie. Pomagamy zoptymalizowa\u0107 podatki firmowe i stworzy\u0107 plan podatkowy zgodnie ze specyfik\u0105 Twojej firmy, co jest szczeg\u00f3lnie wa\u017cne dla firm handlowych oraz firm posiadaj\u0105cych mi\u0119dzynarodowych partner\u00f3w, klient\u00f3w i dostawc\u00f3w.<\/p>\n<p>Nasi klienci mog\u0105 w ka\u017cdej chwili skontaktowa\u0107 si\u0119 z nami, aby uzyska\u0107 odpowiedzi na swoje pytania lub um\u00f3wi\u0107 si\u0119 na konsultacje.<\/p>\n<h2 style=\"color: #bd0f0c;\">Planowanie wydatk\u00f3w;<\/h2>\n<p>Pomagamy zaplanowa\u0107 bud\u017cet i wydatki finansowe firmy, kt\u00f3re uwzgl\u0119dniaj\u0105 specyfik\u0119, sezonowo\u015b\u0107, cele firmy itd.<\/p>\n<p>Profesjonalne planowanie bud\u017cetu pozwoli Ci kontrolowa\u0107 wyniki finansowe firmy, jej wydajno\u015b\u0107 i realizacj\u0119 wyznaczonych cel\u00f3w.<\/p>\n<h2 style=\"color: #bd0f0c;\">Fakturowanie, przypomnienia i windykacja;<\/h2>\n<p><img loading=\"lazy\" decoding=\"async\" class=\"alignright wp-image-275 size-full\" title=\"Budgeting\" src=\"\/en\/wp-content\/uploads\/sites\/5\/2015\/05\/budgeting-w600x400px.jpg\" alt=\"Budgeting\" width=\"600\" height=\"400\"><br \/>\nWystawiamy faktury i wysy\u0142amy je do adresat\u00f3w zgodnie z Twoimi wymaganiami &#8211; poczt\u0105 lub e-mailem. Dodatkowo mo\u017cemy monitorowa\u0107 terminowo\u015b\u0107 p\u0142atno\u015bci faktur klient\u00f3w. Kontaktujemy si\u0119 z klientami i przypominamy o op\u0142aceniu faktur w razie potrzeby.<\/p>\n<p>Na przyk\u0142ad co miesi\u0105c zapewniamy przygotowanie i wys\u0142anie faktury do prywatnego przedszkola &#8211; obliczamy kwot\u0119 ka\u017cdej faktury; przygotowujemy, wysy\u0142amy i kontrolujemy status p\u0142atno\u015bci.<\/p>\n<h2 style=\"color: #bd0f0c;\">Podatek dochodowy od os\u00f3b prawnych<\/h2>\n<p>Pomagamy przygotowa\u0107 roczne zeznania podatkowe dla os\u00f3b fizycznych do z\u0142o\u017cenia w urz\u0119dzie skarbowym (skatteetaten) &#8211; nazwa zak\u0142adu. Wszystko, co musisz zrobi\u0107, to dok\u0142adnie zebra\u0107 wszystkie rachunki w ci\u0105gu roku i przekaza\u0107 je naszemu specjali\u015bcie. On lub ona wype\u0142ni zeznanie podatkowe zamiast Ciebie. Zaoszcz\u0119dzisz sw\u00f3j czas, a tak\u017ce unikniesz nieprzyjemnych sytuacji, kt\u00f3re mog\u0105 si\u0119 zdarzy\u0107, gdy z\u0142o\u017cysz go niepoprawnie lub niekompletnie.<\/p>\n<h2 style=\"color: #bd0f0c;\">Roczne sprawozdania finansowe<\/h2>\n<p>Zgodnie z prawem norweskim, przygotowuj\u0105c sprawozdanie roczne, uwzgl\u0119dniamy sprawozdanie zarz\u0105du, wska\u017aniki wynik\u00f3w finansowych, struktur\u0119 firmy, og\u00f3lny opis dzia\u0142alno\u015bci, pozycj\u0119 na rynku, sytuacj\u0119 finansow\u0105, zyski i straty oraz przep\u0142ywy pieni\u0119\u017cne.<\/p>\n<p>Sporz\u0105dzamy roczne sprawozdania finansowe dla wszystkich typ\u00f3w firm &#8211; jednoosobowej dzia\u0142alno\u015bci gospodarczej, sp\u00f3\u0142ki z ograniczon\u0105 odpowiedzialno\u015bci\u0105 (AS), sp\u00f3\u0142ki akcyjnej (ASA) oraz norweskiego oddzia\u0142u firmy zagranicznej (NUF).<\/p>\n<p>Nasi uprawnieni ksi\u0119gowi posiadaj\u0105 wiedz\u0119 i do\u015bwiadczenie w przygotowywaniu rocznych sprawozda\u0144 dla firm dzia\u0142aj\u0105cych w r\u00f3\u017cnych dziedzinach i o r\u00f3\u017cnej specyfice biznesowej.<\/p>\n<p>Ponadto, je\u015bli ksi\u0119gowo\u015b\u0107 Twojej firmy jest prowadzona przez inn\u0105 firm\u0119 lub osob\u0119, mo\u017cesz zam\u00f3wi\u0107 przygotowanie rocznego sprawozdania w Norus Accounting.<\/p>\n<h2 style=\"color: #bd0f0c;\">\u00c5rsoppgj\u00f8r<\/h2>\n<p>I samsvar med det norske regelverket ved utarbeidelse av \u00e5rsoppgj\u00f8r inkluderer vi ledelsesbrevet, en generell beskrivelse av virksomheten, informasjon om finansielle prestasjonsm\u00e5l, organisasjonsstruktur, markedsposisjon, finansiell stilling, resultatregnskap og kontantstr\u00f8m.<\/p>\n<p><strong>Vi utarbeider \u00e5rsoppgj\u00f8r til alle type foretak:<\/strong><\/p>\n<ul>\n<li>Enkeltpersonforetak;<\/li>\n<li>Aksjeselskap (AS);<\/li>\n<li>Allmennaksjeselskap (ASA);<\/li>\n<li>Norskregistrert utenlandsk foretak (NUF).<\/li>\n<\/ul>\n<p>V\u00e5re regnskapsf\u00f8rere har kunnskap og erfaring med utarbeidelse av \u00e5rsoppgj\u00f8r fra forskjellige typer selskaper med ulike selskapsformer, og som driver i ulike bransjer.<\/p>\n<p>Selv om ditt foretaks regnskap blir f\u00f8rt av et annet selskap eller person, kan du bestille utarbeidelse av \u00e5rsoppgj\u00f8r fra Norus Regnskapsbyr\u00e5.<\/p>\n<div class=\"clearboth\"><\/div><section class=\"cta\" style=\"border:1px solid #e4e4e4;background:#FFEDED;\">\n<p style=\"text-align: center;\"><strong>Dowiedz si\u0119 wi\u0119cej o oferowanych przez nas us\u0142ugach ksi\u0119gowych.<\/strong> <a href=\"https:\/\/norus-regnskap.no\/pl\/kontakt\/\" class=\"gw-btn gwb-red\" title=\"Skontaktuj si\u0119 z nami\">Skontaktuj si\u0119 z nami<i class=\"fa-arrow-circle-right\"><\/i><\/a>\n<\/section>\n","protected":false},"excerpt":{"rendered":"<p>\u015awiadczymy kompleksowe us\u0142ugi ksi\u0119gowe dla ma\u0142ych i \u015brednich firm w Norwegii. Nasze us\u0142ugi ksi\u0119gowe: Pe\u0142ne us\u0142ugi ksi\u0119gowe; Rejestracja przedsi\u0119biorstwa; Doradztwo podatkowe; Planowanie wydatk\u00f3w; Fakturowanie, przypomnienia i windykacja; Podatek dochodowy od os\u00f3b prawnych; Roczne sprawozdania finansowe; Pe\u0142ne us\u0142ugi ksi\u0119gowe \u015awiadczymy kompleksowe us\u0142ugi ksi\u0119gowe zgodnie z prawem norweskim. Norus Accounting jest cz\u0142onkiem NARF, co potwierdza jako\u015b\u0107 us\u0142ug [&hellip;]<\/p>\n","protected":false},"author":1,"featured_media":0,"parent":0,"menu_order":0,"comment_status":"closed","ping_status":"closed","template":"template-fullwidth.php","meta":{"_mi_skip_tracking":false,"_monsterinsights_sitenote_active":false,"_monsterinsights_sitenote_note":"","_monsterinsights_sitenote_category":0,"footnotes":""},"_links":{"self":[{"href":"https:\/\/norus-regnskap.no\/pl\/wp-json\/wp\/v2\/pages\/12"}],"collection":[{"href":"https:\/\/norus-regnskap.no\/pl\/wp-json\/wp\/v2\/pages"}],"about":[{"href":"https:\/\/norus-regnskap.no\/pl\/wp-json\/wp\/v2\/types\/page"}],"author":[{"embeddable":true,"href":"https:\/\/norus-regnskap.no\/pl\/wp-json\/wp\/v2\/users\/1"}],"replies":[{"embeddable":true,"href":"https:\/\/norus-regnskap.no\/pl\/wp-json\/wp\/v2\/comments?post=12"}],"version-history":[{"count":13,"href":"https:\/\/norus-regnskap.no\/pl\/wp-json\/wp\/v2\/pages\/12\/revisions"}],"predecessor-version":[{"id":393,"href":"https:\/\/norus-regnskap.no\/pl\/wp-json\/wp\/v2\/pages\/12\/revisions\/393"}],"wp:attachment":[{"href":"https:\/\/norus-regnskap.no\/pl\/wp-json\/wp\/v2\/media?parent=12"}],"curies":[{"name":"wp","href":"https:\/\/api.w.org\/{rel}","templated":true}]}}