		{"id":113,"date":"2015-08-18T09:48:22","date_gmt":"2015-08-18T09:48:22","guid":{"rendered":"http:\/\/norus-regnskap.no\/en\/?page_id=113"},"modified":"2021-03-29T10:27:33","modified_gmt":"2021-03-29T10:27:33","slug":"kalendarz-ksiegowego","status":"publish","type":"page","link":"https:\/\/norus-regnskap.no\/pl\/kalendarz-ksiegowego\/","title":{"rendered":"Kalendarz ksi\u0119gowego"},"content":{"rendered":"<p style=\"text-align: center;\"><span style=\"font-size: large;\">W tym kalendarzu znajdziesz wszystkie terminy sk\u0142adania r\u00f3\u017cnych dokument\u00f3w i raport\u00f3w.<\/span><\/p>\n<p style=\"text-align: center;\"><span style=\"font-size: large;\">Wype\u0142niaj\u0105c poni\u017csze pola, mo\u017cesz otrzymywa\u0107 mailowe przypomnienia o zbli\u017caj\u0105cych si\u0119 terminach sk\u0142adania o\u015bwiadcze\u0144.<\/span><\/p>\n<\/div><\/div><div class=\"contentbar\" style=\"\"><section class=\"contentbar-section\" style=\"background-color:#F8F8F8;\"><div class=\"container\">\n<div class=\"noruscal-subscribe\">\n\t<div class=\"container\">\n\t\t<div class=\"row\">\n\t\t\t<div class=\"col-md-12\">\n\t\t\t\t<div id=\"mc_embed_signup\">\n\t\t\t\t\t<form action=\"\/\/norus-regnskap.us11.list-manage.com\/subscribe\/post?u=5383ef9693295174d0d85f980&amp;id=0c1f6a6d22\" method=\"post\" id=\"mc-embedded-subscribe-form\" name=\"mc-embedded-subscribe-form\" class=\"validate\" target=\"_blank\" novalidate>\n\t\t\t\t\t\t<div id=\"mce-responses\" class=\"clear\">\n\t\t\t\t\t\t\t<div class=\"alert alert-danger\" id=\"mce-error-response\" style=\"display:none\"><\/div>\n\t\t\t\t\t\t\t<div class=\"alert alert-success\" id=\"mce-success-response\" style=\"display:none\"><\/div>\n\t\t\t\t\t\t<\/div><!-- real people should not fill this in and expect good things - do not remove this or risk form bot signups-->\n\t\t\t\t\t\t<input type=\"text\" value=\"\" name=\"FNAME\" class=\"input-lg noruscal-subscribe-input\" id=\"mce-FNAME\" placeholder=\"Your name\">\n\t\t\t\t\t\t<input type=\"email\" value=\"\" name=\"EMAIL\" class=\"input-lg noruscal-subscribe-input\" id=\"mce-EMAIL\" placeholder=\"Email\">\n\t\t\t\t\t\t<input type=\"hidden\" name=\"b_5383ef9693295174d0d85f980_0c1f6a6d22\" tabindex=\"-1\" value=\"\">\n\t\t\t\t\t\t<input type=\"hidden\" name=\"LANGUAGE\" id=\"mce-LANGUAGE\" tabindex=\"-1\" value=\"\">\n\t\t\t\t\t  <button name=\"subscribe\" id=\"mc-embedded-subscribe\" class=\"noruscal-subscribe-submit\"><span class=\"fa fa-envelope\"><\/span> Subscribe<\/button>\n\t\t\t\t\t<\/form>\n\t\t\t\t<\/div>\n\t\t\t\t<script type='text\/javascript' src='\/\/s3.amazonaws.com\/downloads.mailchimp.com\/js\/mc-validate.js'><\/script><script type='text\/javascript'>(function($) {window.fnames = new Array(); window.ftypes = new Array();fnames[0]='EMAIL';ftypes[0]='email';fnames[1]='FNAME';ftypes[1]='text';fnames[2]='LNAME';ftypes[2]='text';}(jQuery));var $mcj = jQuery.noConflict(true);<\/script>\n\t\t\t<\/div>\n\t\t<\/div>\n\t<\/div>\n<\/div>\n\n<\/div><\/section><\/div><div class=\"container\"><div class=\"content\">\n<div class=\"container\">\n\t<!-- Filters & Upcoming -->\n\t<div class=\"row\">\n\t\t<!-- Filters -->\n\t\t<div class=\"col-md-6\">\n\t\t\t<form class=\"noruscal-filter\">\n\t\t\t\t<select id=\"noruscal-filter-type\">\n\t\t\t\t\t<option value=\"0\">Show All<\/option>\n\t\t\t\t\t\t\t\t\t<\/select>\n\t\t\t\t<select id=\"noruscal-filter-year\">\n\t\t\t\t\t\t\t\t\t\t\t<option value=\"2026\">2026<\/option>\n\t\t\t\t\t\t\t\t\t\t\t<option value=\"2027\">2027<\/option>\n\t\t\t\t\t\t\t\t\t\t\t<option value=\"2028\">2028<\/option>\n\t\t\t\t\t\t\t\t\t<\/select>\n\t\t\t<\/form>\n\n\t\t\t<div class=\"noruscal-panel\" id=\"noruscal-filtered-report-info\">\n\t\t\t\t\t\t\t<\/div>\n\t\t<\/div><!-- \/\/ Filters -->\n\n\t\t<!-- Upcoming -->\n\t\t<div class=\"col-md-6\">\n\t\t\t<div class=\"noruscal-upcoming\">\n\t\t\t\t<h3><span class=\"fa fa-calendar\"><\/span> Upcoming<\/h3>\n\t\t\t\t<div class=\"noruscal-panel\">\n\t\t\t\t\t<ul>\n\t\t\t\t\t\t\t\t\t\t<\/ul>\n\t\t\t\t<\/div>\n\t\t\t<\/div>\n\t\t<\/div><!-- \/\/ Upcoming -->\n\n\t<\/div><!-- \/\/ Filters & Upcoming -->\n\n\t<!-- Calendar -->\n\t<div class=\"row\">\n\t\t<div class=\"col-md-3\">\n\t\t\t<div id=\"noruscal-1\" class=\"noruscal-calendar\" data-month=\"1\"><\/div>\n\t\t<\/div>\n\t\t<div class=\"col-md-3\">\n\t\t\t<div id=\"noruscal-2\" class=\"noruscal-calendar\" data-month=\"2\"><\/div>\n\t\t<\/div>\n\t\t<div class=\"col-md-3\">\n\t\t\t<div id=\"noruscal-3\" class=\"noruscal-calendar\" data-month=\"3\"><\/div>\n\t\t<\/div>\n\t\t<div class=\"col-md-3\">\n\t\t\t<div id=\"noruscal-4\" class=\"noruscal-calendar\" data-month=\"4\"><\/div>\n\t\t<\/div>\n\t<\/div>\n\n\t<div class=\"row\">\n\t\t<div class=\"col-md-3\">\n\t\t\t<div id=\"noruscal-5\" class=\"noruscal-calendar\" data-month=\"5\"><\/div>\n\t\t<\/div>\n\t\t<div class=\"col-md-3\">\n\t\t\t<div id=\"noruscal-6\" class=\"noruscal-calendar\" data-month=\"6\"><\/div>\n\t\t<\/div>\n\t\t<div class=\"col-md-3\">\n\t\t\t<div id=\"noruscal-7\" class=\"noruscal-calendar\" data-month=\"7\"><\/div>\n\t\t<\/div>\n\t\t<div class=\"col-md-3\">\n\t\t\t<div id=\"noruscal-8\" class=\"noruscal-calendar\" data-month=\"8\"><\/div>\n\t\t<\/div>\n\t<\/div>\n\n\t<div class=\"row\">\n\t\t<div class=\"col-md-3\">\n\t\t\t<div id=\"noruscal-9\" class=\"noruscal-calendar\" data-month=\"9\"><\/div>\n\t\t<\/div>\n\t\t<div class=\"col-md-3\">\n\t\t\t<div id=\"noruscal-10\" class=\"noruscal-calendar\" data-month=\"10\"><\/div>\n\t\t<\/div>\n\t\t<div class=\"col-md-3\">\n\t\t\t<div id=\"noruscal-11\" class=\"noruscal-calendar\" data-month=\"11\"><\/div>\n\t\t<\/div>\n\t\t<div class=\"col-md-3\">\n\t\t\t<div id=\"noruscal-12\" class=\"noruscal-calendar\" data-month=\"12\"><\/div>\n\t\t<\/div>\n\t<\/div>\n\n\t<!-- Setting up JS variables -->\n\t<script type=\"text\/javascript\">\n\t\tvar noruscalAllEvents = [];\n\t\tvar noruscalGroups = [];\n\t\tvar noruscalShowAllDescription = \"\";\n\t\tvar noruscalTranslations = {\"months\":\"January_February_March_April_May_June_July_August_September_October_November_December\",\"weekdaysMin\":\"S_M_T_W_T_F_S\"};\n\t<\/script>\n\n\n\t<!-- Template for CLNDR.js -->\n    <script type=\"text\/template\" id=\"clndr-template\">\n\t    <div class=\"month-bar\"><@= month @><\/div>\n\t    <div class=\"clndr-grid\">\n\t      <div class=\"days-of-the-week clearfix\">\n\t        <@ _.each(daysOfTheWeek, function(day) { @>\n\t          <div class=\"header-day\"><@= day @><\/div>\n\t        <@ }); @>\n\t      <\/div>\n\t      <div class=\"days clearfix\">\n\t        <@ _.each(days, function(day) { @>\n\t          <div class=\"<@= day.classes @>\" id=\"<@= day.id @>\"><span class=\"day-number\"><@= day.day @><\/span><\/div>\n\t        <@ }); @>\n\t      <\/div>\n\t    <\/div>\n\t  <\/script><!-- \/\/ Template for CLNDR.js -->\n\n\t<!-- \/\/ Calendar -->\n<\/div>\n\n","protected":false},"excerpt":{"rendered":"<p>W tym kalendarzu znajdziesz wszystkie terminy sk\u0142adania r\u00f3\u017cnych dokument\u00f3w i raport\u00f3w. Wype\u0142niaj\u0105c poni\u017csze pola, mo\u017cesz otrzymywa\u0107 mailowe przypomnienia o zbli\u017caj\u0105cych si\u0119 terminach sk\u0142adania o\u015bwiadcze\u0144.<\/p>\n","protected":false},"author":1,"featured_media":0,"parent":0,"menu_order":0,"comment_status":"closed","ping_status":"open","template":"template-fullwidth.php","meta":{"_mi_skip_tracking":false,"_monsterinsights_sitenote_active":false,"_monsterinsights_sitenote_note":"","_monsterinsights_sitenote_category":0,"footnotes":""},"_links":{"self":[{"href":"https:\/\/norus-regnskap.no\/pl\/wp-json\/wp\/v2\/pages\/113"}],"collection":[{"href":"https:\/\/norus-regnskap.no\/pl\/wp-json\/wp\/v2\/pages"}],"about":[{"href":"https:\/\/norus-regnskap.no\/pl\/wp-json\/wp\/v2\/types\/page"}],"author":[{"embeddable":true,"href":"https:\/\/norus-regnskap.no\/pl\/wp-json\/wp\/v2\/users\/1"}],"replies":[{"embeddable":true,"href":"https:\/\/norus-regnskap.no\/pl\/wp-json\/wp\/v2\/comments?post=113"}],"version-history":[{"count":3,"href":"https:\/\/norus-regnskap.no\/pl\/wp-json\/wp\/v2\/pages\/113\/revisions"}],"predecessor-version":[{"id":368,"href":"https:\/\/norus-regnskap.no\/pl\/wp-json\/wp\/v2\/pages\/113\/revisions\/368"}],"wp:attachment":[{"href":"https:\/\/norus-regnskap.no\/pl\/wp-json\/wp\/v2\/media?parent=113"}],"curies":[{"name":"wp","href":"https:\/\/api.w.org\/{rel}","templated":true}]}}