		{"id":8,"date":"2014-04-19T18:37:26","date_gmt":"2014-04-19T16:37:26","guid":{"rendered":"http:\/\/norus-regnskap.no\/?page_id=8"},"modified":"2020-02-07T14:06:10","modified_gmt":"2020-02-07T13:06:10","slug":"gramatvediba","status":"publish","type":"page","link":"https:\/\/norus-regnskap.no\/lv\/gramatvediba\/","title":{"rendered":"Gr\u0101matved\u012bba"},"content":{"rendered":"<p><img loading=\"lazy\" decoding=\"async\" class=\"alignright wp-image-248 size-full\" title=\"Accounting services\" src=\"\/en\/wp-content\/uploads\/sites\/5\/2015\/05\/accounting-services-w600px.jpg\" alt=\"Accounting services\" width=\"600\" height=\"400\" \/><strong>Nodro\u0161in\u0101m pilna servisa gr\u0101matved\u012bbas pakalpojumus maziem un vid\u0113ji lieliem uz\u0146\u0113mumiem Norv\u0113\u0123ij\u0101. <\/strong><\/p>\n<p><strong>M\u016bsu gr\u0101matved\u012bbas pakalpojumi:<\/strong><\/p>\n<ul>\n<li>Gr\u0101matved\u012bba no A l\u012bdz Z;<\/li>\n<li>Uz\u0146\u0113mumu re\u0123istr\u0101cija un likvid\u0101cija;<\/li>\n<li>Konsult\u0101cijas nodok\u013cu jaut\u0101jumos;<\/li>\n<li>Algas apr\u0113\u0137in\u0101\u0161ana;<\/li>\n<li>Fakturering, purring og inkasso;<\/li>\n<li>Selvangivelse for n\u00e6ringsdrivende;<\/li>\n<li>\u00c5rsoppgj\u00f8r;<\/li>\n<\/ul>\n<h2 style=\"color: #bd0f0c\">Gr\u0101matved\u012bba no A l\u012bdz Z<\/h2>\n<p>Nodro\u0161in\u0101m pilna servisa gr\u0101matved\u012bbas pakalpojumus atbilsto\u0161i Norv\u0113\u0123ijas likumdo\u0161anai. Norus Regnskapsbyr\u00e5 ir NARF biedrs, kas apliecina m\u016bsu uz\u0146\u0113muma gr\u0101matved\u012bbas pakalpojumu kvalit\u0101ti un atbilst\u012bbu Norv\u0113\u0123ijas standartiem.<\/p>\n<p>M\u016bsu speci\u0101listi veic visus ar uz\u0146\u0113muma pamatdarb\u012bbu saist\u012btos gr\u0101matved\u012bbas pakalpojumus \u2013 nodok\u013cu nomaksas apr\u0113\u0137inu, PVN deklar\u0101cijas sagatavo\u0161anu, darbinieku algu apr\u0113\u0137inus, visu ien\u0101ko\u0161o un izejo\u0161o r\u0113\u0137inu, pavadz\u012bmju iegr\u0101mato\u0161anu.<\/p>\n<p>M\u0113s akcent\u0113jam savu uzman\u012bbu uz katru ar J\u016bsu r\u0113\u0137inu saist\u012bto dar\u012bjumu un sniegsim jebkuru inform\u0101ciju par tr\u016bksto\u0161iem dokumentiem.<\/p>\n<p>M\u016bsu komand\u0101 ir autoriz\u0113ti gr\u0101matve\u017ei ar pieredzi gr\u0101matved\u012bbas veik\u0161an\u0101 da\u017e\u0101du nozaru uz\u0146\u0113mumiem Norv\u0113\u0123ij\u0101, k\u0101 ar\u012b starptautiskiem uz\u0146\u0113mumiem un starptautisku uz\u0146\u0113mumu fili\u0101l\u0113m Norv\u0113\u0123ij\u0101.<\/p>\n<p>M\u016bsu sniegtie pakalpojumi \u013caus ietaup\u012bt J\u016bsu laiku un pamat\u012bgi atvieglos finan\u0161u kontroli uz\u0146\u0113mum\u0101.<\/p>\n<h2 style=\"color: #bd0f0c\">Foretaksregistrering &#8211; Uz\u0146\u0113muma re\u0123istr\u0101cija<\/h2>\n<p>M\u0113s ar prieku sniegsim Jums konsult\u0101cijas par piem\u0113rot\u0101ko uz\u0146\u0113muma formu atbilsto\u0161i pl\u0101not\u0101 biznesa specifikai, apgroz\u012bjumam un pakalpojumiem. Sagatavosim visu nepiecie\u0161amo dokument\u0101ciju un pal\u012bdz\u0113sim J\u016bsu jaun\u0101 uz\u0146\u0113muma re\u0123istr\u0113\u0161an\u0101.<\/p>\n<p><strong>Re\u0123istr\u0113jam visa veida uz\u0146\u0113mumus:<\/strong><\/p>\n<ul>\n<li>Enkeltpersonforetak;<\/li>\n<li>Aksjeselskap (AS);<\/li>\n<li>Skriv ut Allmennaksjeselskap (ASA);<\/li>\n<li>Norsk avdeling av utenlandsk foretak (NUF).<\/li>\n<\/ul>\n<div class=\"iconbox\" style=\"background:#FFEDED;color:#000000;\">\n<p style=\"text-align: center\"><strong>Specializ\u0113jamies ar\u012b gr\u0101matved\u012bbas pakalpojumu snieg\u0161an\u0101 \u0101rvalstu uz\u0146\u0113mumiem, kuri v\u0113las uzs\u0101kt vai jau ir uzs\u0101ku\u0161i uz\u0146\u0113m\u0113jdarb\u012bbu Norv\u0113\u0123ij\u0101.<\/strong> <a href=\"http:\/\/norus-regnskap.no\/en\/foreign-company-services-for-foreign-undertakings\/\" class=\"gw-btn gwb-red\" title=\"Learn more\">Uzziniet vair\u0101k<i class=\"fa-arrow-circle-right\"><\/i><\/a>\n<\/div>\n<h2 style=\"color: #bd0f0c\">Skatter\u00e5dgivning \u2013 Nodok\u013cu konsult\u0101cijas<\/h2>\n<p>M\u016bsu speci\u0101listi nodro\u0161in\u0101s konsult\u0101cijas gr\u0101matved\u012bbas un uz\u0146\u0113muma nodok\u013cu nomaksas jaut\u0101jumos, k\u0101 ar\u012b sniegs inform\u0101ciju par nodok\u013cu optimiz\u0101cijas iesp\u0113j\u0101m.<\/p>\n<p>M\u0113s pal\u012bdz\u0113sim Jums sagatavot nodok\u013cu atskaites atbilsto\u0161i N\u00e6ringsoppgave 1 un N\u00e6ringsoppgave 2 pras\u012bb\u0101m un savlaic\u012bgi t\u0101s iesniegt. Pal\u012bdz\u0113sim optimiz\u0113t uz\u0146\u0113muma nodok\u013cus un izveidot uz\u0146\u0113muma specifikai atbilsto\u0161u nodok\u013cu pl\u0101nu, kas ir \u012bpa\u0161i svar\u012bgi uz\u0146\u0113mumiem, kas nodarbojas ar tirdzniec\u012bbu un kuriem ir starptautiskie partneri, klienti un pieg\u0101d\u0101t\u0101ji.<\/p>\n<p><strong>M\u016bsu klienti<\/strong> var sazin\u0101ties ar mums jebkur\u0101 laik\u0101, lai ieg\u016btu atbildes uz jebkuriem jaut\u0101jumiem vai pieteiktu laiku strat\u0113\u0123iskai konsult\u0101cijai.<\/p>\n<h2 style=\"color: #bd0f0c\">Budsjettering- Bud\u017eet\u0113\u0161ana<\/h2>\n<p>M\u0113s pal\u012bdz\u0113sim Jums sapl\u0101not uz\u0146\u0113muma bud\u017eetu un finan\u0161u pl\u016bsmu, kas atbilst j\u016bsu uz\u0146\u0113muma specifikai, sezonalit\u0101tei, m\u0113r\u0137iem u.c.<\/p>\n<p>Profesion\u0101l\u0101 bud\u017eeta pl\u0101no\u0161ana \u013caus Jums kontrol\u0113t uz\u0146\u0113muma finan\u0161u rezult\u0101tus, darb\u012bbas efektivit\u0101ti, k\u0101 ar\u012b nodro\u0161in\u0101s labvel\u012bgus apst\u0101k\u013cus izvirz\u012bto m\u0113r\u0137u sasnieg\u0161anai.<\/p>\n<h2 style=\"color: #bd0f0c\">Fakturering, purring og inkasso<\/h2>\n<p><img loading=\"lazy\" decoding=\"async\" class=\"alignright wp-image-275 size-full\" title=\"Budgeting\" src=\"\/en\/wp-content\/uploads\/sites\/5\/2015\/05\/budgeting-w600x400px.jpg\" alt=\"Budgeting\" width=\"600\" height=\"400\" \/><br \/>\nM\u016bsu speci\u0101listi \u0101tri un laic\u012bgi izrakst\u012bs r\u0113\u0137inus un nos\u016bt\u012bs tos atbilsto\u0161iem adres\u0101tiem, vadoties p\u0113c J\u016bsu pras\u012bb\u0101m \u2013 pa pastu vai e-past\u0101. Papildus tam, m\u0113s varam sekot l\u012bdzi debitoru r\u0113\u0137inu savlaic\u012bgai apmaksai. Nepiecie\u0161am\u012bbas gad\u012bjum\u0101 sazin\u0101simies ar debitoriem un atg\u0101din\u0101sim par r\u0113\u0137ina apmaksu.<\/p>\n<p>Ja nepiecie\u0161ams, m\u0113s varam atg\u0101din\u0101t par r\u0113\u0137ina apmaksu.<\/p>\n<h2 style=\"color: #bd0f0c\">Selvangivelse for n\u00e6ringsdrivende- Uz\u0146\u0113m\u0113ja nodok\u013cu deklar\u0101cija<\/h2>\n<p>M\u0113s pal\u012bdz\u0113sim Jums sagatavot ikgad\u0113jo priv\u0101tpersonu nodok\u013cu deklar\u0101ciju iesnieg\u0161anai Skatteetaten. Selvangivelse \u2013 t\u0101 ir finan\u0161u atskaite, kur\u0101 ir nor\u0101d\u012bti visi ien\u0101kuma avoti J\u016bsu k\u0101 darbinieka vai uz\u0146\u0113m\u0113ja. Uz deklar\u0101cijas pamata notiek J\u016bsu nodok\u013cu apr\u0113\u0137in\u0101\u0161ana, kas apliecina dokumenta svar\u012bgumu.Viss, kas Jums j\u0101dara ir visu gadu r\u016bp\u012bgi j\u0101saglab\u0101 un j\u0101kr\u0101j atbilsto\u0161ie \u010deki, lai tos nodotu m\u016bsu speci\u0101listam. Vi\u0146\u0161 \u0161o nodok\u013cu deklar\u0101ciju aizpild\u012bs J\u016bsu viet\u0101. J\u016bs ieekonom\u0113siet laiku, k\u0101 ar\u012b izvair\u012bsieties no nepat\u012bkam\u0101m situ\u0101cij\u0101m, kas var rasties to nepareizi vai nepiln\u012bgi aizpildot.<\/p>\n<h2 style=\"color: #bd0f0c\">\u00c5rsoppgj\u00f8r- Gada p\u0101rskats<\/h2>\n<p>Atbilsto\u0161i Norv\u0113\u0123ijas likumdo\u0161anai, sagatavojot gada p\u0101rskatu akciju sabiedr\u012bb\u0101m, NUF k\u0101 ar\u012b individu\u0101lajem uz\u0146\u0113m\u0113jiem, kuru apgroz\u012bjums p\u0101rsniedz 5 000 000 NOK, mums j\u0101nos\u016bta t\u0101 sauc\u0101mo \u00c5rsoppgj\u00f8r uz Br\u00f8nn\u00f8ysundregister. Taj\u0101 m\u0113s iek\u013caujam vad\u012bbas v\u0113stuli, finan\u0161u darb\u012bbas r\u0101d\u012bt\u0101jus, inform\u0101ciju par uz\u0146\u0113muma strukt\u016bru, visp\u0101r\u0113jo biznesa raksturojumu, vietu tirg\u016b, finansi\u0101lo st\u0101vokli, pe\u013c\u0146u vai zaud\u0113jumiem un naudas pl\u016bsmu.<\/p>\n<p>M\u016bsu speci\u0101listi sagatavos gada p\u0101rskatu visa veida uz\u0146\u0113mumiem \u2013 enkeltpersonforetak, aksjeselskap (AS), Allmennaksjeselskap (ASA) un norsk avdeling av utenlandsk foretak (NUF).<\/p>\n<p>M\u016bsu autoriz\u0113tajiem gr\u0101matve\u017eiem ir zin\u0101\u0161anas un pieredze gada p\u0101rskatu sagatavo\u0161an\u0101 uz\u0146\u0113mumiem, kuri darbojas da\u017e\u0101d\u0101s nozar\u0113s, ar da\u017e\u0101du biznesa specifiku.<\/p>\n<p>Ar\u012b tad, ja J\u016bsu uz\u0146\u0113muma gr\u0101matved\u012bbu veic cits uz\u0146\u0113mums vai persona, J\u016bs varat pas\u016bt\u012bt gada p\u0101rksata sagatavo\u0161anu Norus Regnskapsbyr\u00e5.<\/p>\n<h2 style=\"color: #bd0f0c\">Uz\u0146\u0113muma likvid\u0101cija<\/h2>\n<div>M\u0113s Jums izskaidrosim uz\u0146\u0113muma likvid\u0101cijas procesa k\u0101rt\u012bbu, sagatavosim visus<\/div>\n<div>nepiecie\u0161amos dokumentus, k\u0101 ar\u012b sniegsim Jums konsult\u0101cijas uz\u0146\u0113muma<\/div>\n<div>likvid\u0101cijas gait\u0101.<\/div>\n<div class=\"clearboth\"><\/div><section class=\"cta\" style=\"border:1px solid #e4e4e4;background:#FFEDED;\">\n<p style=\"text-align: center\"><strong>Uzziniet vair\u0101k par jebkuru no m\u016bsu pied\u0101v\u0101tajiem gr\u0101matved\u012bbas pakalpojumiem.<\/strong> <a href=\"http:\/\/norus-regnskap.no\/en\/contact\/\" class=\"gw-btn gwb-red\" title=\"Contact us\">Sazinieties ar mums.<i class=\"fa-arrow-circle-right\"><\/i><\/a>\n<\/section>\n","protected":false},"excerpt":{"rendered":"<p>Nodro\u0161in\u0101m pilna servisa gr\u0101matved\u012bbas pakalpojumus maziem un vid\u0113ji lieliem uz\u0146\u0113mumiem Norv\u0113\u0123ij\u0101. M\u016bsu gr\u0101matved\u012bbas pakalpojumi: Gr\u0101matved\u012bba no A l\u012bdz Z; Uz\u0146\u0113mumu re\u0123istr\u0101cija un likvid\u0101cija; Konsult\u0101cijas nodok\u013cu jaut\u0101jumos; Algas apr\u0113\u0137in\u0101\u0161ana; Fakturering, purring og inkasso; Selvangivelse for n\u00e6ringsdrivende; \u00c5rsoppgj\u00f8r; Gr\u0101matved\u012bba no A l\u012bdz Z Nodro\u0161in\u0101m pilna servisa gr\u0101matved\u012bbas pakalpojumus atbilsto\u0161i Norv\u0113\u0123ijas likumdo\u0161anai. Norus Regnskapsbyr\u00e5 ir NARF biedrs, kas [&hellip;]<\/p>\n","protected":false},"author":1,"featured_media":0,"parent":0,"menu_order":0,"comment_status":"closed","ping_status":"closed","template":"template-fullwidth.php","meta":{"_mi_skip_tracking":false,"_monsterinsights_sitenote_active":false,"_monsterinsights_sitenote_note":"","_monsterinsights_sitenote_category":0,"footnotes":""},"_links":{"self":[{"href":"https:\/\/norus-regnskap.no\/lv\/wp-json\/wp\/v2\/pages\/8"}],"collection":[{"href":"https:\/\/norus-regnskap.no\/lv\/wp-json\/wp\/v2\/pages"}],"about":[{"href":"https:\/\/norus-regnskap.no\/lv\/wp-json\/wp\/v2\/types\/page"}],"author":[{"embeddable":true,"href":"https:\/\/norus-regnskap.no\/lv\/wp-json\/wp\/v2\/users\/1"}],"replies":[{"embeddable":true,"href":"https:\/\/norus-regnskap.no\/lv\/wp-json\/wp\/v2\/comments?post=8"}],"version-history":[{"count":13,"href":"https:\/\/norus-regnskap.no\/lv\/wp-json\/wp\/v2\/pages\/8\/revisions"}],"predecessor-version":[{"id":762,"href":"https:\/\/norus-regnskap.no\/lv\/wp-json\/wp\/v2\/pages\/8\/revisions\/762"}],"wp:attachment":[{"href":"https:\/\/norus-regnskap.no\/lv\/wp-json\/wp\/v2\/media?parent=8"}],"curies":[{"name":"wp","href":"https:\/\/api.w.org\/{rel}","templated":true}]}}