		{"id":6,"date":"2014-04-19T18:37:13","date_gmt":"2014-04-19T16:37:13","guid":{"rendered":"http:\/\/norus-regnskap.no\/?page_id=6"},"modified":"2020-02-07T11:32:08","modified_gmt":"2020-02-07T10:32:08","slug":"forsiden","status":"publish","type":"page","link":"https:\/\/norus-regnskap.no\/lv\/","title":{"rendered":"Priek\u0161\u0113jais"},"content":{"rendered":"<\/div><\/div><div class=\"contentbar\" style=\"\"><section class=\"contentbar-section\" style=\"background-color:#FFF7FB;\"><div class=\"container\">\n<h1 style=\"text-align: center;margin-bottom: 15px\"><strong>M\u016bsu pakalpojumi<\/strong><\/h1>\n<p style=\"text-align: center\">M\u0113s zin\u0101m m\u016bsu stipr\u0101s puses. M\u0113s koncentr\u0113jamies uz m\u016bsu uz\u0146\u0113muma pamatdarb\u012bbu \u2013 gr\u0101maved\u012bbas pakalpojumu snieg\u0161anu maziem un vid\u0113ji lieliem uz\u0146\u0113mumiem.<\/p>\n<\/div><\/section><\/div><div class=\"container\"><div class=\"content\">\n<\/div><\/div><div class=\"contentbar\" style=\"\"><section class=\"contentbar-section\" style=\"\"><img decoding=\"async\" src=\"\/en\/wp-content\/uploads\/sites\/5\/2015\/05\/our-services-bg-w2400-h1718.jpg\" alt=\"\" class=\"contentbar-img\"><div class=\"container\">\n<div class=\"siservice-block \" style=\"width:50%;\" ><div class=\"sis-icon\"  style=\"border:2px solid #d20e1c; color:#d20e1c;\"><i class=\"fa-check-square-o\"><\/i><\/div><div class=\"siservice-content\" >\n<h2>Gr\u0101matved\u012bbas pakalpojumi<\/h2>\n<p>Pilna servisa gr\u0101matved\u012bbas pakalpojumi maziem un vid\u0113ji lieliem uz\u0146\u0113mumiem Norv\u0113\u0123ij\u0101 \u2013 uz\u0146\u0113muma re\u0123istr\u0101cija un likvid\u0101cija, gr\u0101matved\u012bbas atskaites, konsult\u0101cijas, finan\u0161u pl\u0101no\u0161ana, faktur\u0113\u0161ana, purring og inkasso, gada atskaites (selvangivelse, \u00e5rsregnskap), PVN \u2013 p\u0101rst\u0101vniec\u012bba, algas apr\u0113\u0137in\u0101\u0161ana, konsult\u0101cijas nodok\u013cu jaut\u0101jumos. Pilns pakalpojumu spektrs, kas Jums \u013caus koncentr\u0113ties uz uz\u0146\u0113muma pamatdarb\u012bbu un naudas peln\u012b\u0161anu.<\/p>\n<a href=\"http:\/\/norus-regnskap.no\/en\/accounting-services\/\" class=\"gw-btn gwb-red\" title=\"More\">Las\u012bt vair\u0101k<i class=\"fa-arrow-circle-right\"><\/i><\/a>\n<\/div><div class=\"siservice-bottom-line \"><\/div><\/div>\n<div class=\"siservice-block \" style=\"width:50%;\" ><div class=\"sis-icon\"  style=\"border:2px solid #d20e1c; color:#d20e1c;\"><i class=\"fa-check-square-o\"><\/i><\/div><div class=\"siservice-content\" >\n<h2>Gr\u0101matved\u012bbas pakalpojumi \u0101rvalstu uz\u0146\u0113m\u0113jiem<\/h2>\n<p>M\u0113s pal\u012bdzam \u0101rvalstu uz\u0146\u0113m\u0113jiem uzs\u0101kt un realiz\u0113t uz\u0146\u0113m\u0113jdarb\u012bbu Norv\u0113\u0123ij\u0101. M\u016bsu starptautiski pieredz\u0113ju\u0161i gr\u0101matve\u017ei run\u0101 vair\u0101k\u0101s valod\u0101s. M\u0113s nodarbojamies ar uz\u0146\u0113mumu re\u0123istr\u0101ciju, nodro\u0161in\u0101m pilna servisa gr\u0101matved\u012bbas pakalpojumus.<\/p>\n<a href=\"http:\/\/norus-regnskap.no\/en\/foreign-company-services-for-foreign-undertakings\/\" class=\"gw-btn gwb-red\" title=\"More\">Las\u012bt vair\u0101k<i class=\"fa-arrow-circle-right\"><\/i><\/a>\n<\/div><div class=\"siservice-bottom-line \"><\/div><\/div>\n<hr class=\"gw-divider clearboth\" \/>\n<div class=\"siservice-block \" style=\"width:50%;\" ><div class=\"sis-icon\"  style=\"border:2px solid #d20e1c; color:#d20e1c;\"><i class=\"fa-check-square-o\"><\/i><\/div><div class=\"siservice-content\" >\n<h2>Konsult\u0101cijas<\/h2>\n<p>Neatkar\u012bgi no t\u0101, vai J\u016bs apkalpo m\u016bsu gr\u0101matve\u017ei, J\u016bs algojat gr\u0101matvedi vai J\u016bs apkalpo cits gr\u0101matved\u012bbas uz\u0146\u0113mums, J\u016bs vienm\u0113r varat sa\u0146emt m\u016bsu profesion\u0101\u013cu konsult\u0101cijas. T\u0101s var sniegt citu redz\u0113jumu un jaunu risin\u0101jumu atbilsto\u0161i J\u016bsu vajadz\u012bb\u0101m.<\/p>\n<a href=\"http:\/\/norus-regnskap.no\/en\/accounting-services\/\" class=\"gw-btn gwb-red\" title=\"More\">Las\u012bt vair\u0101k<i class=\"fa-arrow-circle-right\"><\/i><\/a>\n<\/div><div class=\"siservice-bottom-line \"><\/div><\/div>\n<div class=\"siservice-block \" style=\"width:50%;\" ><div class=\"sis-icon\"  style=\"border:2px solid #d20e1c; color:#d20e1c;\"><i class=\"fa-check-square-o\"><\/i><\/div><div class=\"siservice-content\" >\n<h2>Selvangivelse \u2013 priv\u0101tperson\u0101m<\/h2>\n<p>Katram savs darbs dar\u0101ms. M\u016bsu gr\u0101matve\u017ei ir kvalific\u0113tie speci\u0101listi gr\u0101matved\u012bbas un nodok\u013cu jaut\u0101jumos. Vadoties p\u0113c savas profesionalit\u0101tes, tie var sniegt v\u0113rt\u0113jumu par nodok\u013ca deklar\u0101cijas pareizo vai apl\u0101mo aizpild\u012b\u0161anu, k\u0101 ar\u012b aizpild\u012bt to J\u016bsu viet\u0101. Selvangivelse, N\u00e6ringsoppgave un \u00c5rsoppgj\u00f8r ir jebkura uz\u0146\u0113muma svar\u012bg\u0101k\u0101s atskaites, lai ar\u012b tas b\u016btu Enkeltmansforetak (ENK), Aksjeselskaper (AS) vai Norsk Utenlandsk Foretak (NUF).<\/p>\n<a href=\"http:\/\/norus-regnskap.no\/en\/accounting-services\/\" class=\"gw-btn gwb-red\" title=\"More\">Las\u012bt vair\u0101k<i class=\"fa-arrow-circle-right\"><\/i><\/a>\n<\/div><div class=\"siservice-bottom-line \"><\/div><\/div>\n<hr class=\"gw-divider clearboth\" \/>\n<\/div><\/section><\/div><div class=\"container\"><div class=\"content\">\n<\/div><\/div><div class=\"contentbar\" style=\"\"><section class=\"contentbar-section\" style=\"background-color:#f8f8f8;\"><div class=\"container\">\n<h2 style=\"text-align: center\"><strong>K\u0101p\u0113c Jums pat\u012bk sadarb\u012bba ar mums?<\/strong><\/h2>\n<hr class=\"gw-divider clearboth\" \/>\n<div class='content-column one_third'><div class=\"liservice-block\"><div class=\"lis-icon\"><i class=\"fa-sort-alpha-asc\" ><\/i><\/div><div class=\"liservice-content\">\n<h3>Pilna servisa gr\u0101matved\u012bba no A l\u012bd Z<\/h3>\n<p>Nodro\u0161in\u0101m pilna servisa gr\u0101matved\u012bbas pakalpojumus \u2013 s\u0101kot no uz\u0146\u0113muma dibin\u0101\u0161anas, turpinot ar apkalpo\u0161anu un J\u016bsu uz\u0146\u0113muma nopeln\u012bto miljonu iegr\u0101mato\u0161anu finan\u0161u atskait\u0113s. K\u0101 ar\u012b nodarbojamies ar uz\u0146\u0113muma likvid\u0101cijas procesu.<br \/>\n<\/div><\/div><\/div>\n<div class='content-column one_third'><div class=\"liservice-block\"><div class=\"lis-icon\"><i class=\"fa-star\" ><\/i><\/div><div class=\"liservice-content\">\n<h3>Kvalit\u0101te un precizit\u0101te<\/h3>\n<p>Esam NARF biedri, kas garant\u0113 Norv\u0113\u0123ijas standartiem atbilsto\u0161u gr\u0101matved\u012bbas pakalpojumu kvalit\u0101ti. <\/div><\/div><\/div>\n<div class='content-column one_third last_column'><div class=\"liservice-block\"><div class=\"lis-icon\"><i class=\"fa-lightbulb-o\" ><\/i><\/div><div class=\"liservice-content\">\n<h3>Zino\u0161i gr\u0101matve\u017ei<\/h3>\n<p>M\u016bsu gr\u0101matve\u017ei vienm\u0113r ir lietas kurs\u0101 par vis\u0101m likumdo\u0161anas izmai\u0146\u0101m un inform\u0113s par t\u0101m J\u016bs savlaic\u012bgi.<\/div><\/div><\/div><div class='clear_column'><\/div>\n<div class='content-column one_third'><div class=\"liservice-block\"><div class=\"lis-icon\"><i class=\"fa-money\" ><\/i><\/div><div class=\"liservice-content\">\n<h3>Izdev\u012bga apmaksas sist\u0113ma<\/h3>\n<p>M\u0113s individu\u0101li apr\u0113\u0137in\u0101m un vienojamies par m\u016bsu klientiem piem\u0113rot\u0101ko apmaksas sist\u0113mu.<\/div><\/div><\/div>\n<div class='content-column one_third'><div class=\"liservice-block\"><div class=\"lis-icon\"><i class=\"fa-globe\" ><\/i><\/div><div class=\"liservice-content\">\n<h3>Pieredze darb\u0101 ar starptautiskiem uz\u0146\u0113mumiem<\/h3>\n<p>M\u016bsu gr\u0101matve\u017ei labi p\u0101rzina starptautisku finan\u0161u pl\u016bsmas un gr\u0101matved\u012bbas k\u0101rto\u0161anas specifiku.<\/div><\/div><\/div>\n<div class='content-column one_third last_column'><div class=\"liservice-block\"><div class=\"lis-icon\"><i class=\"fa-flag\" ><\/i><\/div><div class=\"liservice-content\">\n<h3>Komunic\u0113jam vair\u0101k\u0101s valod\u0101s<\/h3>\n<p>M\u016bs par saviem sadarb\u012bbas partneriem izv\u0113las daudzi \u0101rvalstu uz\u0146\u0113mumi, jo m\u016bsu person\u0101ls prot norv\u0113\u0123u, ang\u013cu, sp\u0101\u0146u, portug\u0101\u013cu, lietuvie\u0161u un krievu valodas.<\/div><\/div><\/div><div class='clear_column'><\/div>\n<\/div><\/section><\/div><div class=\"container\"><div class=\"content\">\n<p>&nbsp;<\/p>\n<h2 style=\"text-align: center;margin-top: 25px\"><strong>Apmierin\u0101ti klienti<\/strong><\/h2>\nNo shortcode ID found\n<p style=\"text-align: right\"><a href=\"http:\/\/norus-regnskap.no\/en\/references\/\" class=\"gw-btn gwb-red\" title=\"More references\">Vair\u0101k atsauces<i class=\"fa-arrow-circle-right\"><\/i><\/a>\n<h2 style=\"text-align: center\">Jaut\u0101jumi? Sazinieties ar mums<\/h2>\n<div class=\"clearboth\"><\/div><section class=\"cta\" style=\"border:1px solid #e4e4e4;background:#FFEDED;\">\n<p style=\"text-align: center\"><strong>Zvaniet vai rakstiet, lai ieg\u016btu atbildi uz savu jaut\u0101jumu. M\u016bsu gr\u0101matve\u017ei vienm\u0113r ar prieku atbild\u0113s.<\/strong> <a href=\"http:\/\/norus-regnskap.no\/en\/contact\/\" class=\"gw-btn gwb-red\" title=\"Contact us\">Sazinies ar mums<i class=\"fa-arrow-circle-right\"><\/i><\/a>\n<\/section>\n<p>&nbsp;<\/p>\n","protected":false},"excerpt":{"rendered":"<p>&nbsp; Apmierin\u0101ti klienti Jaut\u0101jumi? Sazinieties ar mums &nbsp;<\/p>\n","protected":false},"author":1,"featured_media":0,"parent":0,"menu_order":0,"comment_status":"closed","ping_status":"open","template":"template-homepage.php","meta":{"_mi_skip_tracking":false,"_monsterinsights_sitenote_active":false,"_monsterinsights_sitenote_note":"","_monsterinsights_sitenote_category":0,"footnotes":""},"_links":{"self":[{"href":"https:\/\/norus-regnskap.no\/lv\/wp-json\/wp\/v2\/pages\/6"}],"collection":[{"href":"https:\/\/norus-regnskap.no\/lv\/wp-json\/wp\/v2\/pages"}],"about":[{"href":"https:\/\/norus-regnskap.no\/lv\/wp-json\/wp\/v2\/types\/page"}],"author":[{"embeddable":true,"href":"https:\/\/norus-regnskap.no\/lv\/wp-json\/wp\/v2\/users\/1"}],"replies":[{"embeddable":true,"href":"https:\/\/norus-regnskap.no\/lv\/wp-json\/wp\/v2\/comments?post=6"}],"version-history":[{"count":16,"href":"https:\/\/norus-regnskap.no\/lv\/wp-json\/wp\/v2\/pages\/6\/revisions"}],"predecessor-version":[{"id":720,"href":"https:\/\/norus-regnskap.no\/lv\/wp-json\/wp\/v2\/pages\/6\/revisions\/720"}],"wp:attachment":[{"href":"https:\/\/norus-regnskap.no\/lv\/wp-json\/wp\/v2\/media?parent=6"}],"curies":[{"name":"wp","href":"https:\/\/api.w.org\/{rel}","templated":true}]}}