		{"id":53,"date":"2014-04-30T11:26:01","date_gmt":"2014-04-30T09:26:01","guid":{"rendered":"http:\/\/norus-regnskap.no\/?page_id=53"},"modified":"2020-02-07T10:59:01","modified_gmt":"2020-02-07T09:59:01","slug":"priser","status":"publish","type":"page","link":"https:\/\/norus-regnskap.no\/lv\/priser\/","title":{"rendered":"Priser"},"content":{"rendered":"<h2 style=\"text-align: center;color: #bd0f0c\"><strong>Pied\u0101v\u0101jam divu veidu apmaksas sist\u0113mas<\/strong><\/h2>\n<p style=\"text-align: center\"><strong>TM\u016bsu pakalpojumu maksa ir atkar\u012bga no darba un pakalpojumu apjoma, kuru J\u016bs v\u0113laties, lai m\u0113s veicam J\u016bsu uz\u0146\u0113muma lab\u0101. <\/strong><br \/>\n<hr class=\"gw-divider clearboth\" \/>\n<div class='content-column one_half'><div class=\"liservice-block\"><div class=\"lis-icon\"><i class=\"fa-calendar\" ><\/i><\/div><div class=\"liservice-content\">\n<h3 style=\"text-align: left;color: #bd0f0c\"><strong>Fiks\u0113ta m\u0113ne\u0161a maksa<\/strong><\/h3>\n<h4>K\u0101diem uz\u0146\u0113mumiem t\u0101 ir piem\u0113rota?<\/h4>\n<p>Fiks\u0113ta ikm\u0113ne\u0161a maksa tiek piem\u0113rota uz\u0146\u0113mumiem, kuriem katru m\u0113nesi ir stabils, prognoz\u0113jams un vienm\u0113r\u012bgs ien\u0101ko\u0161o un izejo\u0161o dokumentu apjoms.<\/p>\n<h4>K\u0101 m\u0113s apr\u0113\u0137in\u0101m m\u0113ne\u0161a maksu?<\/h4>\n<p>Pie sadarb\u012bbas uzs\u0101k\u0161anas m\u0113s vienojamies par pakalpojumiem, kurus J\u016bsu uz\u0146\u0113muma lab\u0101 veiksim. Balstoties uz J\u016bsu uz\u0146\u0113muma formu, prognoz\u0113jamo dokumentu apjomu, m\u0113s vienojamies par nemain\u012bgu ikm\u0113ne\u0161a maksu.<\/p>\n<p><strong>Priek\u0161roc\u012bbas izv\u0113loties fiks\u0113to m\u0113ne\u0161a maksu<\/strong>:<\/p>\n<ul>\n<li>J\u016bs vienm\u0113r zin\u0101t, k\u0101da b\u016bs gr\u0101matved\u012bbas maksa.<\/li>\n<li>J\u016bs varat ieg\u0101d\u0101ties pamata pakalpojumus un atkar\u012bb\u0101 no nepiecie\u0161am\u012bbas izv\u0113l\u0113ties papildu konsult\u0101cijas vai citus pakalpojumus.<\/li>\n<\/ul>\n<\/div><\/div><\/div><div class='content-column one_half last_column'><div class=\"liservice-block\"><div class=\"lis-icon\"><i class=\"fa-cogs\" ><\/i><\/div><div class=\"liservice-content\">\n<h3 style=\"text-align: left;color: #bd0f0c\"><strong>Main\u012bg\u0101 m\u0113ne\u0161a maksa<\/strong><\/h3>\n<h4>K\u0101diem uz\u0146\u0113mumiem t\u0101 ir piem\u0113rota?<\/h4>\n<p>Main\u012bga m\u0113ne\u0161a maksa ir piem\u0113rota uz\u0146\u0113mumiem, kuriem ir \u013coti main\u012bgs ien\u0101ko\u0161o un izejo\u0161o dokumentu apjoms, k\u0101 ar\u012b tiem, kuri atkar\u012bb\u0101 no nepiecie\u0161am\u012bbas v\u0113las deli\u0123\u0113t k\u0101du papildu uzdevumu m\u016bsu gr\u0101matve\u017eiem.<\/p>\n<h4>K\u0101 m\u0113s apr\u0113\u0137in\u0101m m\u0113ne\u0161a maksu?<\/h4>\n<p>Pie sadarb\u012bbas uzs\u0101k\u0161anas m\u0113s vienojamies par stundas likmi un izrun\u0101jam, aptuveno darba apjomu un to main\u012bbu. M\u0113s izveidojam informat\u012bvas prognozes ikm\u0113ne\u0161a maksai pie da\u017e\u0101diem nosac\u012bjumiem.<br \/>\nJ\u016bs veiksiet apmaksu atbilsto\u0161i m\u016bsu gr\u0101matve\u017eu ieguld\u012btajam darbam J\u016bsu uz\u0146\u0113muma apkalpo\u0161an\u0101.<\/p>\n<p><strong>Priek\u0161roc\u012bbas izv\u0113loties main\u012bgu m\u0113ne\u0161a maksu:<\/strong><\/p>\n<ul>\n<li>J\u016bs jebkur\u0101 br\u012bd\u012b varat deli\u0123\u0113t jebkuru uzdevumu m\u016bsu gr\u0101matve\u017eiem.<\/li>\n<li>Gr\u0101matved\u012bbas maksa ir proporcion\u0101la J\u016bsu uz\u0146\u0113muma aktivit\u0101tei konkr\u0113taj\u0101 m\u0113nes\u012b.<\/li>\n<\/ul>\n<\/div><\/div><\/div><div class='clear_column'><\/div>\n<p>&nbsp;<\/p>\n<p style=\"text-align: center\"><strong>Neatkar\u012bgi no t\u0101, kuru apmaksas formu J\u016bs izv\u0113l\u0113sieties, m\u0113s vienm\u0113r var\u0113sim vienoties par pakalpojumu formas mai\u0146u, k\u0101 ar\u012b p\u0101rskat\u012bt maksu par pakalpojumiem, mainoties darba apjomam vai J\u016bsu uz\u0146\u0113ma vajadz\u012bb\u0101m..<\/strong><\/p>\n<div class=\"clearboth\"><\/div><section class=\"cta\" style=\"border:1px solid #e4e4e4;background:#FFEDED;\">\n<p style=\"text-align: center\"><strong>V\u0113laties uzzin\u0101t vair\u0101k par m\u016bsu pakalpojumiem? Jaut\u0101jiet! Ar liel\u0101ko prieku atbild\u0113sim. <\/strong> <a href=\"http:\/\/norus-regnskap.no\/en\/contact\/\" class=\"gw-btn gwb-red\" title=\"Sazinies ar mums\">Sazinies ar mums<i class=\"fa-arrow-circle-right\"><\/i><\/a>\n<p style=\"text-align: center\"><\/section>\n","protected":false},"excerpt":{"rendered":"<p>Pied\u0101v\u0101jam divu veidu apmaksas sist\u0113mas TM\u016bsu pakalpojumu maksa ir atkar\u012bga no darba un pakalpojumu apjoma, kuru J\u016bs v\u0113laties, lai m\u0113s veicam J\u016bsu uz\u0146\u0113muma lab\u0101. &nbsp; Neatkar\u012bgi no t\u0101, kuru apmaksas formu J\u016bs izv\u0113l\u0113sieties, m\u0113s vienm\u0113r var\u0113sim vienoties par pakalpojumu formas mai\u0146u, k\u0101 ar\u012b p\u0101rskat\u012bt maksu par pakalpojumiem, mainoties darba apjomam vai J\u016bsu uz\u0146\u0113ma vajadz\u012bb\u0101m..<\/p>\n","protected":false},"author":1,"featured_media":0,"parent":0,"menu_order":0,"comment_status":"closed","ping_status":"open","template":"template-fullwidth.php","meta":{"_mi_skip_tracking":false,"_monsterinsights_sitenote_active":false,"_monsterinsights_sitenote_note":"","_monsterinsights_sitenote_category":0,"footnotes":""},"_links":{"self":[{"href":"https:\/\/norus-regnskap.no\/lv\/wp-json\/wp\/v2\/pages\/53"}],"collection":[{"href":"https:\/\/norus-regnskap.no\/lv\/wp-json\/wp\/v2\/pages"}],"about":[{"href":"https:\/\/norus-regnskap.no\/lv\/wp-json\/wp\/v2\/types\/page"}],"author":[{"embeddable":true,"href":"https:\/\/norus-regnskap.no\/lv\/wp-json\/wp\/v2\/users\/1"}],"replies":[{"embeddable":true,"href":"https:\/\/norus-regnskap.no\/lv\/wp-json\/wp\/v2\/comments?post=53"}],"version-history":[{"count":6,"href":"https:\/\/norus-regnskap.no\/lv\/wp-json\/wp\/v2\/pages\/53\/revisions"}],"predecessor-version":[{"id":764,"href":"https:\/\/norus-regnskap.no\/lv\/wp-json\/wp\/v2\/pages\/53\/revisions\/764"}],"wp:attachment":[{"href":"https:\/\/norus-regnskap.no\/lv\/wp-json\/wp\/v2\/media?parent=53"}],"curies":[{"name":"wp","href":"https:\/\/api.w.org\/{rel}","templated":true}]}}