		{"id":32,"date":"2014-04-30T09:02:49","date_gmt":"2014-04-30T07:02:49","guid":{"rendered":"http:\/\/norus-regnskap.no\/?page_id=32"},"modified":"2020-02-07T11:16:21","modified_gmt":"2020-02-07T10:16:21","slug":"utenlandske-foretak","status":"publish","type":"page","link":"https:\/\/norus-regnskap.no\/lv\/utenlandske-foretak\/","title":{"rendered":"Utenlandske foretak"},"content":{"rendered":"<p style=\"text-align: center\"><strong>M\u0113s pal\u012bdz\u0113sim \u0101rvalstu uz\u0146\u0113m\u0113jiem nodibin\u0101t uz\u0146\u0113mumu, t\u0101 fili\u0101li vai p\u0101rst\u0101vniec\u012bbu Norv\u0113\u0123ij\u0101..<\/strong><\/p>\n<p>Esam pal\u012bdz\u0113ju\u0161i uzs\u0101kt biznesu Norv\u0113\u0123ij\u0101 jau daudziem austrumeiropas uz\u0146\u0113mumiem un individu\u0101lajiem uz\u0146\u0113m\u0113jiem un nodro\u0161in\u0101m tiem pilna servisa gr\u0101matved\u012bbas un finan\u0161u konsult\u0101ciju pakalpojumus ar\u012b pa\u0161laik.<\/p>\n<p>M\u016bsu autoriz\u0113tie gr\u0101matve\u017ei p\u0101rvalda vair\u0101kas valodas, lai var\u0113tu kvalitat\u012bvi komunic\u0113t ar Jums, ja nep\u0101rvald\u0101t Norv\u0113\u0123u valodu, pilnv\u0113rt\u012bgi p\u0101rst\u0101vot J\u016bsu intereses Norv\u0113\u0123ij\u0101.<\/p>\n<p>M\u0113s sniedzam konsult\u0101cijas pirms uz\u0146\u0113muma izveides un nodro\u0161in\u0101m visus nepiecie\u0161amos gr\u0101matved\u012bbas un finan\u0161u pakalpojumus uz\u0146\u0113muma pilnv\u0113rt\u012bgai funkcion\u0113\u0161anai Norv\u0113\u0123ij\u0101:<\/p>\n<ul>\n<li>Uz\u0146\u0113muma re\u0123istr\u0101cija &#8211; Norskregistrert Utenlandsk Foretak (NUF);<\/li>\n<li>PVN &#8211; p\u0101rst\u0101vniec\u012bba;<\/li>\n<li>Darbinieku re\u0123istr\u0113\u0161ana Norv\u0113\u0123ij\u0101;<\/li>\n<li>B\u016bvniec\u012bbas ID kar\u0161u pas\u016bt\u012b\u0161ana;<\/li>\n<li>Faktur\u0113\u0161ana;<\/li>\n<li>Pl\u0101no\u0161ana;<\/li>\n<li>Konsult\u0101cijas nodok\u013cu jaut\u0101jumos.<\/li>\n<\/ul>\n<h2 style=\"color: #bd0f0c\">Uz\u0146\u0113mumu re\u0123istr\u0113\u0161ana Norv\u0113\u0123ij\u0101<\/h2>\n<p><img loading=\"lazy\" decoding=\"async\" class=\"alignright wp-image-306 size-full\" title=\"Uz\u0146\u0113mumu re\u0123istr\u0113\u0161ana Norv\u0113\u0123ij\u0101\" src=\"\/en\/wp-content\/uploads\/sites\/5\/2015\/05\/registration-of-the-company-in-norway-600x400.jpg\" alt=\"Uz\u0146\u0113mumu re\u0123istr\u0113\u0161ana Norv\u0113\u0123ij\u0101\" width=\"600\" height=\"430\" \/><br \/>\nM\u0113s pal\u012bdz\u0113sim \u0101rvalstu uz\u0146\u0113m\u0113jiem izv\u0113l\u0113ties atbilsto\u0161\u0101ko uz\u0146\u0113muma formu biznesa uzs\u0101k\u0161anai, fili\u0101les vai p\u0101rst\u0101vniec\u012bbas atv\u0113r\u0161anai Norv\u0113\u0123ij\u0101. M\u016bsu speci\u0101listi nodro\u0161in\u0101s konsult\u0101cijas par katru uz\u0146\u0113muma formas specifiku attiec\u012bb\u0101 pret nodok\u013cu nomaksu, gr\u0101matved\u012bbas uzskaiti, finan\u0161u apgroz\u012bjumu un citiem uz\u0146\u0113m\u0113jiem svar\u012bgiem jaut\u0101jumiem.<\/p>\n<p>Sagatavojam visu nepiecie\u0161amo dokument\u0101ciju iesnieg\u0161anai Br\u00f8nn\u00f8ysundregisteret .<\/p>\n<p><strong>Re\u0123istr\u0113jam \u0161\u0101da veida uz\u0146\u0113mumus:<\/strong><\/p>\n<ul>\n<li>Akciju sabiedr\u012bba &#8211; Aksjeselskap (AS);<\/li>\n<li>\u0100rvalstu uz\u0146\u0113muma norv\u0113\u0123ijas fili\u0101le (NUF);<\/li>\n<li>Individu\u0101lais uz\u0146\u0113m\u0113js &#8211; Enkeltmannsforetak (ENK).<\/li>\n<\/ul>\n<h2 style=\"color: #bd0f0c\">Norskregistrert Utenlandsk Foretak (NUF)<\/h2>\n<p>Lai uzs\u0101ktu uz\u0146\u0113m\u0113jdarb\u012bbu Norv\u0113\u0123ij\u0101, J\u016bs to varat re\u0123istr\u0113t k\u0101 Norskregistrert Utenlandsk Foretak (NUF), kas ir speci\u0101li izveidota uz\u0146\u0113muma forma tie\u0161i \u0101rvalstu uz\u0146\u0113m\u0113jiem.<\/p>\n<h3 style=\"color: #bd0f0c\">Kas ir NUF?<\/h3>\n<p>NUF ir \u012bpa\u0161a uz\u0146\u0113muma forma, kas paredz\u0113ta \u0101rvalstu uz\u0146\u0113m\u0113jiem, kas v\u0113las uzs\u0101kt biznesu Norv\u0113\u0123ij\u0101. T\u0101d\u0101 veid\u0101 tie re\u0123istr\u0113 Norv\u0113\u0123ij\u0101 sava uz\u0146\u0113muma fili\u0101li, uz kuru attiecas Norv\u0113\u0123ijas likumdo\u0161ana un nodok\u013cu ietur\u0113\u0161anas un nomaksas sist\u0113ma.<\/p>\n<p>Lai re\u0123istr\u0113tu NUF nav nepiecie\u0161ams pamatkapit\u0101ls.<\/p>\n<p>M\u016bsu speci\u0101listi izskaidros Jums NUF b\u016bt\u012bbu, likumdo\u0161anas noteikumus, kas uz to attiecas, k\u0101 ar\u012b pal\u012bdz\u0113s sagatavot visus nepiecie\u0161amos dokumentus, lai J\u016bs var\u0113tu re\u0123istr\u0113t NUF.<\/p>\n<h2 style=\"color: #bd0f0c\">PVN \u2013 P\u0101rst\u0101vniec\u012bba Merverdiavgiftsrepresentant i Norge (Mva-representasjon)<\/h2>\n<p>Ja J\u016bs v\u0113laties nodibin\u0101t uz\u0146\u0113muma fili\u0101li Norv\u0113\u0123ij\u0101, ja J\u016bsu uz\u0146em\u0113jdarb\u012bba ir apliekama ar PVN, ja J\u016bsu uz\u0146\u0113mumam v\u0113l nav adreses tam nepiecie\u0161amai juridiskai re\u0123istr\u0101cijai Norv\u0113\u0123ij\u0101, tad Jums ir vajadz\u012bgs p\u0101rst\u0101vis &#8211; en norsk merverdiavgifts representant.<\/p>\n<p>Uz\u0146\u0113mumiem, kuri p\u0101rdod savas preces un pakalpojumus Norv\u0113\u0123ij\u0101 un kuru 12 m\u0113ne\u0161a apgroz\u012bjums p\u0101rsniedz 50 000 NOK ir j\u0101b\u016bt re\u0123istr\u0113tiem k\u0101 PVN maks\u0101t\u0101jam.<\/p>\n<p>M\u0113s pied\u0101v\u0101jam b\u016bt J\u016bsu uz\u0146\u0113muma p\u0101rst\u0101vis Nov\u0113\u0123ij\u0101, jo esam valst\u012b re\u0123istr\u0113ts PVN maks\u0101t\u0101js un mums ir ties\u012bbas pied\u0101v\u0101t \u0161o pakalpojumu un uz\u0146emties atbild\u012bbu.<\/p>\n<p>M\u016bsu speci\u0101listi Jums izskaidros k\u0101rt\u012bbu, k\u0101d\u0101 notiek merverdiavgiftsrepresentant i Norge re\u0123istr\u0101cija, ieguvumus un tr\u016bkumus, k\u0101 ar\u012b visus ar ikm\u0113ne\u0161a gr\u0101matved\u012bbas jaut\u0101jumiem saist\u012btos procesus, J\u016bsu uz\u0146\u0113muma ties\u012bb\u0101m, iesp\u0113j\u0101m un pien\u0101kumiem.<\/p>\n<p style=\"text-align: center\"><strong>L\u016bdzu <a title=\"Ta kontakt med oss\" href=\"http:\/\/norus-regnskap.no\/en\/contact\/\">sazinieties ar mums<\/a> ja J\u016bs gribat uzzin\u0101t vair\u0101k par \u0161o pakalpojumu!<\/strong><\/p>\n<h2 style=\"color: #bd0f0c\">Fakturering, purring og inkasso- Faktur\u0113\u0161ana,atg\u0101din\u0101jumus un par\u0101du piedzi\u0146a(inkasso)<\/h2>\n<div>M\u016bsu speci\u0101listi \u0101tri un laic\u012bgi izrakst\u012bs r\u0113\u0137inus un nos\u016bt\u012bs tos atbilsto\u0161iem adres\u0101tiem, vadoties p\u0113c J\u016bsu pras\u012bb\u0101m \u2013 pa pastu vai e-past\u0101. Papildus tam, m\u0113s varam sekot l\u012bdzi debitoru r\u0113\u0137inu savlaic\u012bgai apmaksai. Nepiecie\u0161am\u012bbas gad\u012bjum\u0101 sazin\u0101simies ar debitoriem un atg\u0101din\u0101sim par r\u0113\u0137ina apmaksu.<\/div>\n<div><\/div>\n<div>\n<h2 style=\"color: #bd0f0c\">Budsjettering &#8211; Bud\u017eet\u0113\u0161ana<\/h2>\n<div>M\u0113s pal\u012bdz\u0113sim Jums sapl\u0101not uz\u0146\u0113muma bud\u017eetu un finan\u0161u pl\u016bsmu, kas atbilst j\u016bsu uz\u0146\u0113muma specifikai, sezonalit\u0101tei, m\u0113r\u0137iem u.c. Profesion\u0101l\u0101 bud\u017eeta pl\u0101no\u0161ana \u013caus Jums kontrol\u0113t uz\u0146\u0113muma finan\u0161u rezult\u0101tus, darb\u012bbas efektivit\u0101ti, k\u0101 ar\u012b nodro\u0161in\u0101s labvel\u012bgus apst\u0101k\u013cus izvirz\u012bto m\u0113r\u0137u<\/div>\n<div>sasnieg\u0161anai.<\/div>\n<\/div>\n<div><\/div>\n<div>\n<h2 style=\"color: #bd0f0c\">Skatter\u00e5dgivning \u2013 Nodok\u013cu konsult\u0101cijas<\/h2>\n<div>Norus Regnskapsbyr\u00e5 AS speci\u0101listi sniegs Jums da\u017e\u0101d\u0101s konsult\u0101cijas nodok\u013cu nomaksas vai optimiz\u0101cijas jaut\u0101jumos. M\u016bsu klienti var sazin\u0101ties ar mums jebkur\u0101 laik\u0101, lai ieg\u016btu atbildes uz jebkuriem jaut\u0101jumiem vai pieteiktu laiku strat\u0113\u0123iskai konsult\u0101cijai.<\/div>\n<\/div>\n<h2 style=\"color: #bd0f0c\">Registrering av arbeidstakere i Norge- Darbinieku re\u0123istr\u0101cija Norv\u0113\u0123ij\u0101 <img loading=\"lazy\" decoding=\"async\" class=\"alignright wp-image-311 size-full\" title=\"Registrering av arbeidstakere i Norge\" src=\"\/en\/wp-content\/uploads\/sites\/5\/2015\/05\/registration-of-employees-in-norway-600x400.jpg\" alt=\"Registrering av arbeidstakere i Norge\" width=\"600\" height=\"400\" \/><\/h2>\n<div>Ikvienam J\u016bsu uz\u0146\u0113muma darbiniekam, kas str\u0101d\u0101 algotu darbu Norv\u0113\u0123ij\u0101 saska\u0146\u0101 ar<\/div>\n<div>valsts likumdo\u0161anu ir j\u0101b\u016bt re\u0123istr\u0113tam Arbeidsgiver og arbeidstaker registeret.<\/div>\n<div>Ikvienam darbiniekam, kas Norv\u0113\u0123ij\u0101 str\u0101d\u0101 ilg\u0101k par 7 dien\u0101m un 4 stund\u0101m ned\u0113\u013c\u0101<\/div>\n<div>ir j\u0101b\u016bt re\u0123istr\u0113tam Valsts Re\u0123istr\u0101. T\u0101pat ikvienai Norv\u0113\u0123ij\u0101 nodarbin\u0101tajai personai<\/div>\n<div>ir j\u0101b\u016bt savai ID kartei.<\/div>\n<div><\/div>\n<div>M\u0113s pal\u012bdzam sagatavot visus dokumentus darbinieka re\u0123istr\u0113\u0161anai. K\u0101 ar\u012b<\/div>\n<div>konsult\u0113jam un inform\u0113jam J\u016bs k\u0101 uz\u0146\u0113m\u0113ju un t\u0101 darbinieku par vis\u0101m darbinieka un<\/div>\n<div>darbadev\u0113ja saist\u012bb\u0101m attiec\u012bb\u0101 pret Norv\u0113\u0123ijas likumdo\u0161anu.<\/div>\n<h2 style=\"color: #bd0f0c\">Darbinieka ID kar\u0161u pas\u016bt\u012b\u0161ana<\/h2>\n<p>Ikvienai personai, kas Norv\u0113\u0123ij\u0101 veic algotu darbu ir j\u0101b\u016bt savai ID kartei.<\/p>\n<p>M\u0113s nodro\u0161in\u0101m visu dokumentu iesnieg\u0161anu, lai pirmk\u0101rt ieg\u016btu uz\u0146\u0113muma statusu, kur\u0161 ir ties\u012bgs piepras\u012bt ID kartes saviem darbiniekiem, k\u0101 ar\u012b sagatavojam p\u0113c tam visu nepiecie\u0161amo dokument\u0101ciju, lai pieteiktu ID kartes katram uz\u0146\u0113muma darbiniekam.<\/p>\n<h2 style=\"color: #bd0f0c\">Faktur\u0113\u0161ana<\/h2>\n<p>Nodro\u0161in\u0101m r\u0113\u0137inu izrakst\u012b\u0161anas pakalpojumu un nos\u016bt\u012b\u0161anu to adres\u0101tam e-past\u0101 vai pa pastu. Viss, kas Jums ir j\u0101dara ir j\u0101inform\u0113 m\u016bs par r\u0113\u0137ina saturu \u2013 p\u0101r\u0113jo visu J\u016bsu viet\u0101 izdar\u012bsim m\u0113s. Uzreiz iegr\u0101matosim izrakst\u012bto r\u0113\u0137inus un, ja v\u0113laties ar\u012b sekosim l\u012bdzi to apmaksai.<\/p>\n<h2 style=\"color: #bd0f0c\">Planlegging av driftsbudsjett- Uz\u0146\u0113muma bud\u017eetapl\u0101no\u0161ana<\/h2>\n<div>Pateicoties m\u016bsu zin\u0101\u0161an\u0101m par Norv\u0113\u0123ijas nodok\u013cu sist\u0113mu un likumdo\u0161anu, m\u016bsu pieredzei darb\u0101 ar citiem uz\u0146\u0113mumiem un zin\u0101\u0161an\u0101m finan\u0161u jom\u0101, m\u0113s pal\u012bdz\u0113sim Jums sapl\u0101not uz\u0146\u0113muma bud\u017eetu.<\/div>\n<div><\/div>\n<div>\n<p>M\u016bsu speci\u0101listi J\u016bs konsult\u0113s un pal\u012bdz\u0113s izveidot efekt\u012bv\u0101ko bud\u017eeta pl\u0101nu, lai J\u016bs, ien\u0101kot Norv\u0113\u0123ijas tirg\u016b, var\u0113tu attaisnot \u0161o soli, i<\/p>\n<\/div>\n","protected":false},"excerpt":{"rendered":"<p>M\u0113s pal\u012bdz\u0113sim \u0101rvalstu uz\u0146\u0113m\u0113jiem nodibin\u0101t uz\u0146\u0113mumu, t\u0101 fili\u0101li vai p\u0101rst\u0101vniec\u012bbu Norv\u0113\u0123ij\u0101.. Esam pal\u012bdz\u0113ju\u0161i uzs\u0101kt biznesu Norv\u0113\u0123ij\u0101 jau daudziem austrumeiropas uz\u0146\u0113mumiem un individu\u0101lajiem uz\u0146\u0113m\u0113jiem un nodro\u0161in\u0101m tiem pilna servisa gr\u0101matved\u012bbas un finan\u0161u konsult\u0101ciju pakalpojumus ar\u012b pa\u0161laik. M\u016bsu autoriz\u0113tie gr\u0101matve\u017ei p\u0101rvalda vair\u0101kas valodas, lai var\u0113tu kvalitat\u012bvi komunic\u0113t ar Jums, ja nep\u0101rvald\u0101t Norv\u0113\u0123u valodu, pilnv\u0113rt\u012bgi p\u0101rst\u0101vot J\u016bsu intereses [&hellip;]<\/p>\n","protected":false},"author":1,"featured_media":0,"parent":0,"menu_order":0,"comment_status":"closed","ping_status":"open","template":"template-fullwidth.php","meta":{"_mi_skip_tracking":false,"_monsterinsights_sitenote_active":false,"_monsterinsights_sitenote_note":"","_monsterinsights_sitenote_category":0,"footnotes":""},"_links":{"self":[{"href":"https:\/\/norus-regnskap.no\/lv\/wp-json\/wp\/v2\/pages\/32"}],"collection":[{"href":"https:\/\/norus-regnskap.no\/lv\/wp-json\/wp\/v2\/pages"}],"about":[{"href":"https:\/\/norus-regnskap.no\/lv\/wp-json\/wp\/v2\/types\/page"}],"author":[{"embeddable":true,"href":"https:\/\/norus-regnskap.no\/lv\/wp-json\/wp\/v2\/users\/1"}],"replies":[{"embeddable":true,"href":"https:\/\/norus-regnskap.no\/lv\/wp-json\/wp\/v2\/comments?post=32"}],"version-history":[{"count":21,"href":"https:\/\/norus-regnskap.no\/lv\/wp-json\/wp\/v2\/pages\/32\/revisions"}],"predecessor-version":[{"id":763,"href":"https:\/\/norus-regnskap.no\/lv\/wp-json\/wp\/v2\/pages\/32\/revisions\/763"}],"wp:attachment":[{"href":"https:\/\/norus-regnskap.no\/lv\/wp-json\/wp\/v2\/media?parent=32"}],"curies":[{"name":"wp","href":"https:\/\/api.w.org\/{rel}","templated":true}]}}