		{"id":14,"date":"2014-04-19T18:38:12","date_gmt":"2014-04-19T16:38:12","guid":{"rendered":"http:\/\/norus-regnskap.no\/?page_id=14"},"modified":"2026-02-25T08:42:31","modified_gmt":"2026-02-25T07:42:31","slug":"par-mums","status":"publish","type":"page","link":"https:\/\/norus-regnskap.no\/lv\/par-mums\/","title":{"rendered":"Par mums"},"content":{"rendered":"<p style=\"text-align: left;\"><strong>M\u0113s zin\u0101m m\u016bsu stipr\u0101s puses. M\u0113s koncentr\u0113jamies uz m\u016bsu uz\u0146\u0113muma pamatdarb\u012bbu \u2013 gr\u0101maved\u012bbas pakalpojumu snieg\u0161anu maziem un vid\u0113ji lieliem uz\u0146\u0113mumiem.<\/strong><\/p>\n<p>Uzticot sava uz\u0146\u0113muma gr\u0101matved\u012bbu mums, J\u016bs varat vair\u0101k koncentr\u0113ties uz sava uz\u0146\u0113muma pamatdarb\u012bbu \u2013 tirdzniec\u012bbu, ra\u017eo\u0161anu, kvalitat\u012bvu pakalpojumu snieg\u0161anu.<\/p>\n<p>M\u0113s ticam, ka katram savs darbs dar\u0101ms, ka efekt\u012bva darbu deli\u0123\u0113\u0161ana profesion\u0101\u013ciem ir veiksm\u012bgu uz\u0146\u0113mumu pan\u0101kumu atsl\u0113ga.<\/p>\n<blockquote><p><strong><em>\u201cM\u016bsu m\u0113r\u0137is ir nodro\u0161in\u0101t Jums t\u0101du pakalpojumu kvalit\u0101ti, lai J\u016bs var\u0113tu koncentr\u0113ties uz sava binesa pamatdarb\u012bbu. Tas ir m\u016bsu pien\u0101kums konsult\u0113t, ieteikt, br\u012bdin\u0101t, inform\u0113t un uztur\u0113t J\u016bsu uz\u0146\u0113muma gr\u0101matved\u012bbu nevainojam\u0101 k\u0101rt\u012bb\u0101\u201d. <\/em><\/strong><\/p>\n<p style=\"text-align: right;\"><strong><em>Alexei Don, Gr\u0101matvedis<\/em><\/strong><\/p>\n<p style=\"text-align: right;\">\n<\/blockquote>\n<h2 style=\"color: #bd0f0c;\">M\u016bsu uz\u0146\u0113muma komanda<\/h2>\n<h3><img decoding=\"async\" class=\"alignleft size-medium-about-us wp-image-185\" src=\"http:\/\/norus-regnskap.no\/en\/wp-content\/uploads\/sites\/5\/2017\/12\/AlexeyDon-175x233.jpg\" alt=\"\" width=\"175px\" height=\"233px\" \/>Alexey Don<\/h3>\n<h4><em>Manager<\/em><\/h4>\n<p>Certified public accountant<\/p>\n<p style=\"overflow: hidden;\">Accountant Alexey Don is a qualified lawyer and economist with professional experience from both Russia and Norway. His legal and financial knowledge and experience in working with major international customers make a vital contribution to the company&#8217;s accounting services, which thereby guarantees an even wider field of expertise and offers customers services of even greater quality than those offered by companies offering accounting skills alone.<\/p>\n<hr class=\"gw-divider clearboth\" \/>\n<p><img decoding=\"async\" class=\"alignleft size-medium-about-us wp-image-186\" src=\"http:\/\/norus-regnskap.no\/en\/wp-content\/uploads\/sites\/5\/2017\/12\/AnnaHalvorsen-175x233.jpg\" alt=\"\" width=\"175px\" height=\"233px\" \/><\/p>\n<h3>Anna Halvorsen<\/h3>\n<h4><em>Accountant<\/em><\/h4>\n<p>Certified public accountant<\/p>\n<p>Anna is a tax expert and a certified public accountant. She holds an MBA degree from Tartu University in Estonia and she completed further studies at \u00d8stfold University College. She has more than 10 years of experience in accounting and taxation in Norway. She holds courses in taxation and in accounting that are designed particularly for small and medium-sized businesses. She is an active member of BPW Follo (a network for female entrepreneurs and managers), where she is a member of the board.<\/p>\n<hr class=\"gw-divider clearboth\" \/>\n<p><img decoding=\"async\" class=\"alignleft size-medium-about-us wp-image-189\" src=\"http:\/\/norus-regnskap.no\/en\/wp-content\/uploads\/sites\/5\/2017\/12\/MarijaMorfjord-175x233.jpg\" alt=\"\" width=\"175px\" height=\"233px\" \/><\/p>\n<h3>Marija Morfjord<\/h3>\n<h4><em><span style=\"color: #242424;\">Accountant<\/span><\/em><\/h4>\n<p>Maria is educated accountant. In addition, she is continuing her studies in Economics at BI Norwegian Business School in Oslo. Professional skills, as well as experience working with companies from different areas, make Maria a high-performance specialist at Norus Regnskapsbyr\u00e5 AS.<\/p>\n<hr class=\"gw-divider clearboth\" \/>\n<p><img decoding=\"async\" class=\"alignleft size-medium-about-us wp-image-191\" src=\"http:\/\/norus-regnskap.no\/en\/wp-content\/uploads\/sites\/5\/2017\/12\/SvetlanaPerepecina-175x233.jpg\" alt=\"\" width=\"175px\" height=\"233px\" \/><\/p>\n<h3>Svetlana Perepecina<\/h3>\n<h4><em><span style=\"color: #242424;\">Consultant<\/span><\/em><\/h4>\n<p>Svetlana is educated Economist from Lithuania. She has a Bachelor Degree in Economics and Business Administration with spesiality in Finance. She has good proffesional skills and experience in Accounting both from Lithuania and Norway.<\/p>\n<hr class=\"gw-divider clearboth\" \/>\n<p><img decoding=\"async\" class=\"alignleft size-medium-about-us wp-image-705\" src=\"http:\/\/norus-regnskap.no\/wp-content\/uploads\/2017\/12\/JuliaPetina-175x233.jpg\" alt=\"\" width=\"175px\" height=\"233px\" \/><\/p>\n<h3>Julia Petina<\/h3>\n<hr class=\"gw-divider clearboth\" \/>\n<p><img loading=\"lazy\" decoding=\"async\" class=\"wp-image-826 size-full alignleft\" src=\"https:\/\/norus-regnskap.no\/wp-content\/uploads\/2018\/09\/175x233b-2.jpg\" alt=\"\" width=\"175\" height=\"233\" \/><\/p>\n<h3>Agne Lavickiene<\/h3>\n<h4><em><span style=\"color: #242424;\">Consultant<\/span><\/em><\/h4>\n<hr class=\"gw-divider clearboth\" \/>\n<p><img loading=\"lazy\" decoding=\"async\" class=\"wp-image-825 size-full alignleft\" src=\"https:\/\/norus-regnskap.no\/wp-content\/uploads\/2018\/09\/175x233a-2.jpg\" alt=\"\" width=\"175\" height=\"233\" \/><\/p>\n<h3>Skaiste Mikalauskiene<\/h3>\n<h4><em><span style=\"color: #242424;\">Consultant<\/span><\/em><\/h4>\n<hr class=\"gw-divider clearboth\" \/>\n<h2 style=\"color: #bd0f0c;\">Samarbeidspartner<\/h2>\n<h2 style=\"color: #bd0f0c;\"><img loading=\"lazy\" decoding=\"async\" width=\"200\" height=\"126\" class=\"alignleft size-full wp-image-347\" src=\"http:\/\/norus-regnskap.no\/wp-content\/uploads\/2014\/04\/samarbeidspartner-sakatteEksperten-logo.jpg\" alt=\" SkatteEksperten AS\" \/><\/h2>\n<p>We have extensive experience in accounting and consultancy for companies in Norway established both by Norwegian and <a href=\"\/en\/foreign-company-services-for-foreign-undertakings\/\">foreign businessmen<\/a>.<br \/>\nTogether, we can help you navigate your business through a sea of regulations and tax statutes in Norway.<\/p>\n","protected":false},"excerpt":{"rendered":"<p>M\u0113s zin\u0101m m\u016bsu stipr\u0101s puses. M\u0113s koncentr\u0113jamies uz m\u016bsu uz\u0146\u0113muma pamatdarb\u012bbu \u2013 gr\u0101maved\u012bbas pakalpojumu snieg\u0161anu maziem un vid\u0113ji lieliem uz\u0146\u0113mumiem. Uzticot sava uz\u0146\u0113muma gr\u0101matved\u012bbu mums, J\u016bs varat vair\u0101k koncentr\u0113ties uz sava uz\u0146\u0113muma pamatdarb\u012bbu \u2013 tirdzniec\u012bbu, ra\u017eo\u0161anu, kvalitat\u012bvu pakalpojumu snieg\u0161anu. M\u0113s ticam, ka katram savs darbs dar\u0101ms, ka efekt\u012bva darbu deli\u0123\u0113\u0161ana profesion\u0101\u013ciem ir veiksm\u012bgu uz\u0146\u0113mumu pan\u0101kumu [&hellip;]<\/p>\n","protected":false},"author":1,"featured_media":0,"parent":0,"menu_order":0,"comment_status":"closed","ping_status":"open","template":"template-fullwidth.php","meta":{"_mi_skip_tracking":false,"_monsterinsights_sitenote_active":false,"_monsterinsights_sitenote_note":"","_monsterinsights_sitenote_category":0,"footnotes":""},"_links":{"self":[{"href":"https:\/\/norus-regnskap.no\/lv\/wp-json\/wp\/v2\/pages\/14"}],"collection":[{"href":"https:\/\/norus-regnskap.no\/lv\/wp-json\/wp\/v2\/pages"}],"about":[{"href":"https:\/\/norus-regnskap.no\/lv\/wp-json\/wp\/v2\/types\/page"}],"author":[{"embeddable":true,"href":"https:\/\/norus-regnskap.no\/lv\/wp-json\/wp\/v2\/users\/1"}],"replies":[{"embeddable":true,"href":"https:\/\/norus-regnskap.no\/lv\/wp-json\/wp\/v2\/comments?post=14"}],"version-history":[{"count":86,"href":"https:\/\/norus-regnskap.no\/lv\/wp-json\/wp\/v2\/pages\/14\/revisions"}],"predecessor-version":[{"id":812,"href":"https:\/\/norus-regnskap.no\/lv\/wp-json\/wp\/v2\/pages\/14\/revisions\/812"}],"wp:attachment":[{"href":"https:\/\/norus-regnskap.no\/lv\/wp-json\/wp\/v2\/media?parent=14"}],"curies":[{"name":"wp","href":"https:\/\/api.w.org\/{rel}","templated":true}]}}