		{"id":7,"date":"2015-08-13T05:39:16","date_gmt":"2015-08-13T05:39:16","guid":{"rendered":"http:\/\/norus-regnskap.no\/ru\/?page_id=7"},"modified":"2020-10-09T07:25:59","modified_gmt":"2020-10-09T07:25:59","slug":"%d0%bd%d0%b0%d1%87%d0%b0%d0%bb%d0%be","status":"publish","type":"page","link":"https:\/\/norus-regnskap.no\/lt\/","title":{"rendered":"\u041d\u0430\u0447\u0430\u043b\u043e"},"content":{"rendered":"<\/div><\/div><div class=\"contentbar\" style=\"\"><section class=\"contentbar-section\" style=\"background-color:#FFF7FB;\"><div class=\"container\">\n<h1 style=\"text-align: center; margin-bottom: 15px;\"><strong>M\u016bs\u0173 paslaugos<\/strong><\/h1>\n<p style=\"text-align: center;\">Mes \u017einome savo stipri\u0105sias puses. Orientuojam\u0117s \u012f pagrindin\u0119 savo \u012fmon\u0117s veikl\u0105 &#8211; apskaitos paslaug\u0173 teikim\u0105 ma\u017eoms ir vidutin\u0117ms \u012fmon\u0117ms.<\/p>\n<\/div><\/section><\/div><div class=\"container\"><div class=\"content\">\n<\/div><\/div><div class=\"contentbar\" style=\"\"><section class=\"contentbar-section\" style=\"\"><img decoding=\"async\" src=\"\/ru\/wp-content\/uploads\/sites\/6\/2015\/08\/nashi-uslugi-bg-w2400-h1718.jpg\" alt=\"\" class=\"contentbar-img\"><div class=\"container\">\n<div class=\"siservice-block \" style=\"width:50%;\" ><div class=\"sis-icon\"  style=\"border:2px solid #d20e1c; color:#d20e1c;\"><i class=\"fa-check-square-o\"><\/i><\/div><div class=\"siservice-content\" >\n<h2>Buhalterin\u0117 apskaita<\/h2>\n<p>Visas Norvegijos buhalterin\u0117s (mokes\u010di\u0173) apskaitos tvarkymo ir vedimo paslaug\u0173 spektras &#8211; \u012fmoni\u0173 registravimas, finansin\u0117 atskaitomyb\u0117, konsultacijos, biud\u017eeto planavimas, s\u0105skait\u0173 fakt\u016br\u0173 i\u0161ra\u0161ymas, purring og inkasso, metin\u0117 ataskaita (selvangivelse, \u00e5rsregnskap), MVA &#8211; atstovavimas. Mes si\u016blome piln\u0105 paslaug\u0173 spektr\u0105, leid\u017eiant\u012f sutelkti d\u0117mes\u012f \u012f pagrindin\u0119 J\u016bs\u0173 \u012fmon\u0117s veikl\u0105.<\/p>\n<a href=\"\/lt\/buhalterines-paslaugos\/\" class=\"gw-btn gwb-red\" title=\"Daugiau\">Daugiau<i class=\"fa-arrow-circle-right\"><\/i><\/a>\n<\/div><div class=\"siservice-bottom-line \"><\/div><\/div>\n<div class=\"siservice-block \" style=\"width:50%;\" ><div class=\"sis-icon\"  style=\"border:2px solid #d20e1c; color:#d20e1c;\"><i class=\"fa-check-square-o\"><\/i><\/div><div class=\"siservice-content\" >\n<h2>Buhalterin\u0117s paslaugos u\u017esienio verslininkams<\/h2>\n<p>Mes padedame u\u017esienio verslininkams \u012fgyvendinti komercinius projektus Norvegijoje. M\u016bs\u0173 darbuotojai turi tarptautin\u0117s patirties ir kalba skirtingomis kalbomis, kas tai leid\u017eia atlikti konsultacin\u012f darb\u0105 su m\u016bs\u0173 klientais j\u0173 gimt\u0105ja kalba.<\/p>\n<a href=\"\/lt\/uzsienio-verslininkams\/\" class=\"gw-btn gwb-red\" title=\"Daugiau\">Daugiau<i class=\"fa-arrow-circle-right\"><\/i><\/a>\n<\/div><div class=\"siservice-bottom-line \"><\/div><\/div>\n<hr class=\"gw-divider clearboth\" \/>\n<div class=\"siservice-block \" style=\"width:50%;\" ><div class=\"sis-icon\"  style=\"border:2px solid #d20e1c; color:#d20e1c;\"><i class=\"fa-check-square-o\"><\/i><\/div><div class=\"siservice-content\" >\n<h2>Konsultacijos<\/h2>\n<p>Nepriklausomai nuo to, ar J\u016bs esate m\u016bs\u0173 klientas, ar ne, ar turite buhalter\u012f \u012fmon\u0117je, ar Jus aptarnauja kita apskaitos \u012fmon\u0117, visada galite gauti tiek \u017eodines, tiek ra\u0161ytines m\u016bs\u0173 ekspert\u0173 konsultacijas.<\/p>\n<a href=\"\/lt\/buhalterines-paslaugos\/\" class=\"gw-btn gwb-red\" title=\"Daugiau\">Daugiau<i class=\"fa-arrow-circle-right\"><\/i><\/a>\n<\/div><div class=\"siservice-bottom-line \"><\/div><\/div>\n<div class=\"siservice-block \" style=\"width:50%;\" ><div class=\"sis-icon\"  style=\"border:2px solid #d20e1c; color:#d20e1c;\"><i class=\"fa-check-square-o\"><\/i><\/div><div class=\"siservice-content\" >\n<h2>Skattemelding &#8211; \u00c5rsregnskap<\/h2>\n<p>Kiekvienas turi savo darb\u0105. M\u016bs\u0173 darbuotojai yra kvalifikuoti apskaitos ir mokes\u010di\u0173 specialistai. Jie gal\u0117s \u012fvertinti mokes\u010di\u0173 deklaracijos pildymo teisingum\u0105, taip pat u\u017epildyti j\u0105 u\u017e Jus. Selvangivelse, N\u00e6ringsoppgave ir \u00c5rsoppgj\u00f8r yra b\u016btinos bet kokio verslo ataskaitos, nesvarbu, ar tai b\u016bt\u0173 Enkeltmansforetak (ENK), Aksjeselskaper (AS) ar Norsk Utenlandsk Foretak (NUF).<\/p>\n<a href=\"\/lt\/buhalterines-paslaugos\/\" class=\"gw-btn gwb-red\" title=\"Daugiau\">Daugiau<i class=\"fa-arrow-circle-right\"><\/i><\/a>\n<\/div><div class=\"siservice-bottom-line \"><\/div><\/div>\n<hr class=\"gw-divider clearboth\" \/>\n<\/div><\/section><\/div><div class=\"container\"><div class=\"content\">\n<\/div><\/div><div class=\"contentbar\" style=\"\"><section class=\"contentbar-section\" style=\"background-color:#f8f8f8;\"><div class=\"container\">\n<h2 style=\"text-align: center;\"><strong>Kod\u0117l b\u016btent mes?<\/strong><\/h2>\n<hr class=\"gw-divider clearboth\" \/>\n<div class='content-column one_third'><div class=\"liservice-block\"><div class=\"lis-icon\"><i class=\"fa-sort-alpha-asc\" ><\/i><\/div><div class=\"liservice-content\">\n<h3>Buhalterija nuo A iki Z<\/h3>\n<p>Vis\u0173 r\u016b\u0161i\u0173 apskaitos paslaugos Norvegijoje &#8211; nuo \u012fmon\u0117s \u012fregistravimo iki likvidavimo.<br \/>\n<\/div><\/div><\/div>\n<div class='content-column one_third'><div class=\"liservice-block\"><div class=\"lis-icon\"><i class=\"fa-star\" ><\/i><\/div><div class=\"liservice-content\">\n<h3>Kokyb\u0117 ir tikslumas<\/h3>\n<p>Mes esame NARF nariai, kas garantuoja m\u016bs\u0173 apskaitos paslaug\u0173 kokyb\u0119 pagal Norvegijos standartus.<\/div><\/div><\/div>\n<div class='content-column one_third last_column'><div class=\"liservice-block\"><div class=\"lis-icon\"><i class=\"fa-lightbulb-o\" ><\/i><\/div><div class=\"liservice-content\">\n<h3>Kompetentingi darbuotojai<\/h3>\n<p>M\u016bs\u0173 buhalteriai stebi teis\u0117s akt\u0173 poky\u010dius, kas tai leid\u017eia Jums b\u016bti laiku informuotam, esant poreikiui.<\/div><\/div><\/div><div class='clear_column'><\/div>\n<div class='content-column one_third'><div class=\"liservice-block\"><div class=\"lis-icon\"><i class=\"fa-money\" ><\/i><\/div><div class=\"liservice-content\">\n<h3>Palanki mok\u0117jimo sistema<\/h3>\n<p>Atsi\u017evelgdami \u012f m\u016bs\u0173 klient\u0173 interesus, suk\u016br\u0117me kain\u0173 politik\u0105, kuri leid\u017eia pasirinkti mok\u0117jimo u\u017e paslaugas sistem\u0105.<\/div><\/div><\/div>\n<div class='content-column one_third'><div class=\"liservice-block\"><div class=\"lis-icon\"><i class=\"fa-globe\" ><\/i><\/div><div class=\"liservice-content\">\n<h3>Patirtis dirbant su tarptautin\u0117mis \u012fmon\u0117mis<\/h3>\n<p>Buhalteriai puikiai i\u0161mano tarptautinius finansinius srautus ir buhalterin\u0117s apskaitos specifik\u0105.<\/div><\/div><\/div>\n<div class='content-column one_third last_column'><div class=\"liservice-block\"><div class=\"lis-icon\"><i class=\"fa-flag\" ><\/i><\/div><div class=\"liservice-content\">\n<h3>Mes kalbame keliomis kalbomis<\/h3>\n<p>Bendradarbiavimas su mumis suteikia Jums galimyb\u0119 bendrauti su specialistais J\u016bs\u0173 gimt\u0105ja kalba. Norus Regnskapsbyr\u00e5 AS darbuotojai kalba norveg\u0173, angl\u0173, rus\u0173, ispan\u0173, portugal\u0173 ir kitomis kalbomis.<\/div><\/div><\/div><div class='clear_column'><\/div>\n<\/div><\/section><\/div><div class=\"container\"><div class=\"content\">\n<h2 style=\"text-align: center; margin-top: 25px;\"><strong>Klient\u0173 atsiliepimai<\/strong><\/h2>\nNo shortcode ID found\n<p style=\"text-align: right;\"><a href=\"https:\/\/norus-regnskap.no\/lt\/atsiliepimai\/\" class=\"gw-btn gwb-red\" title=\"Kiti atsiliepimai\">Kiti atsiliepimai<i class=\"fa-arrow-circle-right\"><\/i><\/a>\n<h2 style=\"text-align: center;\">Jums reikia pagalbos ar J\u016bs turite klausim\u0173?<\/h2>\n<div class=\"clearboth\"><\/div><section class=\"cta\" style=\"border:1px solid #e4e4e4;background:#FFEDED;\">\n<p style=\"text-align: center;\"><strong>Skambinkite arba ra\u0161ykite, kad gautum\u0117te atsakym\u0105 \u012f savo klausim\u0105. Mes mielai Jums pad\u0117sime.<\/strong> <a href=\"\/lt\/kontaktai\/\" class=\"gw-btn gwb-red\" title=\"Susisiekite su mumis\">Susisiekite su mumis<i class=\"fa-arrow-circle-right\"><\/i><\/a>\n<\/section>\n","protected":false},"excerpt":{"rendered":"<p>Klient\u0173 atsiliepimai Jums reikia pagalbos ar J\u016bs turite klausim\u0173?<\/p>\n","protected":false},"author":1,"featured_media":0,"parent":0,"menu_order":0,"comment_status":"closed","ping_status":"closed","template":"template-homepage.php","meta":{"_mi_skip_tracking":false,"_monsterinsights_sitenote_active":false,"_monsterinsights_sitenote_note":"","_monsterinsights_sitenote_category":0,"footnotes":""},"_links":{"self":[{"href":"https:\/\/norus-regnskap.no\/lt\/wp-json\/wp\/v2\/pages\/7"}],"collection":[{"href":"https:\/\/norus-regnskap.no\/lt\/wp-json\/wp\/v2\/pages"}],"about":[{"href":"https:\/\/norus-regnskap.no\/lt\/wp-json\/wp\/v2\/types\/page"}],"author":[{"embeddable":true,"href":"https:\/\/norus-regnskap.no\/lt\/wp-json\/wp\/v2\/users\/1"}],"replies":[{"embeddable":true,"href":"https:\/\/norus-regnskap.no\/lt\/wp-json\/wp\/v2\/comments?post=7"}],"version-history":[{"count":28,"href":"https:\/\/norus-regnskap.no\/lt\/wp-json\/wp\/v2\/pages\/7\/revisions"}],"predecessor-version":[{"id":306,"href":"https:\/\/norus-regnskap.no\/lt\/wp-json\/wp\/v2\/pages\/7\/revisions\/306"}],"wp:attachment":[{"href":"https:\/\/norus-regnskap.no\/lt\/wp-json\/wp\/v2\/media?parent=7"}],"curies":[{"name":"wp","href":"https:\/\/api.w.org\/{rel}","templated":true}]}}