		{"id":34,"date":"2015-08-13T08:10:42","date_gmt":"2015-08-13T08:10:42","guid":{"rendered":"http:\/\/norus-regnskap.no\/ru\/?page_id=34"},"modified":"2026-02-24T14:45:21","modified_gmt":"2026-02-24T14:45:21","slug":"kontaktai","status":"publish","type":"page","link":"https:\/\/norus-regnskap.no\/lt\/kontaktai\/","title":{"rendered":"Kontaktai"},"content":{"rendered":"<div id='responsive-col-1' class='content-column two_third'><h1>Contact<\/h1>\n\n<div class=\"wpcf7 no-js\" id=\"wpcf7-f57-o1\" lang=\"ru-RU\" dir=\"ltr\">\n<div class=\"screen-reader-response\"><p role=\"status\" aria-live=\"polite\" aria-atomic=\"true\"><\/p> <ul><\/ul><\/div>\n<form action=\"\/lt\/wp-json\/wp\/v2\/pages\/34#wpcf7-f57-o1\" method=\"post\" class=\"wpcf7-form init\" aria-label=\"\u041a\u043e\u043d\u0442\u0430\u043a\u0442\u043d\u0430\u044f \u0444\u043e\u0440\u043c\u0430\" novalidate=\"novalidate\" data-status=\"init\">\n<div style=\"display: none;\">\n<input type=\"hidden\" name=\"_wpcf7\" value=\"57\" \/>\n<input type=\"hidden\" name=\"_wpcf7_version\" value=\"5.8.2\" \/>\n<input type=\"hidden\" name=\"_wpcf7_locale\" value=\"ru_RU\" \/>\n<input type=\"hidden\" name=\"_wpcf7_unit_tag\" value=\"wpcf7-f57-o1\" \/>\n<input type=\"hidden\" name=\"_wpcf7_container_post\" value=\"0\" \/>\n<input type=\"hidden\" name=\"_wpcf7_posted_data_hash\" value=\"\" \/>\n<input type=\"hidden\" name=\"_wpcf7_recaptcha_response\" value=\"\" \/>\n<\/div>\n<p>J\u016bs\u0173 vardas (b\u016btinas)\n<\/p>\n<p><span class=\"wpcf7-form-control-wrap\" data-name=\"your-name\"><input size=\"40\" class=\"wpcf7-form-control wpcf7-text wpcf7-validates-as-required\" aria-required=\"true\" aria-invalid=\"false\" value=\"\" type=\"text\" name=\"your-name\" \/><\/span>\n<\/p>\n<p>J\u016bs\u0173 el. pa\u0161tas (b\u016btinas)\n<\/p>\n<p><span class=\"wpcf7-form-control-wrap\" data-name=\"your-email\"><input size=\"40\" class=\"wpcf7-form-control wpcf7-email wpcf7-validates-as-required wpcf7-text wpcf7-validates-as-email\" aria-required=\"true\" aria-invalid=\"false\" value=\"\" type=\"email\" name=\"your-email\" \/><\/span>\n<\/p>\n<p>\u0422\u0435m\u0430\n<\/p>\n<p><span class=\"wpcf7-form-control-wrap\" data-name=\"your-subject\"><input size=\"40\" class=\"wpcf7-form-control wpcf7-text\" aria-invalid=\"false\" value=\"\" type=\"text\" name=\"your-subject\" \/><\/span>\n<\/p>\n<p>Prane\u0161imas\n<\/p>\n<p><span class=\"wpcf7-form-control-wrap\" data-name=\"your-message\"><textarea cols=\"40\" rows=\"10\" class=\"wpcf7-form-control wpcf7-textarea\" aria-invalid=\"false\" name=\"your-message\"><\/textarea><\/span>\n<\/p>\n<p>\n\n<\/p>\n<p><input class=\"wpcf7-form-control wpcf7-submit has-spinner\" type=\"submit\" value=\"Si\u0173sti\" \/>\n<\/p><div class=\"wpcf7-response-output\" aria-hidden=\"true\"><\/div>\n<\/form>\n<\/div>\n<\/div><div id='responsive-col-2' class='content-column one_third last_column'><h2>Biuro adresas<\/h2>\n<p>Tvetenveien 30, 06666, Oslas<\/p>\n<h2>Pa\u0161to adresas<\/h2>\n<p>Postboks 2, Lindeberg\u00e5sen, 1003 Oslas<\/p>\n<h2>Telefonas ir el. pa\u0161to adresas<\/h2>\n<p>(+47) 474 82 228<br \/>\n<a href=\"&#x6d;&#x61;&#x69;&#x6c;&#x74;&#x6f;&#x3a;&#x70;&#x6f;&#x73;&#x74;&#x40;&#x6e;&#x6f;&#x72;&#x75;&#x73;&#x2d;&#x72;&#x65;&#x67;&#x6e;&#x73;&#x6b;&#x61;&#x70;&#x2e;&#x6e;&#x6f;\" target=\"_top\" rel=\"noopener noreferrer\">&#x70;&#111;s&#x74;&#x40;&#110;o&#x72;&#x75;&#115;-&#x72;&#x65;&#103;n&#x73;&#x6b;&#97;p&#x2e;&#110;&#111;<\/a><\/p><\/div><div class='clear_column'><\/div>\n","protected":false},"excerpt":{"rendered":"","protected":false},"author":1,"featured_media":0,"parent":0,"menu_order":0,"comment_status":"closed","ping_status":"closed","template":"template-fullwidth.php","meta":{"_mi_skip_tracking":false,"_monsterinsights_sitenote_active":false,"_monsterinsights_sitenote_note":"","_monsterinsights_sitenote_category":0,"footnotes":""},"_links":{"self":[{"href":"https:\/\/norus-regnskap.no\/lt\/wp-json\/wp\/v2\/pages\/34"}],"collection":[{"href":"https:\/\/norus-regnskap.no\/lt\/wp-json\/wp\/v2\/pages"}],"about":[{"href":"https:\/\/norus-regnskap.no\/lt\/wp-json\/wp\/v2\/types\/page"}],"author":[{"embeddable":true,"href":"https:\/\/norus-regnskap.no\/lt\/wp-json\/wp\/v2\/users\/1"}],"replies":[{"embeddable":true,"href":"https:\/\/norus-regnskap.no\/lt\/wp-json\/wp\/v2\/comments?post=34"}],"version-history":[{"count":12,"href":"https:\/\/norus-regnskap.no\/lt\/wp-json\/wp\/v2\/pages\/34\/revisions"}],"predecessor-version":[{"id":365,"href":"https:\/\/norus-regnskap.no\/lt\/wp-json\/wp\/v2\/pages\/34\/revisions\/365"}],"wp:attachment":[{"href":"https:\/\/norus-regnskap.no\/lt\/wp-json\/wp\/v2\/media?parent=34"}],"curies":[{"name":"wp","href":"https:\/\/api.w.org\/{rel}","templated":true}]}}