		{"id":24,"date":"2015-08-13T07:44:59","date_gmt":"2015-08-13T07:44:59","guid":{"rendered":"http:\/\/norus-regnskap.no\/ru\/?page_id=24"},"modified":"2026-02-25T07:43:28","modified_gmt":"2026-02-25T07:43:28","slug":"apie-mus","status":"publish","type":"page","link":"https:\/\/norus-regnskap.no\/lt\/apie-mus\/","title":{"rendered":"Apie mus"},"content":{"rendered":"<p style=\"text-align: left;\"><strong>Mes \u017einome savo stipri\u0105sias puses. Mes koncentruojam\u0117s \u012f pagrindin\u0119 m\u016bs\u0173 \u012fmon\u0117s veikl\u0105 &#8211; apskaitos paslaug\u0173 teikim\u0105 ma\u017eoms ir vidutin\u0117ms \u012fmon\u0117ms.<\/strong><\/p>\n<p>Patik\u0117j\u0119 savo \u012fmon\u0117s apskait\u0105 mums, gal\u0117site susitelkti ties J\u016bs\u0173 pagrindine veikla, daugiau d\u0117mesio skirdami verslo pl\u0117trai ir si\u016blom\u0173 preki\u0173 ar paslaug\u0173 kokybei.<\/p>\n<blockquote><p><strong><em>&#8222;M\u016bs\u0173 tikslas yra suteikti Jums toki\u0105 kokybi\u0161k\u0105 paslaug\u0105, kad gal\u0117tum\u0117te sutelkti d\u0117mes\u012f \u012f pagrindin\u0119 savo verslo veikl\u0105.<br \/>\nM\u016bs\u0173 pareiga yra konsultuoti, patarti, \u012fsp\u0117ti, informuoti ir palaikyti tobul\u0105 \u012fmon\u0117s buhalterij\u0105.&#8221;<\/em><\/strong><\/p>\n<p style=\"text-align: right;\"><strong><em>Alexey Don, buhalteris<\/em><\/strong><\/p>\n<p style=\"text-align: right;\">\n<\/blockquote>\n<h2 style=\"color: #bd0f0c;\">M\u016bs\u0173 komanda<\/h2>\n<p><img decoding=\"async\" class=\"alignleft size-medium-about-us wp-image-150\" src=\"http:\/\/norus-regnskap.no\/ru\/wp-content\/uploads\/sites\/6\/2017\/12\/AlexeyDon-175x233.jpg\" alt=\"\" width=\"175px\" height=\"233px\" srcset=\"https:\/\/norus-regnskap.no\/lt\/wp-content\/uploads\/sites\/9\/2017\/12\/AlexeyDon-175x233.jpg 175w, https:\/\/norus-regnskap.no\/lt\/wp-content\/uploads\/sites\/9\/2017\/12\/AlexeyDon-225x300.jpg 225w, https:\/\/norus-regnskap.no\/lt\/wp-content\/uploads\/sites\/9\/2017\/12\/AlexeyDon.jpg 350w\" sizes=\"(max-width: 175px) 100vw, 175px\" \/><\/p>\n<h3>Alexey Don<\/h3>\n<h4><em>Direktorius<\/em><\/h4>\n<p>Autorizuotas buhalteris<\/p>\n<p style=\"overflow: hidden;\">Alexey yra kvalifikuotas teisininkas ir ekonomistas, turintis darbo patirties tiek Rusijoje, tiek Norvegijoje. Jo \u017einios jurisprudencijos ir ekonomikos srityse, taip pat darbo su stambiais tarptautiniais klientais patirtis yra Norus Regnskapsbyr\u00e5 AS teikiam\u0173 paslaug\u0173 kokyb\u0117s garantas.<\/p>\n<hr class=\"gw-divider clearboth\" \/>\n<p><img decoding=\"async\" class=\"alignleft size-medium-about-us wp-image-151\" src=\"http:\/\/norus-regnskap.no\/ru\/wp-content\/uploads\/sites\/6\/2017\/12\/AnnaHalvorsen-175x233.jpg\" alt=\"\" width=\"175px\" height=\"233px\" srcset=\"https:\/\/norus-regnskap.no\/lt\/wp-content\/uploads\/sites\/9\/2017\/12\/AnnaHalvorsen-175x233.jpg 175w, https:\/\/norus-regnskap.no\/lt\/wp-content\/uploads\/sites\/9\/2017\/12\/AnnaHalvorsen-225x300.jpg 225w, https:\/\/norus-regnskap.no\/lt\/wp-content\/uploads\/sites\/9\/2017\/12\/AnnaHalvorsen.jpg 350w\" sizes=\"(max-width: 175px) 100vw, 175px\" \/><\/p>\n<h3>Anna Halvorsen<\/h3>\n<h4><em>Vadov\u0117<\/em><\/h4>\n<p>Autorizuota buhalter\u0117<\/p>\n<p>Anna yra mokes\u010di\u0173 ekspert\u0117 ir autorizuota buhalter\u0117. Jis turi auk\u0161t\u0105j\u012f ekonomikos i\u0161silavinim\u0105, Tartu Universitet Estijoje, ir papildom\u0105 i\u0161silavinim\u0105 H\u00f8gskolen i \u00d8stfold. Ji turi daugiau nei 10 met\u0173 patirt\u012f buhalterin\u0117s apskaitos ir mokes\u010di\u0173 srityje Norvegijoje. Anna veda buhalterijos ir mokes\u010di\u0173 pagrind\u0173 mokymo kursus, kurie idealiai tinka ma\u017eam ir vidutiniam verslui. Ji yra vienas i\u0161 BPW Follonettverket vadov\u0173 ir aktyvi nar\u0117.<\/p>\n<hr class=\"gw-divider clearboth\" \/>\n<p><img decoding=\"async\" class=\"alignleft size-medium-about-us wp-image-154\" src=\"http:\/\/norus-regnskap.no\/ru\/wp-content\/uploads\/sites\/6\/2017\/12\/MarijaMorfjord-175x233.jpg\" alt=\"\" width=\"175px\" height=\"233px\" srcset=\"https:\/\/norus-regnskap.no\/lt\/wp-content\/uploads\/sites\/9\/2017\/12\/MarijaMorfjord-175x233.jpg 175w, https:\/\/norus-regnskap.no\/lt\/wp-content\/uploads\/sites\/9\/2017\/12\/MarijaMorfjord-225x300.jpg 225w, https:\/\/norus-regnskap.no\/lt\/wp-content\/uploads\/sites\/9\/2017\/12\/MarijaMorfjord.jpg 350w\" sizes=\"(max-width: 175px) 100vw, 175px\" \/><\/p>\n<h3>Marija Morfjord<\/h3>\n<h4><em><span style=\"color: #242424;\">Buhalter\u0117<\/span><\/em><\/h4>\n<p>Marija &#8211; turi buhalterijos srities i\u0161silavinim\u0105, be to, ji t\u0119sia ekonomikos studijas BI Handelsh\u00f8gskole i Oslo. Profesiniai \u012fg\u016bd\u017eiai, taip pat darbo su skirting\u0173 sri\u010di\u0173 \u012fmon\u0117mis patirtis daro Marij\u0105 labai efektyvia Norus Regnskapsbyr\u00e5 AS specialiste.<\/p>\n<hr class=\"gw-divider clearboth\" \/>\n<p><img decoding=\"async\" class=\"alignleft size-medium-about-us wp-image-156\" src=\"http:\/\/norus-regnskap.no\/ru\/wp-content\/uploads\/sites\/6\/2017\/12\/SvetlanaPerepecina-175x233.jpg\" alt=\"\" width=\"175px\" height=\"233px\" srcset=\"https:\/\/norus-regnskap.no\/lt\/wp-content\/uploads\/sites\/9\/2017\/12\/SvetlanaPerepecina-175x233.jpg 175w, https:\/\/norus-regnskap.no\/lt\/wp-content\/uploads\/sites\/9\/2017\/12\/SvetlanaPerepecina-225x300.jpg 225w, https:\/\/norus-regnskap.no\/lt\/wp-content\/uploads\/sites\/9\/2017\/12\/SvetlanaPerepecina.jpg 350w\" sizes=\"(max-width: 175px) 100vw, 175px\" \/><\/p>\n<h3>Svetlana Perepecina<\/h3>\n<h4><em><span style=\"color: #242424;\">Finans\u0173 konsultant\u0117<\/span><\/em><\/h4>\n<p>Svetlana yra diplomuota ekonomist\u0117 i\u0161 Lietuvos. Ji turi ekonomikos ir verslo administravimo bakalauro laipsn\u012f su finansinink\u0117s specialybe. Darbo buhalterini\u0173 paslaug\u0173 srityje metu tiek Lietuvoje, tiek Norvegijoje Svetlana i\u0161siugd\u0117 puikius profesinius \u012fg\u016bd\u017eius.<\/p>\n<hr class=\"gw-divider clearboth\" \/>\n<p><img decoding=\"async\" class=\"alignleft size-medium-about-us wp-image-705\" src=\"http:\/\/norus-regnskap.no\/wp-content\/uploads\/2017\/12\/JuliaPetina-175x233.jpg\" alt=\"\" width=\"175px\" height=\"233px\" \/><\/p>\n<h3>Julia Petina<\/h3>\n<p>Julija yra buhalter\u0117, turinti norveg\u0173 i\u0161silavinim\u0105. Ji yra patyrusi, atsakinga ir \u012f klient\u0105 orientuota konsultant\u0117, kuri visada dirba efektyviai. Tur\u0117dama daug \u017eini\u0173 ir \u012fg\u016bd\u017ei\u0173 savo profesin\u0117je srityje, Julija teikia auk\u0161tos kokyb\u0117s buhalterines paslaugas ir yra labai svarbi bei naudinga pagalbinink\u0117 m\u016bs\u0173 klientams.<\/p>\n<hr class=\"gw-divider clearboth\" \/>\n<p><img loading=\"lazy\" decoding=\"async\" class=\"wp-image-826 size-full alignleft\" src=\"https:\/\/norus-regnskap.no\/wp-content\/uploads\/2018\/09\/175x233b-2.jpg\" alt=\"\" width=\"175\" height=\"233\" \/><\/p>\n<h3>Agne Lavickiene<\/h3>\n<h4><em><span style=\"color: #242424;\">Finans\u0173 konsultant\u0117<\/span><\/em><\/h4>\n<p>Agn\u0117 yra atsakinga, atsargi ir d\u0117mesinga finans\u0173 patar\u0117ja, turinti gerus bendravimo \u012fg\u016bd\u017eius. Tur\u0117dama auk\u0161t\u0105 kompetencij\u0105 ir didel\u0119 darbo patirt\u012f apskaitos ir finans\u0173 srityje (nuo 2014 m.), Agn\u0117 nuolat ie\u0161ko patobulinim\u0173 ir efektyvesni\u0173 sprendim\u0173 m\u016bs\u0173 klientams.<br \/>\n<hr class=\"gw-divider clearboth\" \/>\n<p><img loading=\"lazy\" decoding=\"async\" class=\"wp-image-825 size-full alignleft\" src=\"https:\/\/norus-regnskap.no\/wp-content\/uploads\/2018\/09\/175x233a-2.jpg\" alt=\"\" width=\"175\" height=\"233\" \/><\/p>\n<h3>Skaiste Mikalauskiene<\/h3>\n<h4><em><span style=\"color: #242424;\">Finans\u0173 konsultant\u0117<\/span><\/em><\/h4>\n<p>D\u0117ka gilaus apskaitos ir ekonomini\u0173 sistem\u0173 supratimo, taip pat d\u0117l ger\u0173 \u012fg\u016bd\u017ei\u0173 ir susidom\u0117jimo finansin\u0117mis konsultacijomis, Skaist\u0117 visada kontroliuoja finansini\u0173 operacij\u0173 tikslum\u0105, turto jud\u0117jim\u0105, pajam\u0173 ir i\u0161laid\u0173 susidarym\u0105, taip pat b\u016btin\u0173 finansini\u0173 ataskait\u0173 laikym\u0105si. Skaist\u0117 padeda klientams priimti teisingus sprendimus tokiais klausimais kaip mokes\u010diai, darbo u\u017emokes\u010dio skai\u010diavimas ir kt.<\/p>\n<hr class=\"gw-divider clearboth\" \/>\n<h2 style=\"color: #bd0f0c;\"><\/h2>\n<h2>Partneriai<\/h2>\n<p><img decoding=\"async\" class=\"alignleft wp-image-347\" src=\"\/ru\/wp-content\/uploads\/sites\/6\/2015\/08\/samarbeidspartner-sakatteEksperten-logo.jpg\" alt=\" SkatteEksperten AS\" width=\"175\" \/><br \/>\nNorus Regnskapsbyr\u00e5 AS aktyviai bendradarbiauja su SkatteEksperten AS.<\/p>\n","protected":false},"excerpt":{"rendered":"<p>Mes \u017einome savo stipri\u0105sias puses. Mes koncentruojam\u0117s \u012f pagrindin\u0119 m\u016bs\u0173 \u012fmon\u0117s veikl\u0105 &#8211; apskaitos paslaug\u0173 teikim\u0105 ma\u017eoms ir vidutin\u0117ms \u012fmon\u0117ms. Patik\u0117j\u0119 savo \u012fmon\u0117s apskait\u0105 mums, gal\u0117site susitelkti ties J\u016bs\u0173 pagrindine veikla, daugiau d\u0117mesio skirdami verslo pl\u0117trai ir si\u016blom\u0173 preki\u0173 ar paslaug\u0173 kokybei. &#8222;M\u016bs\u0173 tikslas yra suteikti Jums toki\u0105 kokybi\u0161k\u0105 paslaug\u0105, kad gal\u0117tum\u0117te sutelkti d\u0117mes\u012f \u012f [&hellip;]<\/p>\n","protected":false},"author":1,"featured_media":0,"parent":0,"menu_order":0,"comment_status":"closed","ping_status":"closed","template":"template-fullwidth.php","meta":{"_mi_skip_tracking":false,"_monsterinsights_sitenote_active":false,"_monsterinsights_sitenote_note":"","_monsterinsights_sitenote_category":0,"footnotes":""},"_links":{"self":[{"href":"https:\/\/norus-regnskap.no\/lt\/wp-json\/wp\/v2\/pages\/24"}],"collection":[{"href":"https:\/\/norus-regnskap.no\/lt\/wp-json\/wp\/v2\/pages"}],"about":[{"href":"https:\/\/norus-regnskap.no\/lt\/wp-json\/wp\/v2\/types\/page"}],"author":[{"embeddable":true,"href":"https:\/\/norus-regnskap.no\/lt\/wp-json\/wp\/v2\/users\/1"}],"replies":[{"embeddable":true,"href":"https:\/\/norus-regnskap.no\/lt\/wp-json\/wp\/v2\/comments?post=24"}],"version-history":[{"count":77,"href":"https:\/\/norus-regnskap.no\/lt\/wp-json\/wp\/v2\/pages\/24\/revisions"}],"predecessor-version":[{"id":366,"href":"https:\/\/norus-regnskap.no\/lt\/wp-json\/wp\/v2\/pages\/24\/revisions\/366"}],"wp:attachment":[{"href":"https:\/\/norus-regnskap.no\/lt\/wp-json\/wp\/v2\/media?parent=24"}],"curies":[{"name":"wp","href":"https:\/\/api.w.org\/{rel}","templated":true}]}}