		{"id":18,"date":"2015-08-13T07:29:13","date_gmt":"2015-08-13T07:29:13","guid":{"rendered":"http:\/\/norus-regnskap.no\/ru\/?page_id=18"},"modified":"2020-09-30T07:48:58","modified_gmt":"2020-09-30T07:48:58","slug":"kainos","status":"publish","type":"page","link":"https:\/\/norus-regnskap.no\/lt\/kainos\/","title":{"rendered":"Kainos"},"content":{"rendered":"<h2 style=\"text-align: center; color: #bd0f0c;\"><strong>Mes si\u016blome dvi apmok\u0117jimo sistemas<\/strong><\/h2>\n<p style=\"text-align: center;\"><strong>M\u016bs\u0173 paslaug\u0173 kaina priklauso nuo darbo, reikalingo pilnaverti\u0161kam J\u016bs\u0173 \u012fmon\u0117s funkcionavimui, kiekio.<\/strong><br \/>\n<hr class=\"gw-divider clearboth\" \/>\n<div class='content-column one_half'><div class=\"liservice-block\"><div class=\"lis-icon\"><i class=\"fa-calendar\" ><\/i><\/div><div class=\"liservice-content\">\n<h3 style=\"text-align: left; color: #bd0f0c;\"><strong>Fiksuotas mokestis<\/strong><\/h3>\n<h4>Kokioms \u012fmon\u0117ms jis tinka?<\/h4>\n<p>Fiksuotas mokestis tinka \u012fmon\u0117ms, kuri\u0173 gaunam\u0173 ir siun\u010diam\u0173 dokument\u0173 kiekis per m\u0117nes\u012f yra stabilus, nusp\u0117jamas ir reguliarus.<\/p>\n<h4>Kaip mes apskai\u010diuojame m\u0117nesin\u012f mokest\u012f?<\/h4>\n<p>Atsi\u017evelgdami \u012f J\u016bs\u0173 \u012fmon\u0117s nuosavyb\u0117s form\u0105, numatom\u0105 dokument\u0173 sraut\u0105, mes susitariame d\u0117l fiksuoto m\u0117nesinio mokes\u010dio ir atliekam\u0173 darb\u0173 apimties.<\/p>\n<p><strong>Fiksuoto mokes\u010dio pasirinkimo privalumai<\/strong>:<\/p>\n<ul>\n<li>Nuolatin\u0117 su buhalterine apskaita susijusi\u0173 paslaug\u0173 i\u0161laid\u0173 kontrol\u0117;<\/li>\n<li>Esant poreikiui, J\u016bs visada galite gauti papildom\u0173 patarim\u0173 ar kit\u0173 reikaling\u0173 paslaug\u0173, taip pat pakeisti atliekam\u0173 u\u017eduo\u010di\u0173 apimt\u012f J\u016bs\u0173 pageidavimu.<\/li>\n<\/ul>\n<\/div><\/div><\/div><div class='content-column one_half last_column'><div class=\"liservice-block\"><div class=\"lis-icon\"><i class=\"fa-cogs\" ><\/i><\/div><div class=\"liservice-content\">\n<h3 style=\"text-align: left; color: #bd0f0c;\"><strong>Kintamasis mokestis<\/strong><\/h3>\n<h4>Kokioms \u012fmon\u0117ms jis tinka?<\/h4>\n<p>Da\u017eniausia atsiskaitymo u\u017e paslaugas forma.<br \/>\nKintamasis mokestis priklauso nuo laiko, kur\u012f m\u016bs\u0173 specialistai praleido atlikdami vien\u0105 ar kit\u0105 u\u017eduot\u012f. Nepaisant to, kad paslaugos yra pagr\u012fstos laiku, \u012f kintamuosius mokes\u010dius \u012feina ir nuolatin\u0117s, fiksuotos kainos u\u017e kai kurias paslaugas.<\/p>\n<p><strong>Kintamojo m\u0117nesio mokes\u010dio pasirinkimo prana\u0161umai:<\/strong><\/p>\n<ul>\n<li>Bet kuri\u0105 u\u017eduot\u012f galite bet kada perduoti m\u016bs\u0173 buhalteriams;<\/li>\n<li>Apskaitos kaina yra proporcinga J\u016bs\u0173 \u012fmon\u0117s veiklai tam tikru laikotarpiu.<\/li>\n<\/ul>\n<\/div><\/div><\/div><div class='clear_column'><\/div>\n<p>&nbsp;<\/p>\n<p style=\"text-align: center;\"><strong>Nepriklausomai nuo to, kuri\u0105 mok\u0117jimo form\u0105 pasirinksite, mes visada galime susitarti d\u0117l paslaug\u0173 formos pakeitimo, taip pat pakeisti paslaug\u0173 mokest\u012f, kai kei\u010diasi darbo apimtys ar J\u016bs\u0173 \u012fmon\u0117s poreikiai.<\/strong><\/p>\n<div class=\"clearboth\"><\/div><section class=\"cta\" style=\"border:1px solid #e4e4e4;background:#FFEDED;\">\n<p style=\"text-align: center;\"><strong>Ar nor\u0117tum\u0117te \u017einoti daugiau apie m\u016bs\u0173 teikiamas paslaugas? Klauskite! Mes mielai atsakysime.<\/strong> <a href=\"http:\/\/norus-regnskap.no\/lt\/kontaktai\/\" class=\"gw-btn gwb-red\" title=\"Susisiekite su mumis\">Susisiekite su mumis<i class=\"fa-arrow-circle-right\"><\/i><\/a>\n<p style=\"text-align: center;\"><\/section>\n","protected":false},"excerpt":{"rendered":"<p>Mes si\u016blome dvi apmok\u0117jimo sistemas M\u016bs\u0173 paslaug\u0173 kaina priklauso nuo darbo, reikalingo pilnaverti\u0161kam J\u016bs\u0173 \u012fmon\u0117s funkcionavimui, kiekio. &nbsp; Nepriklausomai nuo to, kuri\u0105 mok\u0117jimo form\u0105 pasirinksite, mes visada galime susitarti d\u0117l paslaug\u0173 formos pakeitimo, taip pat pakeisti paslaug\u0173 mokest\u012f, kai kei\u010diasi darbo apimtys ar J\u016bs\u0173 \u012fmon\u0117s poreikiai.<\/p>\n","protected":false},"author":1,"featured_media":0,"parent":0,"menu_order":0,"comment_status":"closed","ping_status":"closed","template":"template-fullwidth.php","meta":{"_mi_skip_tracking":false,"_monsterinsights_sitenote_active":false,"_monsterinsights_sitenote_note":"","_monsterinsights_sitenote_category":0,"footnotes":""},"_links":{"self":[{"href":"https:\/\/norus-regnskap.no\/lt\/wp-json\/wp\/v2\/pages\/18"}],"collection":[{"href":"https:\/\/norus-regnskap.no\/lt\/wp-json\/wp\/v2\/pages"}],"about":[{"href":"https:\/\/norus-regnskap.no\/lt\/wp-json\/wp\/v2\/types\/page"}],"author":[{"embeddable":true,"href":"https:\/\/norus-regnskap.no\/lt\/wp-json\/wp\/v2\/users\/1"}],"replies":[{"embeddable":true,"href":"https:\/\/norus-regnskap.no\/lt\/wp-json\/wp\/v2\/comments?post=18"}],"version-history":[{"count":11,"href":"https:\/\/norus-regnskap.no\/lt\/wp-json\/wp\/v2\/pages\/18\/revisions"}],"predecessor-version":[{"id":294,"href":"https:\/\/norus-regnskap.no\/lt\/wp-json\/wp\/v2\/pages\/18\/revisions\/294"}],"wp:attachment":[{"href":"https:\/\/norus-regnskap.no\/lt\/wp-json\/wp\/v2\/media?parent=18"}],"curies":[{"name":"wp","href":"https:\/\/api.w.org\/{rel}","templated":true}]}}