		{"id":13,"date":"2015-08-13T06:54:13","date_gmt":"2015-08-13T06:54:13","guid":{"rendered":"http:\/\/norus-regnskap.no\/ru\/?page_id=13"},"modified":"2020-10-09T07:58:22","modified_gmt":"2020-10-09T07:58:22","slug":"uzsienio-verslininkams","status":"publish","type":"page","link":"https:\/\/norus-regnskap.no\/lt\/uzsienio-verslininkams\/","title":{"rendered":"Utenlandske Foretak (u\u017esienio verslininkams)"},"content":{"rendered":"<p style=\"text-align: center;\"><strong>Pad\u0117sime u\u017esienio verslininkams \u012fsteigti \u012fmon\u0119, dukterin\u0119 \u012fmon\u0119 ar atstovyb\u0119 Norvegijoje.<\/strong><\/p>\n<p>M\u016bs\u0173 darbuotojai pad\u0117jo daugeliui \u012fmoni\u0173 ir individuali\u0173 verslinink\u0173 prad\u0117ti versl\u0105 Norvegijoje.<\/p>\n<p>Norus Regnskapsbyr\u00e5 AS buhalteriai kalba keliomis kalbomis, kas palengvina bendravim\u0105 ir informacijos supratim\u0105.<\/p>\n<p>Mes teikiame konsultacijas prie\u0161 \u012fmon\u0117s \u012fsteigim\u0105 ir teikiame visas b\u016btinas buhalterin\u0117s apskaitos ir konsultavimo paslaugas, kad \u012fmon\u0117 gal\u0117t\u0173 pilnaverti\u0161kai funkcionuoti Norvegijoje:<\/p>\n<ul>\n<li>\u012emon\u0117s registravimas &#8211; pavyzd\u017eiui, Norskregistrert Utenlandsk Foretak (NUF);<\/li>\n<li>PVM &#8211; atstovavimas &#8211; Mva-representasjon;<\/li>\n<li>Darbuotoj\u0173 registravimas Norvegijoje;<\/li>\n<li>Statybini\u0173 ID-korteli\u0173 u\u017esakymas;<\/li>\n<li>S\u0105skait\u0173 fakt\u016br\u0173 i\u0161ra\u0161ymas;<\/li>\n<li>Planavimas;<\/li>\n<li>Mokes\u010di\u0173 konsultacijos.<\/li>\n<\/ul>\n<h2 style=\"color: #bd0f0c;\">\u012emoni\u0173 registravimas Norvegijoje<\/h2>\n<p><img loading=\"lazy\" decoding=\"async\" class=\"alignright wp-image-306 size-full\" title=\"\u012emoni\u0173 registravimas Norvegijoje\" src=\"\/ru\/wp-content\/uploads\/sites\/6\/2015\/08\/registratsiya-predpriyatiy-v-orvegii-600x400.jpg\" alt=\"\u012emoni\u0173 registravimas Norvegijoje\" width=\"600\" height=\"430\"><br \/>\nMes pad\u0117sime u\u017esienio verslininkams pasirinkti tinkamiausi\u0105 verslo form\u0105 norint prad\u0117ti versl\u0105 Norvegijoje.Suteiksime pla\u010di\u0105 konsultacij\u0105 d\u0117l kiekvienos \u012fmon\u0117s nuosavyb\u0117s formos specifikos tiek mokes\u010di\u0173 mok\u0117jimo, apskaitos, privalom\u0173 finansini\u0173 ataskait\u0173 klausimais, tiek kitais verslininkams ne ma\u017eiau svarbiais klausimais.<\/p>\n<p><strong>Da\u017eniausios juridini\u0173 asmen\u0173 nuosavyb\u0117s formos:<\/strong><\/p>\n<ul>\n<li>Akcin\u0117 bendrov\u0117 &#8211; Aksjeselskap (AS);<\/li>\n<li>U\u017esienio \u012fmon\u0117s Norvegijos filialas &#8211; Norsk avdeling av utenlandsk foretak (NUF);<\/li>\n<li>Individualus verslininkas &#8211; Enkeltmannsforetak (ENK).<\/li>\n<\/ul>\n<h2 style=\"color: #bd0f0c;\">Norskregistrert Utenlandsk Foretak (NUF)<\/h2>\n<p>Norskregistrert Utenlandsk Foretak (NUF) yra verslo forma, specialiai sukurta u\u017esienio verslininkams.<\/p>\n<h3 style=\"color: #bd0f0c;\">Kas yra NUF?<\/h3>\n<p>NUF yra speciali verslo forma u\u017esienio verslininkams, norintiems prad\u0117ti versl\u0105 Norvegijoje. Tai yra Norvegijoje registruota patronuojan\u010dios bendrov\u0117s dukterin\u0117 \u012fmon\u0117, kuriai taikomi Norvegijos \u012fstatymai ir mokes\u010di\u0173 skai\u010diavimas. Viena i\u0161 NUF savybi\u0173 yra \u012fstatinio kapitalo nebuvimas.<\/p>\n<p>M\u016bs\u0173 ekspertai paai\u0161kins jums NUF esm\u0119, jai taikom\u0173 teis\u0117s akt\u0173 nuostatas, taip pat pad\u0117s paruo\u0161ti visus b\u016btinus dokumentus registravimui.<\/p>\n<h2 style=\"color: #bd0f0c;\">PVM atstovavimas.Merverdiavgiftsrepresentant i Norge (MVA-representasjon)<\/h2>\n<p>Ar nusprend\u0117te \u012fregistruoti dukterin\u0119 J\u016bs\u0173 \u012fmon\u0117s kompanij\u0105 Norvegijoje (Norskregistrert Utenlandsk Foretak (NUF)? Ar vykdote veikl\u0105, apmokestinam\u0105 PVM (MVA)? Neturite Norvegijoje registruoto \u012fmon\u0117s adreso?<br \/>\nJums reikia oficialaus atstovo &#8211; MVA representant, kuris pagal Norvegijos \u012fstatymus bus solidariai atsakingi u\u017e mokes\u010di\u0173 ir rinkliav\u0173 mok\u0117jim\u0105.<\/p>\n<p>M\u016bs\u0173 ekspertai jums paai\u0161kins Merverdiavgiftsreprezentant i Norge registravimo tvark\u0105, privalumus ir tr\u016bkumus.<\/p>\n<p style=\"text-align: center;\"><strong><a title=\"Susisiekite su mumis\" href=\"http:\/\/norus-regnskap.no\/lt\/kontaktai\/\">Pra\u0161ome susisiekti su mumis<\/a> jei J\u016bs norite su\u017einoti daugiau apie \u0161i\u0105 galimyb\u0119!<\/strong><\/p>\n<h2 style=\"color: #bd0f0c;\">Fakturering, purring og inkasso<img loading=\"lazy\" decoding=\"async\" class=\"alignright wp-image-311 size-full\" title=\"Fakturering, purring og inkasso\" src=\"\/ru\/wp-content\/uploads\/sites\/6\/2015\/08\/fakturering-purring-og-inkasso-600x400.jpg\" alt=\"Fakturering, purring og inkasso\" width=\"600\" height=\"400\"><\/h2>\n<p>Jei J\u016bs neturite galimyb\u0117s i\u0161ra\u0161yti s\u0105skait\u0173, ne\u017einote, kaip klientui priminti apie skol\u0105, susisiekite su mumis. M\u016bs\u0173 specialistai parengs s\u0105skait\u0105 fakt\u016br\u0105 J\u016bs\u0173 pra\u0161ymu, i\u0161si\u0173s purring, inkassovarsel priminimus ir prireikus perduos skolos byl\u0105 kompetentingam biurui.<\/p>\n<h2 style=\"color: #bd0f0c;\">Biud\u017eeto planavimas<\/h2>\n<p>D\u0117ka m\u016bs\u0173 \u017eini\u0173 mokes\u010di\u0173 srityje Norvegijoje, patirties finans\u0173 srityje, mes pad\u0117sime suplanuoti J\u016bs\u0173 verslo biud\u017eet\u0105.<\/p>\n<p>M\u016bs\u0173 ekspertai jums patars ir pad\u0117s sukurti efektyviausi\u0105 biud\u017eeto plan\u0105.<\/p>\n<h2 style=\"color: #bd0f0c;\">Skatter\u00e5dgiving \u2013 konsultacija mokes\u010di\u0173 mok\u0117jimo klausimais<\/h2>\n<p>Norus Regnskapsbyr\u00e5 AS specialistai teiks i\u0161samias konsultacijas mokes\u010di\u0173 mok\u0117jimo ir optimizavimo Norvegijoje klausimais.<\/p>\n<p>Bet kuriuo metu gali susisiekti su mumis, nor\u0117dami gauti atsakymus \u012f savo klausimus arba rezervuoti laik\u0105 strateginei konsultacijai.<\/p>\n","protected":false},"excerpt":{"rendered":"<p>Pad\u0117sime u\u017esienio verslininkams \u012fsteigti \u012fmon\u0119, dukterin\u0119 \u012fmon\u0119 ar atstovyb\u0119 Norvegijoje. M\u016bs\u0173 darbuotojai pad\u0117jo daugeliui \u012fmoni\u0173 ir individuali\u0173 verslinink\u0173 prad\u0117ti versl\u0105 Norvegijoje. Norus Regnskapsbyr\u00e5 AS buhalteriai kalba keliomis kalbomis, kas palengvina bendravim\u0105 ir informacijos supratim\u0105. Mes teikiame konsultacijas prie\u0161 \u012fmon\u0117s \u012fsteigim\u0105 ir teikiame visas b\u016btinas buhalterin\u0117s apskaitos ir konsultavimo paslaugas, kad \u012fmon\u0117 gal\u0117t\u0173 pilnaverti\u0161kai funkcionuoti Norvegijoje: [&hellip;]<\/p>\n","protected":false},"author":1,"featured_media":0,"parent":0,"menu_order":0,"comment_status":"closed","ping_status":"closed","template":"template-fullwidth.php","meta":{"_mi_skip_tracking":false,"_monsterinsights_sitenote_active":false,"_monsterinsights_sitenote_note":"","_monsterinsights_sitenote_category":0,"footnotes":""},"_links":{"self":[{"href":"https:\/\/norus-regnskap.no\/lt\/wp-json\/wp\/v2\/pages\/13"}],"collection":[{"href":"https:\/\/norus-regnskap.no\/lt\/wp-json\/wp\/v2\/pages"}],"about":[{"href":"https:\/\/norus-regnskap.no\/lt\/wp-json\/wp\/v2\/types\/page"}],"author":[{"embeddable":true,"href":"https:\/\/norus-regnskap.no\/lt\/wp-json\/wp\/v2\/users\/1"}],"replies":[{"embeddable":true,"href":"https:\/\/norus-regnskap.no\/lt\/wp-json\/wp\/v2\/comments?post=13"}],"version-history":[{"count":25,"href":"https:\/\/norus-regnskap.no\/lt\/wp-json\/wp\/v2\/pages\/13\/revisions"}],"predecessor-version":[{"id":317,"href":"https:\/\/norus-regnskap.no\/lt\/wp-json\/wp\/v2\/pages\/13\/revisions\/317"}],"wp:attachment":[{"href":"https:\/\/norus-regnskap.no\/lt\/wp-json\/wp\/v2\/media?parent=13"}],"curies":[{"name":"wp","href":"https:\/\/api.w.org\/{rel}","templated":true}]}}