		{"id":10,"date":"2015-08-13T06:30:50","date_gmt":"2015-08-13T06:30:50","guid":{"rendered":"http:\/\/norus-regnskap.no\/ru\/?page_id=10"},"modified":"2020-10-09T07:56:34","modified_gmt":"2020-10-09T07:56:34","slug":"buhalterines-paslaugos","status":"publish","type":"page","link":"https:\/\/norus-regnskap.no\/lt\/buhalterines-paslaugos\/","title":{"rendered":"Buhalterin\u0117s paslaugos"},"content":{"rendered":"<p><img loading=\"lazy\" decoding=\"async\" class=\"alignright wp-image-248 size-full\" title=\"Buhalterin\u0117s paslaugos\" src=\"\/ru\/wp-content\/uploads\/sites\/6\/2015\/08\/bukhgalterskiye-uslugi-w600px.jpg\" alt=\"Buhalterin\u0117s paslaugos\" width=\"600\" height=\"400\"><strong>Visas Norvegijos buhalterin\u0117s (mokes\u010di\u0173) apskaitos tvarkymo ir vedimo paslaug\u0173 spektras<\/strong><\/p>\n<p><strong>M\u016bs\u0173 buhalterin\u0117s paslaugos:<\/strong><\/p>\n<ul>\n<li>Buhalterija nuo A iki Z;<\/li>\n<li>\u012emoni\u0173 registravimas\/likvidavimas;<\/li>\n<li>Konsultacijos mokes\u010di\u0173 srityje;<\/li>\n<li>Darbo u\u017emokes\u010dio skai\u010diavimas;<\/li>\n<li>Biud\u017eeto sudarymas;<\/li>\n<li>Fakturering &#8211; s\u0105skait\u0173 fakt\u016br\u0173 i\u0161ra\u0161ymas<\/li>\n<li>Purring \u2013 priminimas apie neapmok\u0117tas s\u0105skaitas<\/li>\n<li>Inkasso \u2013 pagalba d\u0117l skol\u0173 i\u0161ie\u0161kojimo<\/li>\n<li>Selvangivelse &#8211; mokes\u010di\u0173 deklaracija vykdantiems individuali\u0105 veikl\u0105<\/li>\n<li>\u00c5rsoppgj\u00f8r \u2013 metin\u0117 finansin\u0117 atskaitomyb\u0117<\/li>\n<\/ul>\n<h2 style=\"color: #bd0f0c;\">Buhalterija nuo A iki Z<\/h2>\n<p>Norus Regnskapsbyr\u00e5 AS yra NARF nar\u0117, kas rodo, kad teikiamos paslaugos atitinka Norvegijos standartus.<\/p>\n<p>M\u016bs\u0173 darbuotojai apskai\u010diuos visus su J\u016bs\u0173 \u012fmon\u0117s veikla susijusius mokes\u010dius ir savalaiki\u0161kai informuos Jus apie j\u0173 mok\u0117jimo laik\u0105, pad\u0117s apskai\u010diuoti darbo u\u017emokest\u012f ir informuos apie \u012fmon\u0117s l\u0117\u0161\u0173 i\u0161leidimo niuansus.<\/p>\n<p>Mes sutelkiame d\u0117mes\u012f \u012f kiekvien\u0105 J\u016bs\u0173 s\u0105skaitos transakcij\u0105 ir pateikiame i\u0161sami\u0105 informacij\u0105 apie tr\u016bkstamus dokumentus.<\/p>\n<p>M\u016bs\u0173 komanda yra autorizuot\u0173 buhalteri\u0173, turin\u010di\u0173 \u012fvairi\u0173 pramon\u0117s \u0161ak\u0173 \u012fmoni\u0173, \u012fskaitant tarptautines \u012fmones ir filialus Norvegijoje, buhalterin\u0117s apskaitos patirties.<\/p>\n<p><strong>M\u016bs\u0173 paslaugos sutaupys J\u016bs\u0173 laik\u0105 ir palengvins \u012fmon\u0117s finans\u0173 kontrol\u0119.<\/strong><\/p>\n<h2 style=\"color: #bd0f0c;\">\u012emoni\u0173 registravimas<\/h2>\n<p>Mes mielai patarsime, kaip pasirinkti labiausiai tinkam\u0105 \u012fmon\u0117s nuosavyb\u0117s form\u0105 atsi\u017evelgiant \u012f planuojamo verslo specifik\u0105, apyvart\u0105 ir paslaug\u0173 r\u016b\u0161\u012f. Mes paruo\u0161ime vis\u0105 reikaling\u0105 dokumentacij\u0105 ir pad\u0117sime Jums u\u017eregistruoti J\u016bs\u0173 nauj\u0105 \u012fmon\u0119.<\/p>\n<p><strong>Mes registruojame vis\u0173 tip\u0173 \u012fmones:<\/strong><\/p>\n<ul>\n<li>Enkeltpersonforetak;<\/li>\n<li>Aksjeselskap (AS);<\/li>\n<li>selskap med delt ansvar (DA);<\/li>\n<li>Allmennaksjeselskap (ASA);<\/li>\n<li>Norsk avdeling av utenlandsk foretak (NUF).<\/li>\n<\/ul>\n<div class=\"iconbox\" style=\"background:#FFEDED;color:#000000;\">\n<p style=\"text-align: center;\"><strong>Mes teikiame buhalterines paslaugas u\u017esienio \u012fmon\u0117ms, norin\u010dioms prad\u0117ti ar jau prad\u0117jusioms versl\u0105 Norvegijoje.<\/strong> <a href=\"\/lt\/uzsienio-verslininkams\/\" class=\"gw-btn gwb-red\" title=\"Su\u017einoti daugiau\">Su\u017einoti daugiau<i class=\"fa-arrow-circle-right\"><\/i><\/a>\n<\/div>\n<h2 style=\"color: #bd0f0c;\">Konsultacijos mokes\u010di\u0173 srityje<\/h2>\n<p>M\u016bs\u0173 specialistai pad\u0117s Jums i\u0161siai\u0161kinti su sud\u0117tingiausiais buhalterin\u0117s apskaitos, mokes\u010di\u0173 mok\u0117jimo ir mokes\u010di\u0173 optimizavimo klausimais.<\/p>\n<p>Mes pad\u0117sime Jums parengti metines mokes\u010di\u0173 ataskaitas ir sudarysime visas s\u0105lygas laiku jas pateikti. Mes pad\u0117sime Jums optimizuoti j\u016bs\u0173 \u012fmon\u0117s mokes\u010dius ir sukurti mokes\u010di\u0173 plan\u0105, kuris yra ypa\u010d svarbus \u012fmon\u0117ms, u\u017esiiman\u010dioms prekyba ir turin\u010dioms tarptautini\u0173 partneri\u0173, klient\u0173 ir tiek\u0117j\u0173.<\/p>\n<p>Susisiekite su mumis bet kuriuo Jums patogiu metu ir mes mielai atsakysime i J\u016bs\u0173 klausimus.<\/p>\n<h2 style=\"color: #bd0f0c;\">Biud\u017eeto sudarymas<\/h2>\n<p>Profesionalus biud\u017eeto planavimas leis Jums kontroliuoti finansinius rezultatus, veiklos efektyvum\u0105, taip pat sukurti labiau nusp\u0117jamas s\u0105lygas savo tikslams pasiekti.<\/p>\n<h2 style=\"color: #bd0f0c;\">Fakturering, purring og inkasso<\/h2>\n<p><img loading=\"lazy\" decoding=\"async\" class=\"alignright wp-image-275 size-full\" title=\"Budgeting\" src=\"\/ru\/wp-content\/uploads\/sites\/6\/2015\/08\/bukhgalterskiye-uslugi-w600x400px.jpg\" alt=\"Budgeting\" width=\"600\" height=\"400\"><br \/>\nM\u016bs\u0173 darbuotojai i\u0161ra\u0161ys s\u0105skaitas J\u016bs\u0173 klientams per trumpiausi\u0105 \u012fmanom\u0105 laik\u0105 ir i\u0161si\u0173s adresatams pagal J\u016bs\u0173 reikalavimus &#8211; paprastu arba el. pa\u0161tu. Papildomai mes galime steb\u0117ti savalaik\u012f s\u0105skait\u0173 apmok\u0117jim\u0105.<\/p>\n<p>Esant poreikiui, mes galime priminti apie s\u0105skaitos apmok\u0117jim\u0105.<\/p>\n<h2 style=\"color: #bd0f0c;\">Selvangivelse (Skattemelding)<\/h2>\n<p>Selvangivelse (Skattemelding) yra metin\u0117 mokes\u010di\u0173 deklaracija, finansin\u0117 ataskaita, kurioje nurodomos j\u016bs\u0173, kaip darbuotojo ir\/arba verslininko, pajamos. Remiantis \u0161iuo dokumentu, apskai\u010diuojami J\u016bs\u0173 mokes\u010diai. Ir tai yra tik viena i\u0161 prie\u017eas\u010di\u0173, kod\u0117l \u012f Selvangivelse reikia \u017ei\u016br\u0117ti rimtai.<\/p>\n<p>Kaip Norus Regnskapsbyr\u00e5 AS klientui, Jums tereikia kruop\u0161\u010diai saugoti ir archyvuoti visus metus atitinkamus dokumentus, kad gal\u0117tum\u0117te juos perduoti m\u016bs\u0173 specialistui. Sutaupysite laiko ir nerv\u0173, taip pat i\u0161vengsite nemaloni\u0173 situacij\u0173, kurios gali kilti d\u0117l neteisingo ar nepilno Selvangivelse (Skattemelding) u\u017epildymo.<\/p>\n<h2 style=\"color: #bd0f0c;\">\u00c5rsoppgj\u00f8r<\/h2>\n<p>Remiantis Norvegijos \u012fstatymais, \u012fmon\u0117s, rengdamos metin\u0119 akcini\u0173 bendrovi\u0173 (AS), NUF, taip pat priva\u010di\u0173 verslinink\u0173, kuri\u0173 metin\u0117 apyvarta vir\u0161ija 5 mln. NOK, ataskait\u0105, privalo i\u0161si\u0173sti vadinam\u0105j\u012f \u00c5rsoppgj\u00f8r \u012f Br\u00f8nn\u00f8ysundregister. Jame pateikiama informacija apie finansin\u0117s veiklos rezultatus, \u012fmon\u0117s strukt\u016br\u0105, bendra verslo charakteristika, pad\u0117tis rinkoje, finansin\u0117 b\u016bkl\u0117, pelnas ar nuostoliai ir kita statistin\u0117 informacija.<\/p>\n<p>M\u016bs\u0173 darbuotojai parengs metin\u0119 ataskait\u0105 vis\u0173 tip\u0173 \u012fmon\u0117ms &#8211; Enkeltpersonforetak (ENK), Aksjeselskap (AS), Selskap med delt ansva(DA), Allmennaksjeselel (ASA) ir Norsk avdeling av utenlandsk foretak (NUF).<\/p>\n<p>Net jei J\u016bs\u0173 \u012fmon\u0117s apskait\u0105 tvarko kita \u012fmon\u0117 arba darbuotojas, galite u\u017esisakyti metin\u0119 ataskait\u0105 i\u0161 Norus Regnskapsbyr\u00e5 AS.<\/p>\n<h2 style=\"color: #bd0f0c;\">\u012emon\u0117s likvidavimas<\/h2>\n<p>Mes jums paai\u0161kinsime likvidavimo proceso tvark\u0105, paruo\u0161ime visus reikalingus dokumentus ir konsultuosime likvidavimo etape.<\/p>\n<p>&nbsp;<\/p>\n<div class=\"clearboth\"><\/div><section class=\"cta\" style=\"border:1px solid #e4e4e4;background:#FFEDED;\">\n<p style=\"text-align: center;\"><strong>Su\u017einokite daugiau apie bet kuri\u0105 i\u0161 m\u016bs\u0173 si\u016blom\u0173 buhalterin\u0117s apskaitos paslaug\u0173:<\/strong>&nbsp;<a href=\"http:\/\/norus-regnskap.no\/lt\/kontaktai\/\" class=\"gw-btn gwb-red\" title=\"Susisiekti su mumis\">Susisiekti su mumis<i class=\"fa-arrow-circle-right\"><\/i><\/a>\n<\/section>\n","protected":false},"excerpt":{"rendered":"<p>Visas Norvegijos buhalterin\u0117s (mokes\u010di\u0173) apskaitos tvarkymo ir vedimo paslaug\u0173 spektras M\u016bs\u0173 buhalterin\u0117s paslaugos: Buhalterija nuo A iki Z; \u012emoni\u0173 registravimas\/likvidavimas; Konsultacijos mokes\u010di\u0173 srityje; Darbo u\u017emokes\u010dio skai\u010diavimas; Biud\u017eeto sudarymas; Fakturering &#8211; s\u0105skait\u0173 fakt\u016br\u0173 i\u0161ra\u0161ymas Purring \u2013 priminimas apie neapmok\u0117tas s\u0105skaitas Inkasso \u2013 pagalba d\u0117l skol\u0173 i\u0161ie\u0161kojimo Selvangivelse &#8211; mokes\u010di\u0173 deklaracija vykdantiems individuali\u0105 veikl\u0105 \u00c5rsoppgj\u00f8r \u2013 metin\u0117 [&hellip;]<\/p>\n","protected":false},"author":1,"featured_media":0,"parent":0,"menu_order":0,"comment_status":"closed","ping_status":"closed","template":"template-fullwidth.php","meta":{"_mi_skip_tracking":false,"_monsterinsights_sitenote_active":false,"_monsterinsights_sitenote_note":"","_monsterinsights_sitenote_category":0,"footnotes":""},"_links":{"self":[{"href":"https:\/\/norus-regnskap.no\/lt\/wp-json\/wp\/v2\/pages\/10"}],"collection":[{"href":"https:\/\/norus-regnskap.no\/lt\/wp-json\/wp\/v2\/pages"}],"about":[{"href":"https:\/\/norus-regnskap.no\/lt\/wp-json\/wp\/v2\/types\/page"}],"author":[{"embeddable":true,"href":"https:\/\/norus-regnskap.no\/lt\/wp-json\/wp\/v2\/users\/1"}],"replies":[{"embeddable":true,"href":"https:\/\/norus-regnskap.no\/lt\/wp-json\/wp\/v2\/comments?post=10"}],"version-history":[{"count":18,"href":"https:\/\/norus-regnskap.no\/lt\/wp-json\/wp\/v2\/pages\/10\/revisions"}],"predecessor-version":[{"id":314,"href":"https:\/\/norus-regnskap.no\/lt\/wp-json\/wp\/v2\/pages\/10\/revisions\/314"}],"wp:attachment":[{"href":"https:\/\/norus-regnskap.no\/lt\/wp-json\/wp\/v2\/media?parent=10"}],"curies":[{"name":"wp","href":"https:\/\/api.w.org\/{rel}","templated":true}]}}