		{"id":23,"date":"2015-05-18T13:21:16","date_gmt":"2015-05-18T13:21:16","guid":{"rendered":"http:\/\/norus-regnskap.no\/en\/?page_id=23"},"modified":"2026-02-25T07:48:45","modified_gmt":"2026-02-25T07:48:45","slug":"meist","status":"publish","type":"page","link":"https:\/\/norus-regnskap.no\/est\/meist\/","title":{"rendered":"Meist"},"content":{"rendered":"<p style=\"text-align: left;\"><strong>Me teame oma tugevusi. Keskendume oma ettev\u00f5tte p\u00f5hitegevusele &#8211; raamatupidamisteenuste osutamisele v\u00e4ikestele ja keskmise suurusega ettev\u00f5tetele.<\/strong><\/p>\n<p>Ja kui usaldate oma ettev\u00f5tte raamatupidamise meile, saate keskenduda ka oma ettev\u00f5tte p\u00f5hitegevusele &#8211; kaubandusele, tootmisele v\u00f5i kvaliteetsete teenuste pakkumisele.<\/p>\n<p>Usume, et \u00fctlus \u201ek\u00f5ik tema ametis\u201d vastab t\u00f5ele, et t\u00f6\u00f6 t\u00f5hus delegeerimine professionaalidele on ettev\u00f5tte edu v\u00f5ti.<\/p>\n<blockquote><p><strong><em>\u201cMeie eesm\u00e4rk on pakkuda teile sellise kvaliteediga teenuseid, et saaksite keskenduda oma p\u00f5hitegevusele. Meie kohus on konsulteerida, soovitada, hoiatada, teavitada ja pidada teie ettev\u00f5tte raamatupidamist.\u201d.<\/em><\/strong><\/p>\n<p style=\"text-align: right;\"><strong><em>Alexey Don, regnskapsf\u00f8rer<\/em><\/strong><\/p>\n<p style=\"text-align: right;\">\n<\/blockquote>\n<h2 style=\"color: #bd0f0c;\">Meie meeskond<\/h2>\n<h3><img decoding=\"async\" class=\"alignleft size-medium-about-us wp-image-185\" src=\"http:\/\/norus-regnskap.no\/en\/wp-content\/uploads\/sites\/5\/2017\/12\/AlexeyDon-175x233.jpg\" alt=\"\" width=\"175px\" height=\"233px\" srcset=\"https:\/\/norus-regnskap.no\/est\/wp-content\/uploads\/sites\/12\/2017\/12\/AlexeyDon-175x233.jpg 175w, https:\/\/norus-regnskap.no\/est\/wp-content\/uploads\/sites\/12\/2017\/12\/AlexeyDon-225x300.jpg 225w, https:\/\/norus-regnskap.no\/est\/wp-content\/uploads\/sites\/12\/2017\/12\/AlexeyDon.jpg 350w\" sizes=\"(max-width: 175px) 100vw, 175px\" \/>Alexey Don<\/h3>\n<h4><em>Esimees<\/em><\/h4>\n<p>Atesteeritud raamatupidaja<\/p>\n<p style=\"overflow: hidden;\">Raamatupidaja Alexey Don on kvalifitseeritud jurist ja majandusteadlane, kellel on t\u00f6\u00f6kogemusi nii Venemaalt kui ka Norrast. Tema juriidilised ja finantsteadmised ning kogemused rahvusvaheliste suurklientidega t\u00f6\u00f6tamisel annavad olulise panuse ettev\u00f5tte raamatupidamisteenustesse, mis tagab seel\u00e4bi veelgi laiema ekspertiisivaldkonna ja pakub klientidele veelgi kvaliteetsemaid teenuseid kui ainult raamatupidamisoskusi pakkuvad ettev\u00f5tted.<\/p>\n<hr class=\"gw-divider clearboth\" \/>\n<p><img decoding=\"async\" class=\"alignleft size-medium-about-us wp-image-186\" src=\"http:\/\/norus-regnskap.no\/en\/wp-content\/uploads\/sites\/5\/2017\/12\/AnnaHalvorsen-175x233.jpg\" alt=\"\" width=\"175px\" height=\"233px\" srcset=\"https:\/\/norus-regnskap.no\/est\/wp-content\/uploads\/sites\/12\/2017\/12\/AnnaHalvorsen-175x233.jpg 175w, https:\/\/norus-regnskap.no\/est\/wp-content\/uploads\/sites\/12\/2017\/12\/AnnaHalvorsen-225x300.jpg 225w, https:\/\/norus-regnskap.no\/est\/wp-content\/uploads\/sites\/12\/2017\/12\/AnnaHalvorsen.jpg 350w\" sizes=\"(max-width: 175px) 100vw, 175px\" \/><\/p>\n<h3>Anna Halvorsen<\/h3>\n<h4><em>Juhataja<\/em><\/h4>\n<p>Atesteeritud raamatupidaja<\/p>\n<p>Anna on maksuekspert ja diplomeeritud raamatupidaja. Ta on omandanud Magistri kraadi Tartu \u00dclikoolis, Eestis ja t\u00e4iendanud end \u00d8stfoldi \u00fclikooli kolled\u017eis. Tal on Norras \u00fcle 10-aastane raamatupidamise ja maksustamise kogemus. Lisaks on tal maksustamise ja raamatupidamise kursused, mis on m\u00f5eldud eriti v\u00e4ikestele ja keskmise suurusega ettev\u00f5tetele. Ta on aktiivne liige BPW Follos (naisettev\u00f5tjate ja juhtide v\u00f5rgustik), kus ta on juhatuse liige.<\/p>\n<hr class=\"gw-divider clearboth\" \/>\n<p><img decoding=\"async\" class=\"alignleft size-medium-about-us wp-image-189\" src=\"http:\/\/norus-regnskap.no\/en\/wp-content\/uploads\/sites\/5\/2017\/12\/MarijaMorfjord-175x233.jpg\" alt=\"\" width=\"175px\" height=\"233px\" srcset=\"https:\/\/norus-regnskap.no\/est\/wp-content\/uploads\/sites\/12\/2017\/12\/MarijaMorfjord-175x233.jpg 175w, https:\/\/norus-regnskap.no\/est\/wp-content\/uploads\/sites\/12\/2017\/12\/MarijaMorfjord-225x300.jpg 225w, https:\/\/norus-regnskap.no\/est\/wp-content\/uploads\/sites\/12\/2017\/12\/MarijaMorfjord.jpg 350w\" sizes=\"(max-width: 175px) 100vw, 175px\" \/><\/p>\n<h3>Marija Morfjord<\/h3>\n<h4><em><span style=\"color: #242424;\">Raamatupidaja<\/span><\/em><\/h4>\n<p>Maria on haritud raamatupidaja. Lisaks j\u00e4tkab ta majandusteadust Oslos BI Norra \u00e4rikoolis. Erialased oskused, aga ka kogemused erinevate valdkondade ettev\u00f5tetega t\u00f6\u00f6tamisel muudavad Maria Norus Regnskapsbyr\u00e5 AS-i suure j\u00f5udlusega spetsialistiks.<\/p>\n<hr class=\"gw-divider clearboth\" \/>\n<p><img decoding=\"async\" class=\"alignleft size-medium-about-us wp-image-191\" src=\"http:\/\/norus-regnskap.no\/en\/wp-content\/uploads\/sites\/5\/2017\/12\/SvetlanaPerepecina-175x233.jpg\" alt=\"\" width=\"175px\" height=\"233px\" srcset=\"https:\/\/norus-regnskap.no\/est\/wp-content\/uploads\/sites\/12\/2017\/12\/SvetlanaPerepecina-175x233.jpg 175w, https:\/\/norus-regnskap.no\/est\/wp-content\/uploads\/sites\/12\/2017\/12\/SvetlanaPerepecina-225x300.jpg 225w, https:\/\/norus-regnskap.no\/est\/wp-content\/uploads\/sites\/12\/2017\/12\/SvetlanaPerepecina.jpg 350w\" sizes=\"(max-width: 175px) 100vw, 175px\" \/><\/p>\n<h3>Svetlana Perepecina<\/h3>\n<h4><em><span style=\"color: #242424;\">Konsultant<\/span><\/em><\/h4>\n<p>Svetlana on haritud majandusteadlane Leedust. Tal on bakalaureusekraad majanduses ja \u00e4rijuhtimises ning erialana rahandus. Tal on head erialased oskused ja kogemused raamatupidamises nii Leedust kui Norrast.<\/p>\n<hr class=\"gw-divider clearboth\" \/>\n<p><img decoding=\"async\" class=\"alignleft size-medium-about-us wp-image-705\" src=\"http:\/\/norus-regnskap.no\/wp-content\/uploads\/2017\/12\/JuliaPetina-175x233.jpg\" alt=\"\" width=\"175px\" height=\"233px\" \/><\/p>\n<h3>Julia Petin<\/h3>\n<p>Julia \u00f5ppis Norras raamatupidamist. Ta on kogenud, vastutustundlik ja keskendub suuresti konsultatsiooniteenustele. Julia teadmised ja oskused soovitavad teda raamatupidamisteenuste k\u00f5rge kvaliteedi osas ja lisaks on ta meie klientidele suureks toeks.<br \/>\n<hr class=\"gw-divider clearboth\" \/>\n<p><img loading=\"lazy\" decoding=\"async\" class=\"wp-image-826 size-full alignleft\" src=\"https:\/\/norus-regnskap.no\/wp-content\/uploads\/2018\/09\/175x233b-2.jpg\" alt=\"\" width=\"175\" height=\"233\" \/><\/p>\n<h3>Agne Lavickiene<\/h3>\n<h4><em><span style=\"color: #242424;\">Konsultant<\/span><\/em><\/h4>\n<p>Agne on vastutustundlik ja t\u00e4pne hea suhtlemisoskusega t\u00f6\u00f6taja. Tema teadmised ja kogemused raamatupidamises ja majanduses m\u00e4\u00e4ratlevad teda kui p\u00fchendunud raamatupidajat. Ta otsib pidevalt parendusi ja t\u00f5husamat lahendust klientide tegevusele.<\/p>\n<hr class=\"gw-divider clearboth\" \/>\n<p><img loading=\"lazy\" decoding=\"async\" class=\"wp-image-825 size-full alignleft\" src=\"https:\/\/norus-regnskap.no\/wp-content\/uploads\/2018\/09\/175x233a-2.jpg\" alt=\"\" width=\"175\" height=\"233\" \/><\/p>\n<h3>Skaiste Mikalauskiene<\/h3>\n<h4><em><span style=\"color: #242424;\">Konsultant<\/span><\/em><\/h4>\n<p>Skaiste teadmised ja kogemused erinevatest raamatupidamiss\u00fcsteemidest ning huvi numbrite ja finantsn\u00f5ustamise vastu soovitavad teda kui t\u00f5husat raamatupidajat. Ta on meie klientidele suureks toeks k\u00e4ibemaksu, maksustamise ja t\u00e4pse raamatupidamise \u00fcle otsustamisel.<\/p>\n<hr class=\"gw-divider clearboth\" \/>\n<h2 style=\"color: #bd0f0c;\">Samarbeidspartner<\/h2>\n<h2 style=\"color: #bd0f0c;\"><img decoding=\"async\" class=\"alignleft size-full wp-image-347\" src=\"http:\/\/norus-regnskap.no\/wp-content\/uploads\/2014\/04\/samarbeidspartner-sakatteEksperten-logo.jpg\" alt=\" SkatteEksperten AS\" \/><\/h2>\n<p>Meil on laialdased kogemused Norra ettev\u00f5tete raamatupidamises ja n\u00f5ustamises, mille on loonud nii Norra kui ka <a href=\"https:\/\/norus-regnskap.no\/est\/valisettevote\/\">v\u00e4lismaised \u00e4rimehed<\/a>.<br \/>\nKoos aitame teil Norras oma regulatsioonide ja maksup\u00f5him\u00f5tete meres liikuda.<\/p>\n","protected":false},"excerpt":{"rendered":"<p>Me teame oma tugevusi. Keskendume oma ettev\u00f5tte p\u00f5hitegevusele &#8211; raamatupidamisteenuste osutamisele v\u00e4ikestele ja keskmise suurusega ettev\u00f5tetele. Ja kui usaldate oma ettev\u00f5tte raamatupidamise meile, saate keskenduda ka oma ettev\u00f5tte p\u00f5hitegevusele &#8211; kaubandusele, tootmisele v\u00f5i kvaliteetsete teenuste pakkumisele. Usume, et \u00fctlus \u201ek\u00f5ik tema ametis\u201d vastab t\u00f5ele, et t\u00f6\u00f6 t\u00f5hus delegeerimine professionaalidele on ettev\u00f5tte edu v\u00f5ti. \u201cMeie eesm\u00e4rk [&hellip;]<\/p>\n","protected":false},"author":1,"featured_media":0,"parent":0,"menu_order":0,"comment_status":"closed","ping_status":"closed","template":"template-fullwidth.php","meta":{"_mi_skip_tracking":false,"_monsterinsights_sitenote_active":false,"_monsterinsights_sitenote_note":"","_monsterinsights_sitenote_category":0,"footnotes":""},"_links":{"self":[{"href":"https:\/\/norus-regnskap.no\/est\/wp-json\/wp\/v2\/pages\/23"}],"collection":[{"href":"https:\/\/norus-regnskap.no\/est\/wp-json\/wp\/v2\/pages"}],"about":[{"href":"https:\/\/norus-regnskap.no\/est\/wp-json\/wp\/v2\/types\/page"}],"author":[{"embeddable":true,"href":"https:\/\/norus-regnskap.no\/est\/wp-json\/wp\/v2\/users\/1"}],"replies":[{"embeddable":true,"href":"https:\/\/norus-regnskap.no\/est\/wp-json\/wp\/v2\/comments?post=23"}],"version-history":[{"count":111,"href":"https:\/\/norus-regnskap.no\/est\/wp-json\/wp\/v2\/pages\/23\/revisions"}],"predecessor-version":[{"id":456,"href":"https:\/\/norus-regnskap.no\/est\/wp-json\/wp\/v2\/pages\/23\/revisions\/456"}],"wp:attachment":[{"href":"https:\/\/norus-regnskap.no\/est\/wp-json\/wp\/v2\/media?parent=23"}],"curies":[{"name":"wp","href":"https:\/\/api.w.org\/{rel}","templated":true}]}}