		{"id":21,"date":"2015-05-18T13:17:10","date_gmt":"2015-05-18T13:17:10","guid":{"rendered":"http:\/\/norus-regnskap.no\/en\/?page_id=21"},"modified":"2021-12-13T13:45:18","modified_gmt":"2021-12-13T13:45:18","slug":"viited","status":"publish","type":"page","link":"https:\/\/norus-regnskap.no\/est\/viited\/","title":{"rendered":"Viited"},"content":{"rendered":"<div class='content-column three_fifth last_column'><div class=\"testimonial-section\">\n<em>&#8220;We are very happy to choose to cooperate with NORUS ACCOUNTING AS. It is a reliable company with extensive experience and a very responsible, friendly, educated and highly qualified staff. All documents are organized in a timely and responsible manner, pleasant communication, answers to our questions are provided accurately,<br \/>\nclear, comprehensible and very fast. Communication with the company is very good, all employees, from the administrator to the manager, are ready to help and advise. <\/p>\n<p>We communicate directly with Svetlana at Norus Accounting As, who is very responsible, accurate, service-minded, with whom it is very easy to work, communicate, she is well aware and provides answers to all our questions. We can only say the best and warmest reviews about her. If you are looking for a truly reliable and responsible accounting company, we highly recommend that you choose NORUS ACCOUNTING, this choice and the trust given to them will exceed all your expectations.&#8221;<br \/>\n&#8211;&nbsp;<\/em><a title=\"Scaena NUF\" href=\"Scaena NUF\" target=\"_blank\" rel=\"noopener\"><\/a><br \/>\n<div class=\"testimonial-details\"><div class=\"testimonial-misc tmisc-fix\"><span class=\"tname\">Anton Krishtopin<\/span><span class=\"tposition\">Scaena NUF - Daglig leder<\/span><\/div><\/div><\/div><\/div><div class='clear_column'><\/div>\n\n\n<div class='content-column three_fifth'><div class=\"testimonial-section\">\n<em>&#8220;About Norus Accounting we can say only best words, and of course I would like say special thanks to Agne, she is great help to us!<br \/>\nNorus Accounting &#8211; Proffesional, helpfull team, who will help you with best solutions. Personal approach to the client. Highly recommend.&#8221; &#8211;&nbsp;<\/em><a title=\"https:\/\/www.inbox.lv\/\" href=\"https:\/\/www.inbox.lv\/\" target=\"_blank\" rel=\"noopener\">https:\/\/www.inbox.lv\/<\/a><br \/>\n<div class=\"testimonial-details\"><img decoding=\"async\" src=\"https:\/\/norus-regnskap.no\/wp-content\/uploads\/2021\/12\/inbox.lv_.jpg\" alt=\"Diana\" class=\"testimonial-img\" \/><div class=\"testimonial-misc \"><span class=\"tname\">Diana<\/span><span class=\"tposition\">Sroms Solutions - Administrative director<\/span><\/div><\/div><\/div><\/div>\n\n\n<div class='content-column two_fifth'><div class=\"testimonial-section\">\n<em>&#8220;When we were looking for a company for accounting, we set ourselves the main goal &#8211; to find a company with which we can conduct not only cooperation, but also be friends and achieve common goals. With Norus Accounting we have found 100% understanding and high professionalism, and, of course, I would like to express my special gratitude to Svetlana, she is an extra-class professional!<br \/>\nAfter 3 years of cooperation, we are happy to recommend not only the highest level of Norus Accounting, but also our history of interaction.&#8221; &#8211;&nbsp;<\/em><a title=\"http:\/\/realpro.no\" href=\"http:\/\/realpro.no\" target=\"_blank\" rel=\"noopener\">realpro.no<\/a><br \/>\n<div class=\"testimonial-details\"><img decoding=\"async\" src=\"https:\/\/norus-regnskap.no\/wp-content\/uploads\/2021\/12\/logo-realpro.png\" alt=\"Giedrius Jankevicius\" class=\"testimonial-img\" \/><div class=\"testimonial-misc \"><span class=\"tname\">Giedrius Jankevicius<\/span><span class=\"tposition\">Real Pro - Daglig leder<\/span><\/div><\/div><\/div><\/div>\n\n\n<div class='content-column three_fifth'><div class=\"testimonial-section\">\n<em>&#8220;We are a chess organisation, which includes a chess school for children and adults and two youth chess clubs in Oslo and B\u00e6rum. We arrange a number of chess activities: courses, tournaments, training camps, master classes, lectures etc. Every year we have over 2000 participants at different events, which requires a lot of precision and stability in financial operations. We are very happy to cooperate with NORUS Regnskapsbyr\u00e5 AS and personally Alexey Don, who has been taking care of our accounting needs for over two years now. We can gladly give our credit to Alexey as a highly professional, reliable person, who delivers competent service on time and who is always attentive and available in case of any unforeseen situation.&#8221; &#8211;\u00a0<\/em><a title=\"http:\/\/www.stormester.no\" href=\"http:\/\/www.stormester.no\" target=\"_blank\" rel=\"noopener\">http:\/\/www.stormester.no<\/a><\/p>\n<div class=\"testimonial-details\"><img decoding=\"async\" src=\"http:\/\/norus-regnskap.no\/wp-content\/uploads\/2014\/05\/olga-dolzhykova-200x200.jpg\" alt=\"Olga Dolzhykova\" class=\"testimonial-img\" \/><div class=\"testimonial-misc \"><span class=\"tname\">Olga Dolzhykova<\/span><span class=\"tposition\">Stormester AS - Administrative director<\/span><\/div><\/div><\/div><\/div>\n\n\n<div class='content-column two_fifth last_column'><div class=\"testimonial-section\">\n<em>&#8220;Det er trygt og komfortabelt \u00e5 samarbeide med Norus Regnskapsbyr\u00e5. Selskapets regnskapsf\u00f8rere vil alltid gi et raskt svar p\u00e5 dine sp\u00f8rsm\u00e5l eller gi r\u00e5d om hvordan en transaksjon eller avtale med kunden bedre kan gjennomf\u00f8res. Den st\u00f8rste fordelen ved valg av Norus Regnskapsbyr\u00e5 er at man kan avtale alt p\u00e5 forh\u00e5nd og gj\u00f8re samarbeidet fordelaktig for begge parter. Jeg kan anbefale Norus Regnskapsbyr\u00e5 til alle som er interessert i et fruktbart samarbeid med et regnskapsfirma.&#8221; &#8211;\u00a0<\/em><a title=\"http:\/\/dariapure.wix.com\/dariapure\" href=\"http:\/\/dariapure.wix.com\/dariapure\" target=\"_blank\" rel=\"noopener\">Dariapure.wix.com\/dariapure<\/a><\/p>\n<div class=\"testimonial-details\"><img decoding=\"async\" src=\"http:\/\/norus-regnskap.no\/wp-content\/uploads\/2014\/04\/daria-pure-200x200.jpg\" alt=\"Daria Pure\" class=\"testimonial-img\" \/><div class=\"testimonial-misc \"><span class=\"tname\">Daria Pure<\/span><\/div><\/div><\/div><\/div><div class='clear_column'><\/div>\n\n\n<div class='content-column two_fifth'><div class=\"testimonial-section\">\n&#8220;Alexey Don er en glimrende regnskapsf\u00f8rer med overbevisende fagkunnskap. Jeg er meget forn\u00f8yd med hans tjenester, og er sikker p\u00e5 at han alltid leverer hundre prosent!&#8221; \u00a0&#8211; <a title=\"www.olgakivaeva.com\" href=\"http:\/\/www.olgakivaeva.com\" target=\"_blank\" rel=\"noopener\">www.olgakivaeva.com<\/a><br \/>\n<div class=\"testimonial-details\"><img decoding=\"async\" src=\"http:\/\/norus-regnskap.no\/wp-content\/uploads\/2014\/04\/Olga-Kivaeva-200x200.jpg\" alt=\"Olga Kivaeva\" class=\"testimonial-img\" \/><div class=\"testimonial-misc \"><span class=\"tname\">Olga Kivaeva<\/span><span class=\"tposition\">Fiolinist<\/span><\/div><\/div><\/div><\/div>\n\n\n<div class='content-column three_fifth last_column'><div class=\"testimonial-section\">\n<p>&#8220;Jeg har brukt Norus som regnskapsfirma siden oppstarten av mitt NUF og er veldig forn\u00f8yd med jobben og responstiden p\u00e5 tjenester som er p\u00e5lagt og tjenester som faller utenom vanlig regnskapsf\u00f8rers plikter. Jeg kan varmt anbefale Norus og Alexey Don for personer som er interessert i \u00e5 etablere ett NUF eller vanlig firma i Norge.&#8221; &#8211;\u00a0<a href=\"http:\/\/www.chstadler.com\/\" target=\"_blank\" rel=\"eplinks_hrefhttp:\/\/www.chstadler.com noopener\">www.chstadler.com<\/a><\/p>\n<div class=\"testimonial-details\"><img decoding=\"async\" src=\"http:\/\/norus-regnskap.no\/wp-content\/uploads\/2014\/04\/unknown-member.gif\" alt=\"Christian Stadler\" class=\"testimonial-img\" \/><div class=\"testimonial-misc \"><span class=\"tname\">Christian Stadler<\/span><span class=\"tposition\">Sivilingeni\u00f8r Bygg og Anlegg<\/span><\/div><\/div><\/div><\/div><div class='clear_column'><\/div>\n\n\n<div class='content-column three_fifth'><div class=\"testimonial-section\">\n&#8220;<em>Norus Regnskapsbyr\u00e5 har den kunnskap og entusiasme og interesse\u00a0 for sitt fag som mange regnskapsbyr\u00e5er burde ettertrakte. De har et godt hum\u00f8r og n\u00e5r de i tillegg behersker Russisk &#8211; Baltisk -Engelsk og flytende Norsk var dette v\u00e5rt soleklare valg. da vi som s\u00e5 ,mange har mye dyktige medarbeidere ogs\u00e5 utenlanske arbeidere. Vi har v\u00e6rt heldige \u00e5 f\u00e5 Andrey Lapshin som v\u00e5r faste kontaktperson. og det har blitt &#8220;g\u00f8y&#8221; \u00e5 jobbe med regnskap og papirer. Norus regnskapsbyr\u00e5 er et funn og vi kan gi den beste anbefaling for \u00e5 benytte dette firma.<\/em>&#8221; &#8211;\u00a0<a href=\"http:\/\/www.osloarkitektbygg.no\/\" target=\"_blank\" rel=\"eplinks_hrefhttp:\/\/www.osloarkitektbygg.no noopener\">www.osloarkitektbygg.no<\/a><br \/>\n<div class=\"testimonial-details\"><img decoding=\"async\" src=\"http:\/\/norus-regnskap.no\/wp-content\/uploads\/2014\/04\/Steffen-Bertoni-w200-h200.jpg\" alt=\"Steffen Bertoni\" class=\"testimonial-img\" \/><div class=\"testimonial-misc \"><span class=\"tname\">Steffen Bertoni<\/span><span class=\"tposition\">Nordan Bygg AS - Daglig leder<\/span><\/div><\/div><\/div><\/div>\n\n\n<div class='content-column two_fifth'><div class=\"testimonial-section\">\n&#8220;<em>Vi er ikke eksperter innen renskapsbransje, derfor la vi Norus Regnskapsbyr\u00e5 AS gj\u00f8re klar en professional jobb for oss. Vi er kjempe forn\u00f8yd at vi er i tett samarbeid med Norus Regnskapsbyr\u00e5 AS. De har svart gode kompetanser, stor arbeidskapasitet, kommer alltid med detaljert og fullstendig svar p\u00e5 alle sp\u00f8rsm\u00e5lene v\u00e5re . Vi vil anbefale Norus Regnskapsbyr\u00e5 AS p\u00e5 det sterkeste !!!<\/em>&#8221; &#8211;\u00a0<a href=\"http:\/\/www.artakogbeslag.no\/\" target=\"_blank\" rel=\"eplinks_hrefhttp:\/\/www.artakogbeslag.no noopener\">www.artakogbeslag.no<\/a><br \/>\n<div class=\"testimonial-details\"><img decoding=\"async\" src=\"http:\/\/norus-regnskap.no\/wp-content\/uploads\/2014\/04\/unknown-member.gif\" alt=\"Andrei Kotsergin\" class=\"testimonial-img\" \/><div class=\"testimonial-misc \"><span class=\"tname\">Andrei Kotsergin<\/span><span class=\"tposition\">AR Tak og Beslag AS - Styre leder<\/span><\/div><\/div><\/div><\/div>\n\n\n<div class='content-column two_fifth'><div class=\"testimonial-section\">\n&#8220;<em>Jeg har brukt Norus Regnskapsbyr\u00e5 AS som regnskapsfirma siden oppstarten av Prima Musikkskole AS I februar 2010 og er veldig forn\u00f8yd med jobben og tjenester . De har den kunnskap og entusiasme og interesse for sitt fag som mange regnskapsbyr\u00e5er burde ettertrakte. Du kan bli fullstendig sikkert at alt skal leveres p\u00e5 tide , uten komplikasjoner . Prima Musikkskole kan varmt anbefale Norus Regnskapsbyr\u00e5 AS for personer som er interessert i \u00e5 etablere sitt bedrift i Norge.<\/em>&#8221; &#8211;\u00a0<a href=\"http:\/\/www.primamusikk.net\/\" target=\"_blank\" rel=\"eplinks_hrefhttp:\/\/www.primamusikk.net noopener\">www.primamusikk.net<\/a><br \/>\n<div class=\"testimonial-details\"><img decoding=\"async\" src=\"http:\/\/norus-regnskap.no\/wp-content\/uploads\/2014\/04\/violetta-sorensen-w200-h200.jpg\" alt=\"Violetta S\u00f8rensen\" class=\"testimonial-img\" \/><div class=\"testimonial-misc \"><span class=\"tname\">Violetta S\u00f8rensen<\/span><span class=\"tposition\">Rektor og daglig leder for Prima Musikkskole AS<\/span><\/div><\/div><\/div><\/div>\n","protected":false},"excerpt":{"rendered":"","protected":false},"author":1,"featured_media":0,"parent":0,"menu_order":0,"comment_status":"closed","ping_status":"closed","template":"template-fullwidth.php","meta":{"_mi_skip_tracking":false,"_monsterinsights_sitenote_active":false,"_monsterinsights_sitenote_note":"","_monsterinsights_sitenote_category":0,"footnotes":""},"_links":{"self":[{"href":"https:\/\/norus-regnskap.no\/est\/wp-json\/wp\/v2\/pages\/21"}],"collection":[{"href":"https:\/\/norus-regnskap.no\/est\/wp-json\/wp\/v2\/pages"}],"about":[{"href":"https:\/\/norus-regnskap.no\/est\/wp-json\/wp\/v2\/types\/page"}],"author":[{"embeddable":true,"href":"https:\/\/norus-regnskap.no\/est\/wp-json\/wp\/v2\/users\/1"}],"replies":[{"embeddable":true,"href":"https:\/\/norus-regnskap.no\/est\/wp-json\/wp\/v2\/comments?post=21"}],"version-history":[{"count":3,"href":"https:\/\/norus-regnskap.no\/est\/wp-json\/wp\/v2\/pages\/21\/revisions"}],"predecessor-version":[{"id":428,"href":"https:\/\/norus-regnskap.no\/est\/wp-json\/wp\/v2\/pages\/21\/revisions\/428"}],"wp:attachment":[{"href":"https:\/\/norus-regnskap.no\/est\/wp-json\/wp\/v2\/media?parent=21"}],"curies":[{"name":"wp","href":"https:\/\/api.w.org\/{rel}","templated":true}]}}