		{"id":18,"date":"2015-05-18T13:07:36","date_gmt":"2015-05-18T13:07:36","guid":{"rendered":"http:\/\/norus-regnskap.no\/en\/?page_id=18"},"modified":"2021-04-23T08:11:13","modified_gmt":"2021-04-23T08:11:13","slug":"teenuse-hind","status":"publish","type":"page","link":"https:\/\/norus-regnskap.no\/est\/teenuse-hind\/","title":{"rendered":"Teenuse hind"},"content":{"rendered":"<h2 style=\"text-align: center; color: #bd0f0c;\"><strong>Pakume kahte t\u00fc\u00fcpi makses\u00fcsteeme<\/strong><\/h2>\n<p style=\"text-align: center;\"><strong>Meie teenuste hind s\u00f5ltub t\u00f6\u00f6 ulatusest ja teenustest, mida soovite meie ettev\u00f5ttele teha anda.<\/strong><br \/>\n<hr class=\"gw-divider clearboth\" \/>\n<div class='content-column one_half'><div class=\"liservice-block\"><div class=\"lis-icon\"><i class=\"fa-calendar\" ><\/i><\/div><div class=\"liservice-content\">\n<h3 style=\"text-align: left; color: #bd0f0c;\"><strong>Fikseeritud kuumakse<\/strong><\/h3>\n<h4>Millistele ettev\u00f5tetele see on m\u00f5eldud?<\/h4>\n<p>Kindel kuumakse on m\u00f5eldud k\u00f5igile ettev\u00f5tetele, kellel on stabiilne, prognoositav ja regulaarne sissetulevate ja v\u00e4ljaminevate dokumentide summa.<\/p>\n<h4>Kuidas arvutame oma kuumakse?<\/h4>\n<p>Koost\u00f6\u00f6d alustades lepime kokku teile osutatavate teenuste osas. Teie ettev\u00f5tte vormi, prognoositavate dokumentide hulga p\u00f5hjal lepime kokku muutumatu kuumakse.<\/p>\n<p><strong>Muutuva kuumakse valimise eelised:<\/strong>:<\/p>\n<ul>\n<li>Alati teate, mis on teie raamatupidamise makse.<\/li>\n<li>Saate osta p\u00f5hiteenuseid ja s\u00f5ltuvalt vajadusest valida t\u00e4iendavaid konsultatsioone v\u00f5i muid teenuseid.<\/li>\n<\/ul>\n<\/div><\/div><\/div><div class='content-column one_half last_column'><div class=\"liservice-block\"><div class=\"lis-icon\"><i class=\"fa-cogs\" ><\/i><\/div><div class=\"liservice-content\">\n<h3 style=\"text-align: left; color: #bd0f0c;\"><strong>Muutuv kuumakse<\/strong><\/h3>\n<h4>Millistele ettev\u00f5tetele see on m\u00f5eldud?<\/h4>\n<p>Muutuv kuumakse on m\u00f5eldud ettev\u00f5tetele, kellel on v\u00e4ga erinev sissetulevate ja v\u00e4ljaminevate dokumentide hulk, samuti neile, kes soovivad vastavalt vajadusele delegeerida lisa\u00fclesande meie raamatupidajatele.<\/p>\n<h4>Kuidas arvutame oma kuumakse?<\/h4>\n<p>Koost\u00f6\u00f6d alustades lepime kokku kuum\u00e4\u00e4ra ja arutame t\u00f6\u00f6 t\u00f5en\u00e4olise hulga ja selle muutlikkuse \u00fcle. Koostame informatiivseid prognoose kuumakse kohta erinevatel asjaoludel.<br \/>\nMaksate vastavalt meie raamatupidajate poolt teie ettev\u00f5tte teenindamisel tehtud t\u00f6\u00f6le.<\/p>\n<p><strong>Muutuva kuumakse valimise eelised:<\/strong><\/p>\n<ul>\n<li>Saate igal ajal delegeerida mis tahes \u00fclesande meie raamatupidajatele.<\/li>\n<li>Raamatupidamise makse on proportsionaalne teie ettev\u00f5tte tegevusega konkreetsel kuul.<\/li>\n<\/ul>\n<\/div><\/div><\/div><div class='clear_column'><\/div>\n<p style=\"text-align: center;\"><strong>S\u00f5ltumata teie valitud makseviisist suudame alati kokku leppida teenuse vormi muutmises ja vaadata \u00fcle ka meie teenuste tasumise, kui t\u00f6\u00f6 ulatus v\u00f5i teie ettev\u00f5tte vajadused muutuvad.<\/strong><\/p>\n<div class=\"clearboth\"><\/div><section class=\"cta\" style=\"border:1px solid #e4e4e4;background:#FFEDED;\">\n<p style=\"text-align: center;\"><strong>What to know more about our services? Ask! We will be happy to answer. <\/strong> <a href=\"https:\/\/norus-regnskap.no\/est\/vota-uhendust\/\" class=\"gw-btn gwb-red\" title=\"V\u00f5ta \u00fchendust\">V\u00f5ta \u00fchendust<i class=\"fa-arrow-circle-right\"><\/i><\/a>\n<p style=\"text-align: center;\"><\/section>\n","protected":false},"excerpt":{"rendered":"<p>Pakume kahte t\u00fc\u00fcpi makses\u00fcsteeme Meie teenuste hind s\u00f5ltub t\u00f6\u00f6 ulatusest ja teenustest, mida soovite meie ettev\u00f5ttele teha anda. S\u00f5ltumata teie valitud makseviisist suudame alati kokku leppida teenuse vormi muutmises ja vaadata \u00fcle ka meie teenuste tasumise, kui t\u00f6\u00f6 ulatus v\u00f5i teie ettev\u00f5tte vajadused muutuvad.<\/p>\n","protected":false},"author":1,"featured_media":0,"parent":0,"menu_order":0,"comment_status":"closed","ping_status":"closed","template":"template-fullwidth.php","meta":{"_mi_skip_tracking":false,"_monsterinsights_sitenote_active":false,"_monsterinsights_sitenote_note":"","_monsterinsights_sitenote_category":0,"footnotes":""},"_links":{"self":[{"href":"https:\/\/norus-regnskap.no\/est\/wp-json\/wp\/v2\/pages\/18"}],"collection":[{"href":"https:\/\/norus-regnskap.no\/est\/wp-json\/wp\/v2\/pages"}],"about":[{"href":"https:\/\/norus-regnskap.no\/est\/wp-json\/wp\/v2\/types\/page"}],"author":[{"embeddable":true,"href":"https:\/\/norus-regnskap.no\/est\/wp-json\/wp\/v2\/users\/1"}],"replies":[{"embeddable":true,"href":"https:\/\/norus-regnskap.no\/est\/wp-json\/wp\/v2\/comments?post=18"}],"version-history":[{"count":11,"href":"https:\/\/norus-regnskap.no\/est\/wp-json\/wp\/v2\/pages\/18\/revisions"}],"predecessor-version":[{"id":423,"href":"https:\/\/norus-regnskap.no\/est\/wp-json\/wp\/v2\/pages\/18\/revisions\/423"}],"wp:attachment":[{"href":"https:\/\/norus-regnskap.no\/est\/wp-json\/wp\/v2\/media?parent=18"}],"curies":[{"name":"wp","href":"https:\/\/api.w.org\/{rel}","templated":true}]}}