		{"id":15,"date":"2015-05-18T12:42:21","date_gmt":"2015-05-18T12:42:21","guid":{"rendered":"http:\/\/norus-regnskap.no\/en\/?page_id=15"},"modified":"2021-04-23T08:10:16","modified_gmt":"2021-04-23T08:10:16","slug":"valisettevote","status":"publish","type":"page","link":"https:\/\/norus-regnskap.no\/est\/valisettevote\/","title":{"rendered":"V\u00e4lisettev\u00f5te"},"content":{"rendered":"<p style=\"text-align: center;\"><strong>Aitame v\u00e4lisettev\u00f5tetel asutada ettev\u00f5te, selle filiaali v\u00f5i esinduse Norras.<\/strong><\/p>\n<p>Oleme aidanud paljudel Ida-Euroopa ettev\u00f5tetel Norras tegevust alustada ning osutame neile praegu t\u00e4isteenust pakkuvaid raamatupidamis- ja finantskonsultatsiooniteenuseid.<\/p>\n<p>Meie volitatud raamatupidajad oskavad mitut keelt, et saaksime teiega suhelda, kui te ei oska norra keelt, et oma huve Norras t\u00e4ielikult esindada.<\/p>\n<p>Pakume konsultatsioone enne teie ettev\u00f5tte asutamist ning pakume k\u00f5iki n\u00f5utavaid raamatupidamis- ja finantsteenuseid ettev\u00f5tte t\u00e4ielikuks toimimiseks Norras:<\/p>\n<ul>\n<li>Ettev\u00f5tte registreerimine Norras \u2013 Norra registreeritud v\u00e4lisettev\u00f5te (NUF);<\/li>\n<li>K\u00e4ibemaks &#8211; esindus;<\/li>\n<li>T\u00f6\u00f6tajate registreerimine Norras;<\/li>\n<li>ID-kaardi taotlemine;<\/li>\n<li>Arved;<\/li>\n<li>Tegevuseelarve planeerimine;<\/li>\n<li>Maksun\u00f5ustamisteenused.<\/li>\n<\/ul>\n<h2 style=\"color: #bd0f0c;\">Ettev\u00f5tte registreerimine Norras<\/h2>\n<p><img loading=\"lazy\" decoding=\"async\" class=\"alignright wp-image-306 size-full\" title=\"Registration of the company in Norway\" src=\"\/en\/wp-content\/uploads\/sites\/5\/2015\/05\/registration-of-the-company-in-norway-600x400.jpg\" alt=\"Registration of the company in Norway\" width=\"600\" height=\"430\" \/><br \/>\nAitame v\u00e4lisettev\u00f5tetel valida oma ettev\u00f5tte alustamiseks Norras teie esinduse v\u00f5i esinduse avamiseks k\u00f5ige sobivam ettev\u00f5tte vorm. N\u00f5ustame ettev\u00f5tte iga vormi erip\u00e4ra seoses maksude tasumise, raamatupidamise, finantsk\u00e4ibe ja muude ettev\u00f5tjatele oluliste k\u00fcsimustega.<\/p>\n<p>Valmistame ette k\u00f5ik vajalikud dokumendid, mis tuleb esitada br\u00f8nn\u00f8ysundi registrisse (br\u00f8nn\u00f8ysundregistrene) &#8211; asutuse nimi.<\/p>\n<p><strong>Registreerime j\u00e4rgmist t\u00fc\u00fcpi ettev\u00f5tteid:<\/strong><\/p>\n<ul>\n<li>Osa\u00fching (AS);<\/li>\n<li>V\u00e4lisettev\u00f5tte Norra filiaal (NUF).<\/li>\n<\/ul>\n<h2 style=\"color: #bd0f0c;\">Norras registreeritud v\u00e4lismaa ettev\u00f5te (NUF)<\/h2>\n<p>Norras \u00e4ritegevuse alustamiseks v\u00f5ite registreeruda Norra registreeritud v\u00e4lisettev\u00f5ttena (NUF), mis on spetsiaalselt v\u00e4lisettev\u00f5tetele m\u00f5eldud ettev\u00f5tte vorm.<\/p>\n<h3 style=\"color: #bd0f0c;\">Mis on NUF?<\/h3>\n<p>NUF on ettev\u00f5tte erivorm, mis on m\u00f5eldud v\u00e4lisettev\u00f5tjatele, kes soovivad Norras tegevust alustada. Nii registreerivad nad teie ettev\u00f5tte filiaali Norras, mille suhtes kehtivad Norra seadused ning maksude kogumise ja maksmise s\u00fcsteem.<\/p>\n<p>NUFi registreerimiseks ei ole vaja osakapitali.<\/p>\n<p>Meie spetsialistid selgitavad teile NUF-i olemust, sellele viitavaid \u00f5igusnorme ja aitavad teil NUF-i registreerimiseks ette valmistada k\u00f5ik vajalikud dokumendid.<\/p>\n<h2 style=\"color: #bd0f0c;\">K\u00e4ibemaksuesindaja Norras (k\u00e4ibemaksu esindus)<\/h2>\n<p>Norras oma kaupu ja teenuseid m\u00fc\u00fcvad ettev\u00f5tted, mille k\u00e4ive \u00fcletab 50 000 Norra krooni, tuleks registreerida k\u00e4ibemaksukohustuslastena.<br \/>\nKui te ei soovi oma Norras filiaali asutada, vajate esindajat &#8211; Norra k\u00e4ibemaksuesindajat.<\/p>\n<p>Pakume v\u00f5imalust olla teie ettev\u00f5tte esindaja Norras, kuna oleme k\u00e4ibemaksukohustuslane, kes on riigis registreeritud ja meil on \u00f5igus seda teenust pakkuda ja vastutada selle eest.<\/p>\n<p>Meie spetsialistid selgitavad teile Norras k\u00e4ibemaksuesindaja registreerimise korda, selle eeliseid ja puudusi, samuti k\u00f5iki teie ettev\u00f5tte igakuiste raamatupidamisk\u00fcsimuste, \u00f5iguste, v\u00f5imaluste ja kohustustega seotud protsesse.<\/p>\n<p style=\"text-align: center;\"><strong>Ta <a title=\"V\u00f5ta \u00fchendust\" href=\"https:\/\/norus-regnskap.no\/est\/vota-uhendust\/\">V\u00f5ta \u00fchendust<\/a> hvis du vil vite mer om denne muligheten!<\/strong><\/p>\n<h2 style=\"color: #bd0f0c;\">T\u00f6\u00f6tajate registreerimine Norras<img loading=\"lazy\" decoding=\"async\" class=\"alignright wp-image-311 size-full\" title=\"T\u00f6\u00f6tajate registreerimine Norras\" src=\"\/en\/wp-content\/uploads\/sites\/5\/2015\/05\/registration-of-employees-in-norway-600x400.jpg\" alt=\"T\u00f6\u00f6tajate registreerimine Norras\" width=\"600\" height=\"400\" \/><\/h2>\n<p>Seaduse kohaselt peaksid k\u00f5ik teie ettev\u00f5tte palgat\u00f6\u00f6tajad Norras olema registreeritud t\u00f6\u00f6andjate ja t\u00f6\u00f6tajate registris.<\/p>\n<p>Iga t\u00f6\u00f6taja, kes t\u00f6\u00f6tab kauem kui 7 p\u00e4eva ja 4 tundi n\u00e4dalas, tuleks registreerida riiklikus registris. Samuti peaks igal Norras t\u00f6\u00f6taval isikul olema oma ID-kaart.<\/p>\n<p>Aitame teie t\u00f6\u00f6taja registreerimiseks ette valmistada k\u00f5ik dokumendid. Samuti n\u00f5ustame ja teavitame teid ettev\u00f5tte v\u00f5i selle t\u00f6\u00f6tajana k\u00f5igist t\u00f6\u00f6taja ja t\u00f6\u00f6andja kohustustest vastavalt Norra seadustele.<\/p>\n<h2 style=\"color: #bd0f0c;\">ID-kaardi taotlemine<\/h2>\n<p>Igal Norra palgalisel peaks olema oma ID-kaart.<\/p>\n<p>Tagame k\u00f5igi dokumentide esitamise ettev\u00f5tte staatuse saamiseks, kellel on \u00f5igus n\u00f5uda t\u00f6\u00f6tajatele ID-kaarte, samuti valmistame ette k\u00f5ik vajalikud dokumendid, et taotleda ID-kaarti teie ettev\u00f5tte igale t\u00f6\u00f6tajale.<\/p>\n<h2 style=\"color: #bd0f0c;\">Arved<\/h2>\n<p>Pakume arveldusteenust ja arvete edastamist nende aadressidele e-posti v\u00f5i posti teel. Ainus asi, mida peate tegema, on teavitada meid oma arve sisust &#8211; \u00fclej\u00e4\u00e4nu teeme teie eest. Postitame v\u00e4ljastatud arved kohe ja j\u00e4lgime soovi korral nende makseseisundit.<\/p>\n<h2 style=\"color: #bd0f0c;\">Tegevuseelarve planeerimine<\/h2>\n<p>T\u00e4nu meie teadmistele Norra maksus\u00fcsteemist, seadustest, kogemusest koost\u00f6\u00f6s teiste ettev\u00f5tetega ja teadmistega finantsvaldkonnas aitame teil planeerida teie ettev\u00f5tte eelarvet.<\/p>\n<p>Meie spetsialistid n\u00f5ustavad teid ja aitavad teil luua k\u00f5ige t\u00f5husama eelarvekava, et Norra turule sisenemisel saaksite seda sammu \u00f5igustada v\u00e4ikeste ja suuremate finantsplaanide t\u00e4itmisel.<\/p>\n<h2 style=\"color: #bd0f0c;\">Maksun\u00f5ustamisteenused<\/h2>\n<p>N\u00f5ustame Norra maksu tasumise ja optimeerimise k\u00fcsimustes v\u00e4lisettev\u00f5tteid.<\/p>\n<p>Koostame maksuaruanded vastavalt kasumiaruande 1 ja kasumiaruande 2 n\u00f5uetele, et saaksite need \u00f5igeaegselt esitada. Tuginedes meie kogemustele Norras ja erialastele teadmistele, aitame koostada teie ettev\u00f5tte spetsiifikale vastava maksukava, mis on eriti oluline rahvusvahelise kaubandusettev\u00f5tte jaoks ja<\/p>\n<p style=\"text-align: center;\"><strong>Meie kliendid v\u00f5ivad meiega igal ajal \u00fchendust v\u00f5tta, et saada vastuseid oma k\u00fcsimustele v\u00f5i broneerida kohtumine strateegilisteks konsultatsioonideks. <\/strong><\/p>\n","protected":false},"excerpt":{"rendered":"<p>Aitame v\u00e4lisettev\u00f5tetel asutada ettev\u00f5te, selle filiaali v\u00f5i esinduse Norras. Oleme aidanud paljudel Ida-Euroopa ettev\u00f5tetel Norras tegevust alustada ning osutame neile praegu t\u00e4isteenust pakkuvaid raamatupidamis- ja finantskonsultatsiooniteenuseid. Meie volitatud raamatupidajad oskavad mitut keelt, et saaksime teiega suhelda, kui te ei oska norra keelt, et oma huve Norras t\u00e4ielikult esindada. Pakume konsultatsioone enne teie ettev\u00f5tte asutamist ning [&hellip;]<\/p>\n","protected":false},"author":1,"featured_media":0,"parent":0,"menu_order":0,"comment_status":"closed","ping_status":"closed","template":"template-fullwidth.php","meta":{"_mi_skip_tracking":false,"_monsterinsights_sitenote_active":false,"_monsterinsights_sitenote_note":"","_monsterinsights_sitenote_category":0,"footnotes":""},"_links":{"self":[{"href":"https:\/\/norus-regnskap.no\/est\/wp-json\/wp\/v2\/pages\/15"}],"collection":[{"href":"https:\/\/norus-regnskap.no\/est\/wp-json\/wp\/v2\/pages"}],"about":[{"href":"https:\/\/norus-regnskap.no\/est\/wp-json\/wp\/v2\/types\/page"}],"author":[{"embeddable":true,"href":"https:\/\/norus-regnskap.no\/est\/wp-json\/wp\/v2\/users\/1"}],"replies":[{"embeddable":true,"href":"https:\/\/norus-regnskap.no\/est\/wp-json\/wp\/v2\/comments?post=15"}],"version-history":[{"count":17,"href":"https:\/\/norus-regnskap.no\/est\/wp-json\/wp\/v2\/pages\/15\/revisions"}],"predecessor-version":[{"id":422,"href":"https:\/\/norus-regnskap.no\/est\/wp-json\/wp\/v2\/pages\/15\/revisions\/422"}],"wp:attachment":[{"href":"https:\/\/norus-regnskap.no\/est\/wp-json\/wp\/v2\/media?parent=15"}],"curies":[{"name":"wp","href":"https:\/\/api.w.org\/{rel}","templated":true}]}}