		{"id":12,"date":"2015-05-18T12:03:43","date_gmt":"2015-05-18T12:03:43","guid":{"rendered":"http:\/\/norus-regnskap.no\/en\/?page_id=12"},"modified":"2020-02-07T13:06:08","modified_gmt":"2020-02-07T13:06:08","slug":"accounting-services","status":"publish","type":"page","link":"https:\/\/norus-regnskap.no\/en\/accounting-services\/","title":{"rendered":"Accounting services"},"content":{"rendered":"<p><img loading=\"lazy\" decoding=\"async\" class=\"alignright wp-image-248 size-full\" title=\"Accounting services\" src=\"\/en\/wp-content\/uploads\/sites\/5\/2015\/05\/accounting-services-w600px.jpg\" alt=\"Accounting services\" width=\"600\" height=\"400\" \/><strong>We provide full-service accounting services for small and medium companies in Norway. <\/strong><\/p>\n<p><strong>Our accounting services:<\/strong><\/p>\n<ul>\n<li>Accounting services from A to Z;<\/li>\n<li>Company registration;<\/li>\n<li>Tax advisory services;<\/li>\n<li>Budgeting;<\/li>\n<li>Invoicing, reminders and debt collection;<\/li>\n<li>Corporate income tax return;<\/li>\n<li>Annual accounts;<\/li>\n<\/ul>\n<h2 style=\"color: #bd0f0c\">Accounting services from A to Z<\/h2>\n<p>We provide full-service accounting services according to the Norwegian law. Norus Accounting is a member of NARF, which certifies the quality of accounting services provided by our company and their compliance with Norwegian standards.<\/p>\n<p>We perform all the accounting services related to principal operations of your company \u2013 calculation of taxes to be paid, preparation of a VAT return, calculations of staff\u2019s wages, all incoming and outgoing invoices, posting of consignment notes.<\/p>\n<p>Our team includes authorized accountants experienced in provision of accounting services to companies in different fields in Norway, as well as international companies and branches of international companies in Norway.<\/p>\n<p><strong>In addition to basic accounting services we offer services, which can save your time and facilitate your company\u2019s financial reporting.<\/strong><\/p>\n<h2 style=\"color: #bd0f0c\">Company registration<\/h2>\n<p>We advise on the most appropriate form of your company according to the planned business specifics, turnover and type of services. We prepare all the necessary documents and will help to register your new company.<\/p>\n<p><strong>We register all types of companies:<\/strong><\/p>\n<ul>\n<li>Sole proprietorship;<\/li>\n<li>Limited company (AS);<\/li>\n<li>Public limited company (ASA);<\/li>\n<li>Norwegian branch of a foreign company (NUF).<\/li>\n<\/ul>\n<div class=\"iconbox\" style=\"background:#FFEDED;color:#000000;\">\n<p style=\"text-align: center\"><strong> We also specialize in the provision of accounting services to foreign companies, which wish to start or have already started their business in Norway.<\/strong> <a href=\"http:\/\/norus-regnskap.no\/en\/foreign-company-services-for-foreign-undertakings\/\" class=\"gw-btn gwb-red\" title=\"Learn more\">Learn more<i class=\"fa-arrow-circle-right\"><\/i><\/a>\n<\/div>\n<h2 style=\"color: #bd0f0c\">Tax advisory services<\/h2>\n<p>We provide consultations regarding accounting and company tax matters \u2013 tax optimization, tax payment flow regulation.<\/p>\n<p>We help to prepare tax reports according to the requirements of Income Statement 1 and Income Statement 2 and to submit them on time. We help to optimize company taxes and to create a tax plan according to the specifics of your company, which is especially important for trading companies and companies having international partners, clients and suppliers.<\/p>\n<p><strong>Our clients<\/strong> can contact us at any time to get answers to their questions or to book an appointment for strategic consultations.<\/p>\n<h2 style=\"color: #bd0f0c\">Budgeting<\/h2>\n<p>We help to plan company\u2019s budget and financial flow, which meets the specifics, seasonality, goals of your company, and so on.<\/p>\n<p>Professional budget planning will allow you to control company\u2019s financial results, performance and the achievement of set goals.<\/p>\n<h2 style=\"color: #bd0f0c\">Invoicing, reminders and debt collection<\/h2>\n<p><img loading=\"lazy\" decoding=\"async\" class=\"alignright wp-image-275 size-full\" title=\"Budgeting\" src=\"\/en\/wp-content\/uploads\/sites\/5\/2015\/05\/budgeting-w600x400px.jpg\" alt=\"Budgeting\" width=\"600\" height=\"400\" \/><br \/>\nWe issue invoices and send them to addressees according to your requirements \u2013 by post or via e-mail. In addition, we can monitor on-time payment of customer invoices. We contact customers and remind them to pay invoices, if required.<\/p>\n<p>For example, every month we ensure preparation and sending of a private kindergarten invoice \u2013 we calculate the amount of each invoice; we prepare, send and control payment status.<\/p>\n<h2 style=\"color: #bd0f0c\">Corporate income tax return<\/h2>\n<p>We help to prepare annual tax returns for private persons for submission to tax office (skatteetaten) \u2013 name of the establishment. All you need to do is to carefully collect and tore all the respective cheques during the year in order to transfer them to our specialist. He or she will complete the tax return instead of you. You will save your time, as well as avoid unpleasant situations, which can occur, when you submit it incorrectly or incompletely.<\/p>\n<h2 style=\"color: #bd0f0c\">Annual accounts<\/h2>\n<p>According to the Norwegian law, when we prepare an annual report, we include management report, financial performance indicators, company structure, general business description, position in the market, financial condition, profit and loss and cash flow.<\/p>\n<p>We prepare an annual report for all types of companies \u2013 sole proprietorship, limited company (AS), public limited company (ASA) and Norwegian branch of a foreign company (NUF).<\/p>\n<p>Our authorized accountants have knowledge and experience in preparation of annual reports for companies which are operating in different fields and having different business specifics.<\/p>\n<p>Also, if your company\u2019s accounting is made by other company or person, you can order preparation of your annual report from Norus Accounting.<\/p>\n<h2 style=\"color: #bd0f0c\">\u00c5rsoppgj\u00f8r<\/h2>\n<p>I samsvar med det norske regelverket ved utarbeidelse av \u00e5rsoppgj\u00f8r inkluderer vi ledelsesbrevet, en generell beskrivelse av virksomheten, informasjon om finansielle prestasjonsm\u00e5l, organisasjonsstruktur, markedsposisjon, finansiell stilling, resultatregnskap og kontantstr\u00f8m.<\/p>\n<p><strong>Vi utarbeider \u00e5rsoppgj\u00f8r til alle type foretak:<\/strong><\/p>\n<ul>\n<li>Enkeltpersonforetak;<\/li>\n<li>Aksjeselskap (AS);<\/li>\n<li>Allmennaksjeselskap (ASA);<\/li>\n<li>Norskregistrert utenlandsk foretak (NUF).<\/li>\n<\/ul>\n<p>V\u00e5re regnskapsf\u00f8rere har kunnskap og erfaring med utarbeidelse av \u00e5rsoppgj\u00f8r fra forskjellige typer selskaper med ulike selskapsformer, og som driver i ulike bransjer.<\/p>\n<p>Selv om ditt foretaks regnskap blir f\u00f8rt av et annet selskap eller person, kan du bestille utarbeidelse av \u00e5rsoppgj\u00f8r fra Norus Regnskapsbyr\u00e5.<\/p>\n<p>&nbsp;<\/p>\n<div class=\"clearboth\"><\/div><section class=\"cta\" style=\"border:1px solid #e4e4e4;background:#FFEDED;\">\n<p style=\"text-align: center\"><strong>Learn more about any of the accounting services we offer.<\/strong> <a href=\"http:\/\/norus-regnskap.no\/en\/contact\/\" class=\"gw-btn gwb-red\" title=\"Contact us\">Contact us<i class=\"fa-arrow-circle-right\"><\/i><\/a>\n<\/section>\n","protected":false},"excerpt":{"rendered":"<p>We provide full-service accounting services for small and medium companies in Norway. Our accounting services: Accounting services from A to Z; Company registration; Tax advisory services; Budgeting; Invoicing, reminders and debt collection; Corporate income tax return; Annual accounts; Accounting services from A to Z We provide full-service accounting services according to the Norwegian law. Norus [&hellip;]<\/p>\n","protected":false},"author":1,"featured_media":0,"parent":0,"menu_order":0,"comment_status":"closed","ping_status":"closed","template":"template-fullwidth.php","meta":{"_mi_skip_tracking":false,"_monsterinsights_sitenote_active":false,"_monsterinsights_sitenote_note":"","_monsterinsights_sitenote_category":0,"footnotes":""},"_links":{"self":[{"href":"https:\/\/norus-regnskap.no\/en\/wp-json\/wp\/v2\/pages\/12"}],"collection":[{"href":"https:\/\/norus-regnskap.no\/en\/wp-json\/wp\/v2\/pages"}],"about":[{"href":"https:\/\/norus-regnskap.no\/en\/wp-json\/wp\/v2\/types\/page"}],"author":[{"embeddable":true,"href":"https:\/\/norus-regnskap.no\/en\/wp-json\/wp\/v2\/users\/1"}],"replies":[{"embeddable":true,"href":"https:\/\/norus-regnskap.no\/en\/wp-json\/wp\/v2\/comments?post=12"}],"version-history":[{"count":6,"href":"https:\/\/norus-regnskap.no\/en\/wp-json\/wp\/v2\/pages\/12\/revisions"}],"predecessor-version":[{"id":281,"href":"https:\/\/norus-regnskap.no\/en\/wp-json\/wp\/v2\/pages\/12\/revisions\/281"}],"wp:attachment":[{"href":"https:\/\/norus-regnskap.no\/en\/wp-json\/wp\/v2\/media?parent=12"}],"curies":[{"name":"wp","href":"https:\/\/api.w.org\/{rel}","templated":true}]}}